{"id":4023,"date":"2025-10-15T12:06:40","date_gmt":"2025-10-15T12:06:40","guid":{"rendered":"https:\/\/buyegglass.com\/?post_type=product&#038;p=4023"},"modified":"2025-10-15T12:08:48","modified_gmt":"2025-10-15T12:08:48","slug":"esbw2376-eg-glass-eyeball-claw-glass-bong-bowl-promo-code","status":"publish","type":"product","link":"https:\/\/buyegglass.com\/pt\/product\/esbw2376-eg-glass-eyeball-claw-glass-bong-bowl-promo-code\/","title":{"rendered":"ESBW2376 EG Glass Eyeball Claw Glass Bong Bowl C\u00f3digo promocional"},"content":{"rendered":"<h2 id=\"esbw2376-eg-glass-eyeball-claw-bong-dish\">ESBW2376 EG Glass Tigela para bongo de vidro com garra de globo ocular<\/h2>\n<p>Acrescente um toque \u00fanico e assustadoramente agrad\u00e1vel ao seu bongo com o ESBW2376 EG Glass Bong Bowl Eyeball Claw Bong Dish, atualmente dispon\u00edvel com um c\u00f3digo promocional! Este prato extraordin\u00e1rio \u00e9 um verdadeiro iniciador de discuss\u00e3o, feito para parecer um globo ocular ensanguentado segurado amea\u00e7adoramente por um conjunto de garras vibrantes e realizadoras. Cada tigela apresenta um globo ocular branco razo\u00e1vel com vasos sangu\u00edneos vermelhos complexos e um estudante escuro, fabricado em vidro de alta qualidade.<\/p>\n<p>Bong Bowl \u00c0 volta do globo ocular, cinco garras de vidro \u00fanicas, de cores vivas, em tons como amarelo, preto, ecol\u00f3gico ou azul, agarram o prato, produzindo um visual impressionante e algo assustador. O elo inferior tem uma dimens\u00e3o convencional, com uma haste de cor a condizer para uma inser\u00e7\u00e3o muito f\u00e1cil no seu bongo. Oferecidas numa gama de tonalidades de caule - azul, rosa, escuro e amigo do ambiente, preto, claro e amigo do ambiente e roxo - estas ta\u00e7as permitem um toque individualizado ao seu arranjo. Robusto e com uma descri\u00e7\u00e3o requintada, este dispositivo \u00fanico \u00e9 excelente para quem gosta de expressar a sua individualidade e incluir um toque macabro ou caprichoso na sua cole\u00e7\u00e3o de tabaco. Pegue j\u00e1 no seu e fa\u00e7a com que o seu bongo chame realmente a aten\u00e7\u00e3o!<\/p>","protected":false},"excerpt":{"rendered":"<p>Grab the ESBW2376 EG Glass Eyeball Claw Bong Bowl with a promo code! This unique glass bowl features a detailed, bloodshot eyeball held by vibrant claws, with a matching colored stem. Add a spooky or whimsical touch to your bong.<\/p>","protected":false},"featured_media":4031,"comment_status":"open","ping_status":"closed","template":"","meta":[],"product_brand":[],"product_cat":[45],"product_tag":[421,420,422],"class_list":{"0":"post-4023","1":"product","2":"type-product","3":"status-publish","4":"has-post-thumbnail","6":"product_cat-bong-bowls-slides","7":"product_tag-claw-bong-bowl","8":"product_tag-eyeball-bong-bowl","9":"product_tag-glass-bong-accessory","11":"first","12":"instock","13":"shipping-taxable","14":"purchasable","15":"product-type-variable"},"_links":{"self":[{"href":"https:\/\/buyegglass.com\/pt\/wp-json\/wp\/v2\/product\/4023","targetHints":{"allow":["GET"]}}],"collection":[{"href":"https:\/\/buyegglass.com\/pt\/wp-json\/wp\/v2\/product"}],"about":[{"href":"https:\/\/buyegglass.com\/pt\/wp-json\/wp\/v2\/types\/product"}],"replies":[{"embeddable":true,"href":"https:\/\/buyegglass.com\/pt\/wp-json\/wp\/v2\/comments?post=4023"}],"wp:featuredmedia":[{"embeddable":true,"href":"https:\/\/buyegglass.com\/pt\/wp-json\/wp\/v2\/media\/4031"}],"wp:attachment":[{"href":"https:\/\/buyegglass.com\/pt\/wp-json\/wp\/v2\/media?parent=4023"}],"wp:term":[{"taxonomy":"product_brand","embeddable":true,"href":"https:\/\/buyegglass.com\/pt\/wp-json\/wp\/v2\/product_brand?post=4023"},{"taxonomy":"product_cat","embeddable":true,"href":"https:\/\/buyegglass.com\/pt\/wp-json\/wp\/v2\/product_cat?post=4023"},{"taxonomy":"product_tag","embeddable":true,"href":"https:\/\/buyegglass.com\/pt\/wp-json\/wp\/v2\/product_tag?post=4023"}],"curies":[{"name":"wp","href":"https:\/\/api.w.org\/{rel}","templated":true}]}}