{"id":3986,"date":"2025-10-15T11:36:31","date_gmt":"2025-10-15T11:36:31","guid":{"rendered":"https:\/\/buyegglass.com\/?post_type=product&#038;p=3986"},"modified":"2025-10-15T11:36:31","modified_gmt":"2025-10-15T11:36:31","slug":"custom-eg-21-cactus-wig-wag-ball-rig-limited-time-offer","status":"publish","type":"product","link":"https:\/\/buyegglass.com\/pt\/product\/custom-eg-21-cactus-wig-wag-ball-rig-limited-time-offer\/","title":{"rendered":"Oferta por tempo limitado de equipamento personalizado EG-21 Cactus Wig Wag Ball Rig"},"content":{"rendered":"<h2 id=\"custom-made-eg-21-cactus-wig-wag-sphere-rig\">Cabeleira EG-21 Cactus feita \u00e0 medida, com equipamento de esfera<\/h2>\n<p>Desencadeia uma experi\u00eancia de fumar cigarros absolutamente distinta com o Custom EG-21 Cactus Wig Wag Sphere Rig, oferecido por um per\u00edodo de tempo limitado! Este extraordin\u00e1rio equipamento de vidro atrai as aten\u00e7\u00f5es com o seu design intrincado e detalhes vibrantes. Cada equipamento inclui uma base de vidro forte e transparente para seguran\u00e7a, que conduz a uma sofisticada c\u00e2mara redonda com padr\u00e3o wig-wag. Esta esfera principal apresenta redemoinhos hipnotizantes de sombra, complementados por acess\u00f3rios detalhados de cactos de vidro amigos do ambiente que se torcem \u00e0 sua volta, incluindo um toque de atra\u00e7\u00e3o pelo deserto.<\/p>\n<p>Os equipamentos s\u00e3o real\u00e7ados de forma magn\u00edfica com detalhes em p\u00farpura ou amarelo, que se encontram na boquilha, nos pontos de liga\u00e7\u00e3o e na pega moderna do banger de vidro transparente. A estrutura cuidadosamente concebida garante uma filtragem \u00f3ptima e uma tra\u00e7\u00e3o suave. Fabricadas em vidro borossilicato de alta qualidade, estas engrenagens n\u00e3o s\u00e3o apenas esteticamente deslumbrantes, mas tamb\u00e9m dur\u00e1veis e constru\u00eddas para durar. Perfeitas para coleccionadores e fan\u00e1ticos que procuram uma obra-prima funcional que combina um trabalho complexo em vidro com um tema extravagante.<\/p>","protected":false},"excerpt":{"rendered":"<p>Experience the Custom EG-21 Cactus Wig Wag Ball Rig. This limited edition clear glass rig features a unique wig-wag patterned ball, green cactus adornments, and vibrant purple or yellow accents on the mouthpiece and banger handle. A stunning and functional art piece.<\/p>","protected":false},"featured_media":3989,"comment_status":"open","ping_status":"closed","template":"","meta":[],"product_brand":[],"product_cat":[15],"product_tag":[409,283,408],"class_list":{"0":"post-3986","1":"product","2":"type-product","3":"status-publish","4":"has-post-thumbnail","6":"product_cat-uncategorized","7":"product_tag-ball-rig","8":"product_tag-cactus-glass-rig","9":"product_tag-wig-wag-rig","11":"first","12":"instock","13":"shipping-taxable","14":"purchasable","15":"product-type-variable"},"_links":{"self":[{"href":"https:\/\/buyegglass.com\/pt\/wp-json\/wp\/v2\/product\/3986","targetHints":{"allow":["GET"]}}],"collection":[{"href":"https:\/\/buyegglass.com\/pt\/wp-json\/wp\/v2\/product"}],"about":[{"href":"https:\/\/buyegglass.com\/pt\/wp-json\/wp\/v2\/types\/product"}],"replies":[{"embeddable":true,"href":"https:\/\/buyegglass.com\/pt\/wp-json\/wp\/v2\/comments?post=3986"}],"wp:featuredmedia":[{"embeddable":true,"href":"https:\/\/buyegglass.com\/pt\/wp-json\/wp\/v2\/media\/3989"}],"wp:attachment":[{"href":"https:\/\/buyegglass.com\/pt\/wp-json\/wp\/v2\/media?parent=3986"}],"wp:term":[{"taxonomy":"product_brand","embeddable":true,"href":"https:\/\/buyegglass.com\/pt\/wp-json\/wp\/v2\/product_brand?post=3986"},{"taxonomy":"product_cat","embeddable":true,"href":"https:\/\/buyegglass.com\/pt\/wp-json\/wp\/v2\/product_cat?post=3986"},{"taxonomy":"product_tag","embeddable":true,"href":"https:\/\/buyegglass.com\/pt\/wp-json\/wp\/v2\/product_tag?post=3986"}],"curies":[{"name":"wp","href":"https:\/\/api.w.org\/{rel}","templated":true}]}}