{"id":3951,"date":"2025-10-15T11:12:13","date_gmt":"2025-10-15T11:12:13","guid":{"rendered":"https:\/\/buyegglass.com\/?post_type=product&#038;p=3951"},"modified":"2025-10-15T11:12:13","modified_gmt":"2025-10-15T11:12:13","slug":"bonsai-series-cherry-tree-pot-hand-pipe-limited-time-offer","status":"publish","type":"product","link":"https:\/\/buyegglass.com\/pt\/product\/bonsai-series-cherry-tree-pot-hand-pipe-limited-time-offer\/","title":{"rendered":"Bonsai Series-Cherry Tree Pot Hand Pipe Oferta por tempo limitado"},"content":{"rendered":"<h2 id=\"bonsai-series-cherry-tree-pot-hand-pipeline\">S\u00e9rie Bonsai - Pote de Cerejeira Pipeline manual<\/h2>\n<p>Aceite o estilo org\u00e2nico com o cachimbo de m\u00e3o Bonsai Collection Cherry Tree Pot. Esta bela cole\u00e7\u00e3o proporciona uma experi\u00eancia distinta de fumar um cigarro, misturando virtuosismo com funcionalidade. Cada cachimbo de m\u00e3o \u00e9 cuidadosamente trabalhado para se parecer com uma pequena cerejeira, com uma \"folhagem\" intrincada e distinta em cores abundantes como o vermelho vinho profundo, o castanho terra, o verde rico e o azul escuro, todos adornados com fr\u00e1geis \"cerejas\" vermelhas. O tronco da \u00e1rvore move-se para uma base lisa e vibrante em forma de vaso, prontamente dispon\u00edvel, por outro lado, em tons de luz ecol\u00f3gica, azul celeste, branco n\u00edtido e preto cl\u00e1ssico. Fabricadas em vidro de primeira qualidade, estas condutas de vers\u00e3o restrita n\u00e3o s\u00e3o apenas acess\u00f3rios para fumar cigarros, mas verdadeiras pe\u00e7as de cole\u00e7\u00e3o, ideais para quem aprecia uma disposi\u00e7\u00e3o distinta e um acabamento melhorado. Uma melhoria deslumbrante para qualquer tipo de cole\u00e7\u00e3o ou um presente atencioso para os amantes.<\/p>","protected":false},"excerpt":{"rendered":"<p>Discover the Bonsai Series Cherry Tree Pot Hand Pipe. This limited edition glass pipe features a detailed cherry tree design with a dark red canopy and a white pot base. A unique and artistic smoking accessory for collectors.<\/p>","protected":false},"featured_media":3952,"comment_status":"open","ping_status":"closed","template":"","meta":[],"product_brand":[],"product_cat":[43],"product_tag":[397,398,138],"class_list":{"0":"post-3951","1":"product","2":"type-product","3":"status-publish","4":"has-post-thumbnail","6":"product_cat-hand-pipe","7":"product_tag-bonsai-pipe","8":"product_tag-cherry-tree-pipe","9":"product_tag-glass-hand-pipe","11":"first","12":"instock","13":"shipping-taxable","14":"purchasable","15":"product-type-variable"},"_links":{"self":[{"href":"https:\/\/buyegglass.com\/pt\/wp-json\/wp\/v2\/product\/3951","targetHints":{"allow":["GET"]}}],"collection":[{"href":"https:\/\/buyegglass.com\/pt\/wp-json\/wp\/v2\/product"}],"about":[{"href":"https:\/\/buyegglass.com\/pt\/wp-json\/wp\/v2\/types\/product"}],"replies":[{"embeddable":true,"href":"https:\/\/buyegglass.com\/pt\/wp-json\/wp\/v2\/comments?post=3951"}],"wp:featuredmedia":[{"embeddable":true,"href":"https:\/\/buyegglass.com\/pt\/wp-json\/wp\/v2\/media\/3952"}],"wp:attachment":[{"href":"https:\/\/buyegglass.com\/pt\/wp-json\/wp\/v2\/media?parent=3951"}],"wp:term":[{"taxonomy":"product_brand","embeddable":true,"href":"https:\/\/buyegglass.com\/pt\/wp-json\/wp\/v2\/product_brand?post=3951"},{"taxonomy":"product_cat","embeddable":true,"href":"https:\/\/buyegglass.com\/pt\/wp-json\/wp\/v2\/product_cat?post=3951"},{"taxonomy":"product_tag","embeddable":true,"href":"https:\/\/buyegglass.com\/pt\/wp-json\/wp\/v2\/product_tag?post=3951"}],"curies":[{"name":"wp","href":"https:\/\/api.w.org\/{rel}","templated":true}]}}