{"id":3821,"date":"2025-09-26T10:03:53","date_gmt":"2025-09-26T10:03:53","guid":{"rendered":"https:\/\/buyegglass.com\/?post_type=product&#038;p=3821"},"modified":"2025-10-20T07:47:51","modified_gmt":"2025-10-20T07:47:51","slug":"beaker-bongs-es24869-8-inch-clear-unbreakable-beaker-buy","status":"publish","type":"product","link":"https:\/\/buyegglass.com\/pt\/product\/beaker-bongs-es24869-8-inch-clear-unbreakable-beaker-buy\/","title":{"rendered":"Bongos Beaker ES24869 Bongos inquebr\u00e1veis transparentes de 8 polegadas Comprar"},"content":{"rendered":"<h2>Bongos Beaker ES24869 Bongos inquebr\u00e1veis transparentes de 8 polegadas<\/h2>\n<p>Os Bongos Beaker ES24869 s\u00e3o feitos para a longevidade e benef\u00edcio di\u00e1rio. Com 8 polegadas de altura, este item apresenta um estilo b\u00e1sico, mas fi\u00e1vel, fabricado em vidro borossilicato espesso, tornando-o suficientemente s\u00f3lido para lidar com o uso repetido sem compromisso. O seu acabamento transparente real\u00e7a as linhas simples e o aspeto intemporal, proporcionando-lhe desempenho e atra\u00e7\u00e3o visual.<\/p>\n<p>A base grande do copo garante uma estabilidade adicional durante as sess\u00f5es, reduzindo a amea\u00e7a de queda. Inclui um tubo inferior amov\u00edvel e um prato de vidro a condizer, para um fluxo de ar suave e uma limpeza f\u00e1cil. A junta angular proporciona uma ader\u00eancia confort\u00e1vel, enquanto o bocal alargado inclui uma veda\u00e7\u00e3o segura e confort\u00e1vel para cada batida.<\/p>\n<p>Fun\u00e7\u00f5es de truque<\/p>\n<p>Dimens\u00e3o compacta de 8 polegadas, perfeita para utiliza\u00e7\u00e3o di\u00e1ria<\/p>\n<p>Constru\u00e7\u00e3o em vidro borossilicato de alta qualidade para m\u00e1xima robustez<\/p>\n<p>Design em vidro transparente para uma est\u00e9tica tradicional e minimalista<\/p>\n<p>Base de copo larga para maior seguran\u00e7a<\/p>\n<p>Haste inferior amov\u00edvel e prato de vidro para uma limpeza f\u00e1cil e conveniente<\/p>\n<p>Boquilha alargada para uma extra\u00e7\u00e3o suave e confort\u00e1vel<\/p>\n<p>Quer esteja \u00e0 procura de uma pe\u00e7a m\u00f3vel para ter em casa ou de uma alternativa forte para viajar, o ES24869 fornece ambos. O seu formato pequeno torna-o f\u00e1cil de comprar e transportar, ao mesmo tempo que oferece a efici\u00eancia de bongos maiores.<\/p>\n<p>Este bongo Beaker Bongs \u00e9 ideal para os fumadores que desejam uma pe\u00e7a descomplicada e resistente, sem floreados desnecess\u00e1rios. A constru\u00e7\u00e3o s\u00f3lida de alta qualidade garante a sua durabilidade, enquanto o vidro transparente de borosilicato o mant\u00e9m festinante e elegante.<\/p>\n<p>Actualize a sua cole\u00e7\u00e3o com este bongo de copo de confian\u00e7a e desfrute sempre de sess\u00f5es despreocupadas.<\/p>","protected":false},"excerpt":{"rendered":"<p>Beaker Bongs ES24869 8 Inch Clear Unbreakable Beaker combines a simple, sturdy design with high-quality borosilicate glass. Its compact size makes it portable and easy to handle, while the wide base ensures stability during use. Perfect for daily sessions with smooth, reliable performance.<\/p>","protected":false},"featured_media":3823,"comment_status":"open","ping_status":"closed","template":"","meta":[],"product_brand":[],"product_cat":[39],"product_tag":[367,226,366],"class_list":{"0":"post-3821","1":"product","2":"type-product","3":"status-publish","4":"has-post-thumbnail","6":"product_cat-beaker-bongs","7":"product_tag-8-inch-bong","8":"product_tag-beaker-bong","9":"product_tag-clear-glass-bong","11":"first","12":"instock","13":"shipping-taxable","14":"purchasable","15":"product-type-variable"},"_links":{"self":[{"href":"https:\/\/buyegglass.com\/pt\/wp-json\/wp\/v2\/product\/3821","targetHints":{"allow":["GET"]}}],"collection":[{"href":"https:\/\/buyegglass.com\/pt\/wp-json\/wp\/v2\/product"}],"about":[{"href":"https:\/\/buyegglass.com\/pt\/wp-json\/wp\/v2\/types\/product"}],"replies":[{"embeddable":true,"href":"https:\/\/buyegglass.com\/pt\/wp-json\/wp\/v2\/comments?post=3821"}],"wp:featuredmedia":[{"embeddable":true,"href":"https:\/\/buyegglass.com\/pt\/wp-json\/wp\/v2\/media\/3823"}],"wp:attachment":[{"href":"https:\/\/buyegglass.com\/pt\/wp-json\/wp\/v2\/media?parent=3821"}],"wp:term":[{"taxonomy":"product_brand","embeddable":true,"href":"https:\/\/buyegglass.com\/pt\/wp-json\/wp\/v2\/product_brand?post=3821"},{"taxonomy":"product_cat","embeddable":true,"href":"https:\/\/buyegglass.com\/pt\/wp-json\/wp\/v2\/product_cat?post=3821"},{"taxonomy":"product_tag","embeddable":true,"href":"https:\/\/buyegglass.com\/pt\/wp-json\/wp\/v2\/product_tag?post=3821"}],"curies":[{"name":"wp","href":"https:\/\/api.w.org\/{rel}","templated":true}]}}