{"id":3767,"date":"2025-09-26T09:49:43","date_gmt":"2025-09-26T09:49:43","guid":{"rendered":"https:\/\/buyegglass.com\/?post_type=product&#038;p=3767"},"modified":"2025-10-10T08:25:35","modified_gmt":"2025-10-10T08:25:35","slug":"dab-oil-rigs-borosilicate-glass-es24829-9-5inch-online-shop","status":"publish","type":"product","link":"https:\/\/buyegglass.com\/pt\/product\/dab-oil-rigs-borosilicate-glass-es24829-9-5inch-online-shop\/","title":{"rendered":"Dab Oil Rigs Vidro Borosilicato ES24829 9.5Inch Loja online"},"content":{"rendered":"<h2>Dab Oil Rigs Vidro de borosilicato ES24829 9,5 polegadas.<\/h2>\n<p>O Dab Oil Rigs Borosilicate Glass ES24829 9.5 Inch \u00e9 um artigo esteticamente impressionante e altamente pr\u00e1tico, concebido para os amantes de concentrados que valorizam um desempenho suave com um estilo criativo arrojado. Fabricado em vidro borossilicato resistente, este po\u00e7o de \u00f3leo equilibra resist\u00eancia, clareza e design. A sua altura de 9,5 polegadas torna-o compacto mas eficaz, proporcionando uma filtragem s\u00f3lida e um manuseamento simples.<\/p>\n<p>O destaque deste equipamento \u00e9 a obra de arte interna \u00fanica, que lhe confere um impacto central apelativo. Incorporado com bases vibrantes e acentos a condizer na boquilha, cada equipamento confere uma personalidade vibrante \u00e0s suas sess\u00f5es. A disposi\u00e7\u00e3o da boquilha dobrada n\u00e3o s\u00f3 acrescenta comodidade, como tamb\u00e9m encaminha o fluxo de ar para uma extra\u00e7\u00e3o mais suave.<\/p>\n<p>Carater\u00edsticas do truque.<\/p>\n<p>Vidro borossilicato de primeira qualidade: Conhecido pela sua resist\u00eancia ao calor e dureza.<\/p>\n<p>Dimens\u00e3o de 9,5 polegadas: Equil\u00edbrio perfeito entre mobilidade e funcionalidade.<\/p>\n<p>Obra de arte interna \u00fanica: Acrescenta car\u00e1cter e faz com que cada artigo chame a aten\u00e7\u00e3o.<\/p>\n<p>Base est\u00e1vel: Larga e espessa para maior seguran\u00e7a e assist\u00eancia durante a utiliza\u00e7\u00e3o.<\/p>\n<p>Filtragem suave: Concebida para sess\u00f5es de concentrado ordenadas e saborosas.<\/p>\n<p>Por que escolher este Dab Oil Rigs.<\/p>\n<p>Quer seja um amante informal ou um colecionador dedicado, o po\u00e7o de \u00f3leo Bit ES24829 foi constru\u00eddo para emocionar. A disposi\u00e7\u00e3o cuidadosa garante uma utiliza\u00e7\u00e3o e manuten\u00e7\u00e3o f\u00e1ceis, enquanto o vidro de borossilicato de longa dura\u00e7\u00e3o garante uma vida longa. Os seus detalhes vibrantes e a sua pe\u00e7a central imaginativa transformam-no em algo mais do que uma simples ferramenta para fumar cigarros - \u00e9 uma pe\u00e7a de declara\u00e7\u00e3o para qualquer cole\u00e7\u00e3o.<\/p>\n<p>Se o seu objetivo \u00e9 adquirir online, este equipamento fornece uma mistura de resist\u00eancia, mobilidade e estilo \u00fanico que \u00e9 dif\u00edcil de encontrar noutro local. Perfeita para oferecer ou atualizar a sua configura\u00e7\u00e3o pessoal, a ES24829 \u00e9 imprescind\u00edvel para qualquer pessoa que valorize tanto a efici\u00eancia como a arte nos seus produtos de vidro.<\/p>","protected":false},"excerpt":{"rendered":"<div class=\"text-base my-auto mx-auto pb-10 [--thread-content-margin:--spacing(4)] thread-sm:[--thread-content-margin:--spacing(6)] thread-lg:[--thread-content-margin:--spacing(16)] px-(--thread-content-margin)\">\n<div class=\"[--thread-content-max-width:40rem] thread-lg:[--thread-content-max-width:48rem] mx-auto max-w-(--thread-content-max-width) flex-1 group\/turn-messages focus-visible:outline-hidden relative flex w-full min-w-0 flex-col agent-turn\" tabindex=\"-1\">\n<div class=\"flex max-w-full flex-col grow\">\n<div class=\"min-h-8 text-message relative flex w-full flex-col items-end gap-2 text-start break-words whitespace-normal [.text-message+&amp;]:mt-5\" dir=\"auto\" data-message-author-role=\"assistant\" data-message-id=\"172ff7ed-2ff3-4469-816c-bedce448a012\" data-message-model-slug=\"gpt-5-instant\">\n<div class=\"flex w-full flex-col gap-1 empty:hidden first:pt-[3px]\">\n<div class=\"markdown prose dark:prose-invert w-full break-words light markdown-new-styling\">\n<p data-start=\"0\" data-end=\"284\" data-is-last-node=\"\" data-is-only-node=\"\">This 9.5-inch borosilicate glass dab rig features a fun cartoon-inspired percolator inside a durable clear chamber. With colorful accents, sturdy base, and smooth airflow, it\u2019s designed for both function and playful style. Perfect for concentrate enthusiasts seeking unique glassware.<\/p>\n<\/div>\n<\/div>\n<\/div>\n<\/div>\n<\/div>\n<\/div>\n","protected":false},"featured_media":3770,"comment_status":"open","ping_status":"closed","template":"","meta":[],"product_brand":[],"product_cat":[41],"product_tag":[280,359,313],"class_list":{"0":"post-3767","1":"product","2":"type-product","3":"status-publish","4":"has-post-thumbnail","6":"product_cat-dab-oil-rigs","7":"product_tag-borosilicate-glass-rig","8":"product_tag-cartoon-dab-rig","9":"product_tag-dab-rig","11":"first","12":"instock","13":"shipping-taxable","14":"purchasable","15":"product-type-variable"},"_links":{"self":[{"href":"https:\/\/buyegglass.com\/pt\/wp-json\/wp\/v2\/product\/3767","targetHints":{"allow":["GET"]}}],"collection":[{"href":"https:\/\/buyegglass.com\/pt\/wp-json\/wp\/v2\/product"}],"about":[{"href":"https:\/\/buyegglass.com\/pt\/wp-json\/wp\/v2\/types\/product"}],"replies":[{"embeddable":true,"href":"https:\/\/buyegglass.com\/pt\/wp-json\/wp\/v2\/comments?post=3767"}],"wp:featuredmedia":[{"embeddable":true,"href":"https:\/\/buyegglass.com\/pt\/wp-json\/wp\/v2\/media\/3770"}],"wp:attachment":[{"href":"https:\/\/buyegglass.com\/pt\/wp-json\/wp\/v2\/media?parent=3767"}],"wp:term":[{"taxonomy":"product_brand","embeddable":true,"href":"https:\/\/buyegglass.com\/pt\/wp-json\/wp\/v2\/product_brand?post=3767"},{"taxonomy":"product_cat","embeddable":true,"href":"https:\/\/buyegglass.com\/pt\/wp-json\/wp\/v2\/product_cat?post=3767"},{"taxonomy":"product_tag","embeddable":true,"href":"https:\/\/buyegglass.com\/pt\/wp-json\/wp\/v2\/product_tag?post=3767"}],"curies":[{"name":"wp","href":"https:\/\/api.w.org\/{rel}","templated":true}]}}