{"id":3727,"date":"2025-09-26T09:30:19","date_gmt":"2025-09-26T09:30:19","guid":{"rendered":"https:\/\/buyegglass.com\/?post_type=product&#038;p=3727"},"modified":"2025-10-10T08:29:20","modified_gmt":"2025-10-10T08:29:20","slug":"es23358a-beaker-bongs-glass-12-inch-clear-unbreakable-beaker","status":"publish","type":"product","link":"https:\/\/buyegglass.com\/pt\/product\/es23358a-beaker-bongs-glass-12-inch-clear-unbreakable-beaker\/","title":{"rendered":"ES23358A Bongos de vidro de 12 polegadas transparente inquebr\u00e1vel"},"content":{"rendered":"<h2>Bongos ES23358A Vidro transparente de 12 polegadas<\/h2>\n<p>O Beaker Bongs ES23358A \u00e9 um bongo transparente tradicional de 12 polegadas feito para resili\u00eancia, design e desempenho suave. Fabricado em vidro borossilicato de primeira qualidade, este bongo de copo oferece uma resist\u00eancia excecional ao calor e ao impacto, o que o torna uma op\u00e7\u00e3o fi\u00e1vel tanto para o uso di\u00e1rio como para uma cole\u00e7\u00e3o duradoura.<\/p>\n<p>A disposi\u00e7\u00e3o em forma de copo melhora a estabilidade, gra\u00e7as \u00e0 sua base grande que protege contra a inclina\u00e7\u00e3o, permitindo tamb\u00e9m uma maior capacidade de \u00e1gua. Esta quantidade adicional de \u00e1gua proporciona uma filtragem superior, arrefecendo o fumo com \u00eaxito e fornecendo sempre batidas mais suaves e limpas.<\/p>\n<p>O pesco\u00e7o direito e a boquilha de aro largo do ES23358A garantem comodidade durante a inspira\u00e7\u00e3o, enquanto o seu corpo transparente permite-lhe desfrutar da circula\u00e7\u00e3o est\u00e9tica do fumo e das bolhas durante cada sess\u00e3o. O seu aspeto minimalista e totalmente transparente real\u00e7a o trabalho artesanal e confere-lhe uma apar\u00eancia suave e profissional que nunca passar\u00e1 de moda.<\/p>\n<p>Atributos<\/p>\n<p>Altura: 12 polegadas<\/p>\n<p>Constru\u00e7\u00e3o em vidro borossilicato de alta qualidade<\/p>\n<p>Base de copo para estabilidade e maior capacidade de \u00e1gua<\/p>\n<p>Bra\u00e7o direito com boquilha larga para maior conforto<\/p>\n<p>Haste inferior para uma difus\u00e3o suave<\/p>\n<p>F\u00e1cil de limpar e conservar<\/p>\n<p>Corpo cristalino para um visual contempor\u00e2neo e minimalista<\/p>\n<p>A haste inferior amov\u00edvel facilita a limpeza e melhora a difus\u00e3o do fumo. Integrado no design robusto do bongo, este atributo faz do ES23358A uma escolha excecional tanto para principiantes como para fumadores experientes. O seu tamanho atinge o equil\u00edbrio perfeito entre transportabilidade e desempenho, oferecendo sucesso sem ser inc\u00f3modo.<\/p>\n<p>Para qualquer pessoa que procure um artigo dur\u00e1vel e simples, o Beaker Bongs ES23358A oferece fiabilidade, resist\u00eancia e efici\u00eancia suave. Quer esteja a contribuir para a sua cole\u00e7\u00e3o ou \u00e0 procura de um bongo para o dia a dia, este copo transparente de 12 polegadas distingue-se como uma escolha s\u00f3lida.<\/p>","protected":false},"excerpt":{"rendered":"<p>The ES23358A Beaker Bong stands 12 inches tall, crafted from clear borosilicate glass for durability. Its classic beaker shape ensures stability, while the simple, unbreakable design delivers smooth, powerful hits. Perfect for everyday use, combining function, strength, and timeless glassware appeal.<\/p>","protected":false},"featured_media":3728,"comment_status":"open","ping_status":"closed","template":"","meta":[],"product_brand":[],"product_cat":[39],"product_tag":[341,226,366],"class_list":{"0":"post-3727","1":"product","2":"type-product","3":"status-publish","4":"has-post-thumbnail","6":"product_cat-beaker-bongs","7":"product_tag-12-inch-bong","8":"product_tag-beaker-bong","9":"product_tag-clear-glass-bong","11":"first","12":"instock","13":"shipping-taxable","14":"purchasable","15":"product-type-variable"},"_links":{"self":[{"href":"https:\/\/buyegglass.com\/pt\/wp-json\/wp\/v2\/product\/3727","targetHints":{"allow":["GET"]}}],"collection":[{"href":"https:\/\/buyegglass.com\/pt\/wp-json\/wp\/v2\/product"}],"about":[{"href":"https:\/\/buyegglass.com\/pt\/wp-json\/wp\/v2\/types\/product"}],"replies":[{"embeddable":true,"href":"https:\/\/buyegglass.com\/pt\/wp-json\/wp\/v2\/comments?post=3727"}],"wp:featuredmedia":[{"embeddable":true,"href":"https:\/\/buyegglass.com\/pt\/wp-json\/wp\/v2\/media\/3728"}],"wp:attachment":[{"href":"https:\/\/buyegglass.com\/pt\/wp-json\/wp\/v2\/media?parent=3727"}],"wp:term":[{"taxonomy":"product_brand","embeddable":true,"href":"https:\/\/buyegglass.com\/pt\/wp-json\/wp\/v2\/product_brand?post=3727"},{"taxonomy":"product_cat","embeddable":true,"href":"https:\/\/buyegglass.com\/pt\/wp-json\/wp\/v2\/product_cat?post=3727"},{"taxonomy":"product_tag","embeddable":true,"href":"https:\/\/buyegglass.com\/pt\/wp-json\/wp\/v2\/product_tag?post=3727"}],"curies":[{"name":"wp","href":"https:\/\/api.w.org\/{rel}","templated":true}]}}