{"id":3721,"date":"2025-09-26T09:25:00","date_gmt":"2025-09-26T09:25:00","guid":{"rendered":"https:\/\/buyegglass.com\/?post_type=product&#038;p=3721"},"modified":"2025-10-20T07:44:48","modified_gmt":"2025-10-20T07:44:48","slug":"straight-tube-es2510-borosilicate-glass-buy-now-10-5in","status":"publish","type":"product","link":"https:\/\/buyegglass.com\/pt\/product\/straight-tube-es2510-borosilicate-glass-buy-now-10-5in\/","title":{"rendered":"Tubo reto ES2510 Vidro borossilicato Comprar agora 10.5in"},"content":{"rendered":"<h2>Tubo reto ES2510 10,5 pol.<\/h2>\n<p>O Straight Tube ES2510 \u00e9 um item intemporal que combina simplicidade, resist\u00eancia e design num dispositivo fi\u00e1vel para fumar cigarros. Com uma altura de 10,5 polegadas, utiliza o melhor equil\u00edbrio entre portabilidade e efici\u00eancia, tornando-o adequado tanto para principiantes como para fumadores experientes.<\/p>\n<p>Fabricado em vidro borossilicato, o ES2510 foi concebido para resistir ao calor e \u00e0 utiliza\u00e7\u00e3o di\u00e1ria sem comprometer o seu design elegante. A sua estrutura de tubo reto garante golpes diretos e eficazes, mantendo um movimento de ar suave. A base ampla e redonda oferece uma seguran\u00e7a soberba, diminuindo a amea\u00e7a de queda durante a utiliza\u00e7\u00e3o.<\/p>\n<p>O atributo de destaque deste bongo \u00e9 a sua tonalidade \u00e2mbar-dourada acentuada tanto na base como na boquilha. Estes tons quentes conferem-lhe um aspeto \u00fanico, preservando uma est\u00e9tica minimalista. O seu perfil elegante e as suas linhas limpas real\u00e7am a qualidade do vidro, demonstrando a sua qualidade artesanal e robustez.<\/p>\n<p>Carater\u00edsticas.<\/p>\n<p>Fabricado em vidro borossilicato de alta qualidade.<\/p>\n<p>Altura de 10,5 polegadas para um excelente tamanho e funcionalidade.<\/p>\n<p>Design de tubo reto para golpes diretos e potentes.<\/p>\n<p>Base larga para maior estabilidade.<\/p>\n<p>Acentos em \u00e2mbar dourado na boquilha e na base.<\/p>\n<p>Estrutura simples e f\u00e1cil de limpar.<\/p>\n<p>Adequado para principiantes e pessoas experientes.<\/p>\n<p>O ES2510 foi desenvolvido para proporcionar sess\u00f5es regulares e suaves. O seu corpo de vidro resistente permite uma utiliza\u00e7\u00e3o duradoura, enquanto a sua constru\u00e7\u00e3o em tubo reto proporciona batidas s\u00f3lidas e organizadas que real\u00e7am o sabor e a elevada qualidade das suas ervas naturais. F\u00e1cil de cuidar e de guardar, este artigo \u00e9 perfeito para uso di\u00e1rio.<\/p>\n<p>Quer esteja a contribuir para a sua cole\u00e7\u00e3o de vidro ou a comprar o seu primeiro bongo, o Straight Tube ES2510 \u00e9 uma escolha respeit\u00e1vel e elegante. O seu tamanho, durabilidade e disposi\u00e7\u00e3o cl\u00e1ssica tornam-no imprescind\u00edvel para quem procura um bongo de vidro simples mas de elevado desempenho.<\/p>","protected":false},"excerpt":{"rendered":"<div class=\"text-base my-auto mx-auto pb-10 [--thread-content-margin:--spacing(4)] thread-sm:[--thread-content-margin:--spacing(6)] thread-lg:[--thread-content-margin:--spacing(16)] px-(--thread-content-margin)\">\n<div class=\"[--thread-content-max-width:40rem] thread-lg:[--thread-content-max-width:48rem] mx-auto max-w-(--thread-content-max-width) flex-1 group\/turn-messages focus-visible:outline-hidden relative flex w-full min-w-0 flex-col agent-turn\" tabindex=\"-1\">\n<div class=\"flex max-w-full flex-col grow\">\n<div class=\"min-h-8 text-message relative flex w-full flex-col items-end gap-2 text-start break-words whitespace-normal [.text-message+&amp;]:mt-5\" dir=\"auto\" data-message-author-role=\"assistant\" data-message-id=\"0d6db3c6-d018-4f2d-9941-dca41e00d799\" data-message-model-slug=\"gpt-5-instant\">\n<div class=\"flex w-full flex-col gap-1 empty:hidden first:pt-[3px]\">\n<div class=\"markdown prose dark:prose-invert w-full break-words light markdown-new-styling\">\n<p data-start=\"0\" data-end=\"288\" data-is-last-node=\"\" data-is-only-node=\"\">Straight Tube ES2510 stands 10.5 inches tall, made from durable borosilicate glass. Its sleek straight tube design with amber-gold accents delivers smooth, powerful hits while the wide base ensures stability. Perfect for daily sessions, offering both style and reliable performance.<\/p>\n<\/div>\n<\/div>\n<\/div>\n<\/div>\n<\/div>\n<\/div>\n","protected":false},"featured_media":3725,"comment_status":"open","ping_status":"closed","template":"","meta":[],"product_brand":[],"product_cat":[46],"product_tag":[141,119,383],"class_list":{"0":"post-3721","1":"product","2":"type-product","3":"status-publish","4":"has-post-thumbnail","6":"product_cat-straight-tube","7":"product_tag-borosilicate-bong","8":"product_tag-glass-bong","9":"product_tag-straight-tube","10":"product_shipping_class-a","12":"first","13":"instock","14":"shipping-taxable","15":"purchasable","16":"product-type-variable"},"_links":{"self":[{"href":"https:\/\/buyegglass.com\/pt\/wp-json\/wp\/v2\/product\/3721","targetHints":{"allow":["GET"]}}],"collection":[{"href":"https:\/\/buyegglass.com\/pt\/wp-json\/wp\/v2\/product"}],"about":[{"href":"https:\/\/buyegglass.com\/pt\/wp-json\/wp\/v2\/types\/product"}],"replies":[{"embeddable":true,"href":"https:\/\/buyegglass.com\/pt\/wp-json\/wp\/v2\/comments?post=3721"}],"wp:featuredmedia":[{"embeddable":true,"href":"https:\/\/buyegglass.com\/pt\/wp-json\/wp\/v2\/media\/3725"}],"wp:attachment":[{"href":"https:\/\/buyegglass.com\/pt\/wp-json\/wp\/v2\/media?parent=3721"}],"wp:term":[{"taxonomy":"product_brand","embeddable":true,"href":"https:\/\/buyegglass.com\/pt\/wp-json\/wp\/v2\/product_brand?post=3721"},{"taxonomy":"product_cat","embeddable":true,"href":"https:\/\/buyegglass.com\/pt\/wp-json\/wp\/v2\/product_cat?post=3721"},{"taxonomy":"product_tag","embeddable":true,"href":"https:\/\/buyegglass.com\/pt\/wp-json\/wp\/v2\/product_tag?post=3721"}],"curies":[{"name":"wp","href":"https:\/\/api.w.org\/{rel}","templated":true}]}}