{"id":3641,"date":"2025-09-26T07:54:52","date_gmt":"2025-09-26T07:54:52","guid":{"rendered":"https:\/\/buyegglass.com\/?post_type=product&#038;p=3641"},"modified":"2025-10-10T09:15:30","modified_gmt":"2025-10-10T09:15:30","slug":"eg-97-swiss-perc-bent-neck-dab-rig-glass-same-day-delivery","status":"publish","type":"product","link":"https:\/\/buyegglass.com\/pt\/product\/eg-97-swiss-perc-bent-neck-dab-rig-glass-same-day-delivery\/","title":{"rendered":"EG-97 Swiss Perc Bent Neck Dab Rig Vidro entrega no mesmo dia"},"content":{"rendered":"<h2>EG-97 Swiss Perc Bent Neck Dab Rig<\/h2>\n<p>O EG-97 Swiss Perc Bent Neck Bit Rig combina um desempenho moderno com uma criatividade impressionante em vidro. Fabricada em vidro borossilicato de alta qualidade, esta pe\u00e7a foi concebida para proporcionar batidas suaves e saborosas, destacando-se como um ponto focal em qualquer cole\u00e7\u00e3o.<\/p>\n<p>O equipamento apresenta uma c\u00e2mara de percuss\u00e3o su\u00ed\u00e7a com numerosos recortes redondos que n\u00e3o s\u00f3 melhoram o aspeto, como tamb\u00e9m aumentam o fluxo de ar e a difus\u00e3o. Este estilo intrincado permite a passagem do vapor com um arrastamento marginal, arrefecendo-o com \u00eaxito para obter atrac\u00e7\u00f5es mais suaves. A boquilha com pesco\u00e7o dobrado proporciona conforto, impede os salpicos e cria um \u00e2ngulo ergon\u00f3mico que \u00e9 simples de utilizar durante sess\u00f5es prolongadas.<\/p>\n<p>Na base, o equipamento \u00e9 real\u00e7ado com tons vivos como vermelho, azul-petr\u00f3leo, laranja e ecol\u00f3gico, garantindo seguran\u00e7a e personalidade. Os acentos de cores correspondentes prosseguem com o pesco\u00e7o e o prato, incluindo uniformidade ao estilo, permitindo aos utilizadores escolher um visual que se adapte ao seu design.<\/p>\n<p>Fun\u00e7\u00f5es<\/p>\n<p>Custos de constru\u00e7\u00e3o em vidro borossilicato<\/p>\n<p>C\u00e2mara de percuss\u00e3o su\u00ed\u00e7a com aberturas cortadas com precis\u00e3o para uma difus\u00e3o avan\u00e7ada<\/p>\n<p>Bocal de pesco\u00e7o dobrado para maior comodidade e para evitar salpicos<\/p>\n<p>Base larga e est\u00e1vel com op\u00e7\u00f5es de cores vibrantes<\/p>\n<p>Fluxo de ar suave para batidas limpas e fant\u00e1sticas<\/p>\n<p>Eleva\u00e7\u00e3o concebida para ser transport\u00e1vel e funcional<\/p>\n<p>Distribui\u00e7\u00e3o no mesmo dia para uma maior facilidade<\/p>\n<p>Este aparelho n\u00e3o tem apenas bom aspeto - foi desenvolvido para ser eficiente. O estilo de percuss\u00e3o su\u00ed\u00e7o assegura uma filtragem \u00f3ptima, enquanto a constru\u00e7\u00e3o robusta o torna reputado para uso di\u00e1rio. A sua dimens\u00e3o \u00e9 suficientemente port\u00e1til para ser manuseada sem esfor\u00e7o, mas suficientemente eficaz para fornecer excelentes hits.<\/p>\n<p>Quer seja um dabber experiente ou um novato nas plataformas de vidro, a EG-97 Swiss Perc Bent Neck Dab Rig oferece uma mistura de resili\u00eancia, arte e desempenho suave. Com entrega no mesmo dia, pode apreciar as suas vantagens hoje, sem ter de esperar.<\/p>","protected":false},"excerpt":{"rendered":"<article class=\"text-token-text-primary w-full focus:outline-none scroll-mt-[calc(var(--header-height)+min(200px,max(70px,20svh)))]\" dir=\"auto\" tabindex=\"-1\" data-turn-id=\"request-WEB:c6d24e59-35f7-476c-b82e-cc847a086b54-96\" data-testid=\"conversation-turn-42\" data-scroll-anchor=\"true\" data-turn=\"assistant\">\n<div class=\"text-base my-auto mx-auto pb-10 [--thread-content-margin:--spacing(4)] thread-sm:[--thread-content-margin:--spacing(6)] thread-lg:[--thread-content-margin:--spacing(16)] px-(--thread-content-margin)\">\n<div class=\"[--thread-content-max-width:40rem] thread-lg:[--thread-content-max-width:48rem] mx-auto max-w-(--thread-content-max-width) flex-1 group\/turn-messages focus-visible:outline-hidden relative flex w-full min-w-0 flex-col agent-turn\" tabindex=\"-1\">\n<div class=\"flex max-w-full flex-col grow\">\n<div class=\"min-h-8 text-message relative flex w-full flex-col items-end gap-2 text-start break-words whitespace-normal [.text-message+&amp;]:mt-5\" dir=\"auto\" data-message-author-role=\"assistant\" data-message-id=\"71519595-e008-4592-b3f6-9c6df47996a3\" data-message-model-slug=\"gpt-5-instant\">\n<div class=\"flex w-full flex-col gap-1 empty:hidden first:pt-[3px]\">\n<div class=\"markdown prose dark:prose-invert w-full break-words light markdown-new-styling\">\n<p data-start=\"0\" data-end=\"286\" data-is-last-node=\"\" data-is-only-node=\"\">EG-97 Swiss Perc Bent Neck Dab Rig is crafted from durable borosilicate glass with a unique Swiss perc chamber, bent neck design, and colorful accents. Offering smooth filtration, stability, and style, this 6.7-inch rig is perfect for clean hits and is available with same-day delivery.<\/p>\n<\/div>\n<\/div>\n<\/div>\n<\/div>\n<\/div>\n<\/div>\n<\/article>\n","protected":false},"featured_media":3645,"comment_status":"open","ping_status":"closed","template":"","meta":[],"product_brand":[],"product_cat":[15],"product_tag":[330,313,329],"class_list":{"0":"post-3641","1":"product","2":"type-product","3":"status-publish","4":"has-post-thumbnail","6":"product_cat-uncategorized","7":"product_tag-bent-neck-rig","8":"product_tag-dab-rig","9":"product_tag-glass-dab-rig","11":"first","12":"instock","13":"shipping-taxable","14":"purchasable","15":"product-type-variable"},"_links":{"self":[{"href":"https:\/\/buyegglass.com\/pt\/wp-json\/wp\/v2\/product\/3641","targetHints":{"allow":["GET"]}}],"collection":[{"href":"https:\/\/buyegglass.com\/pt\/wp-json\/wp\/v2\/product"}],"about":[{"href":"https:\/\/buyegglass.com\/pt\/wp-json\/wp\/v2\/types\/product"}],"replies":[{"embeddable":true,"href":"https:\/\/buyegglass.com\/pt\/wp-json\/wp\/v2\/comments?post=3641"}],"wp:featuredmedia":[{"embeddable":true,"href":"https:\/\/buyegglass.com\/pt\/wp-json\/wp\/v2\/media\/3645"}],"wp:attachment":[{"href":"https:\/\/buyegglass.com\/pt\/wp-json\/wp\/v2\/media?parent=3641"}],"wp:term":[{"taxonomy":"product_brand","embeddable":true,"href":"https:\/\/buyegglass.com\/pt\/wp-json\/wp\/v2\/product_brand?post=3641"},{"taxonomy":"product_cat","embeddable":true,"href":"https:\/\/buyegglass.com\/pt\/wp-json\/wp\/v2\/product_cat?post=3641"},{"taxonomy":"product_tag","embeddable":true,"href":"https:\/\/buyegglass.com\/pt\/wp-json\/wp\/v2\/product_tag?post=3641"}],"curies":[{"name":"wp","href":"https:\/\/api.w.org\/{rel}","templated":true}]}}