{"id":3625,"date":"2025-09-26T07:43:40","date_gmt":"2025-09-26T07:43:40","guid":{"rendered":"https:\/\/buyegglass.com\/?post_type=product&#038;p=3625"},"modified":"2025-10-10T08:27:15","modified_gmt":"2025-10-10T08:27:15","slug":"dab-oil-rigs-eg-96-ufo-dab-rig-borosilicate-glass-buy-6-7in","status":"publish","type":"product","link":"https:\/\/buyegglass.com\/pt\/product\/dab-oil-rigs-eg-96-ufo-dab-rig-borosilicate-glass-buy-6-7in\/","title":{"rendered":"Dab Oil Rigs EG-96 UFO Dab Rig Vidro de borosilicato Comprar 6.7in"},"content":{"rendered":"<h2>Equipamento para Dab Oil Rigs EG-96 UFO Dab Gear<\/h2>\n<p>O Dab Oil Rigs EG-96 UFO Dab Gear proporciona uma efici\u00eancia perfeita aliada a um estilo vivo. Com 6,7 polegadas de altura, este pequeno mas apelativo equipamento \u00e9 feito de vidro borossilicato de primeira qualidade, proporcionando resist\u00eancia e design ilesos.<\/p>\n<p>O destaque do Dab Oil Rigs EG-96 \u00e9 a sua vibrante tampa da c\u00e2mara em forma de OVNI, incluindo tons fortes como laranja, verde, amarelo e vermelho. Decorada com detalhes em popa e bra\u00e7os de \"antena\" estendidos, a pe\u00e7a central do OVNI cria uma apar\u00eancia rebelde ao mesmo tempo que garante uma estrutura robusta e pr\u00e1tica. Combinado com uma haste inferior e uma base ampla com a mesma cor, este equipamento combina o apelo criativo com a funcionalidade do dia a dia.<\/p>\n<p>Atributos<\/p>\n<p>Fabricado em vidro borossilicato dur\u00e1vel<\/p>\n<p>Pequena altura de 6,7 polegadas, perfeita para ser transportada<\/p>\n<p>Disposi\u00e7\u00e3o \u00fanica da c\u00e2mara inspirada num OVNI com pormenores l\u00fadicos<\/p>\n<p>Op\u00e7\u00f5es de cores vibrantes, incluindo laranja, vermelho, verde e amarelo<\/p>\n<p>Base larga e robusta para estabilidade<\/p>\n<p>Boquilha angular confort\u00e1vel para uma extra\u00e7\u00e3o suave<\/p>\n<p>Percola\u00e7\u00e3o de precis\u00e3o para acertos perfeitos e espectaculares<\/p>\n<p>A efici\u00eancia nunca \u00e9 comprometida com o EG-96. No interior, o coador de precis\u00e3o difunde e arrefece o vapor de forma eficiente, fornecendo continuamente batidas suaves e saborosas. A boquilha inclinada garante o conforto e minimiza os salpicos, e o estilo UFO acrescenta um toque de criatividade a cada sess\u00e3o.<\/p>\n<p>Este equipamento n\u00e3o \u00e9 apenas funcional - \u00e9 tamb\u00e9m uma obra de arte que atrai a aten\u00e7\u00e3o em qualquer cole\u00e7\u00e3o. O seu tamanho pequeno torna-o excelente para uso individual ou em viagem, enquanto o estilo arrojado garante que \u00e9 sempre um in\u00edcio de conversa.<\/p>\n<p>Quer seja um colecionador que aprecia arte em vidro distinta ou um cliente do dia a dia que procura um equipamento que funcione como parece, a Dab Oil Rigs EG-96 UFO Dab Rig oferece o melhor equil\u00edbrio entre alta qualidade, pensamento criativo e funcionalidade suave.<\/p>","protected":false},"excerpt":{"rendered":"<p>Dab Oil Rigs EG-96 UFO stands 6.7 inches tall and is crafted from durable borosilicate glass. With a colorful UFO design, sturdy base, and smooth percolation, it delivers clean, cool hits while adding a playful, space-inspired touch to your collection. Perfect for style and performance.<\/p>","protected":false},"featured_media":3632,"comment_status":"open","ping_status":"closed","template":"","meta":[],"product_brand":[],"product_cat":[41],"product_tag":[104,326,327],"class_list":{"0":"post-3625","1":"product","2":"type-product","3":"status-publish","4":"has-post-thumbnail","6":"product_cat-dab-oil-rigs","7":"product_tag-borosilicate-glass","8":"product_tag-dab-oil-rigs-eg-96-ufo","9":"product_tag-ufo-dab-rig","11":"first","12":"instock","13":"shipping-taxable","14":"purchasable","15":"product-type-variable"},"_links":{"self":[{"href":"https:\/\/buyegglass.com\/pt\/wp-json\/wp\/v2\/product\/3625","targetHints":{"allow":["GET"]}}],"collection":[{"href":"https:\/\/buyegglass.com\/pt\/wp-json\/wp\/v2\/product"}],"about":[{"href":"https:\/\/buyegglass.com\/pt\/wp-json\/wp\/v2\/types\/product"}],"replies":[{"embeddable":true,"href":"https:\/\/buyegglass.com\/pt\/wp-json\/wp\/v2\/comments?post=3625"}],"wp:featuredmedia":[{"embeddable":true,"href":"https:\/\/buyegglass.com\/pt\/wp-json\/wp\/v2\/media\/3632"}],"wp:attachment":[{"href":"https:\/\/buyegglass.com\/pt\/wp-json\/wp\/v2\/media?parent=3625"}],"wp:term":[{"taxonomy":"product_brand","embeddable":true,"href":"https:\/\/buyegglass.com\/pt\/wp-json\/wp\/v2\/product_brand?post=3625"},{"taxonomy":"product_cat","embeddable":true,"href":"https:\/\/buyegglass.com\/pt\/wp-json\/wp\/v2\/product_cat?post=3625"},{"taxonomy":"product_tag","embeddable":true,"href":"https:\/\/buyegglass.com\/pt\/wp-json\/wp\/v2\/product_tag?post=3625"}],"curies":[{"name":"wp","href":"https:\/\/api.w.org\/{rel}","templated":true}]}}