{"id":3399,"date":"2025-09-26T04:03:58","date_gmt":"2025-09-26T04:03:58","guid":{"rendered":"https:\/\/buyegglass.com\/?post_type=product&#038;p=3399"},"modified":"2025-10-10T08:20:29","modified_gmt":"2025-10-10T08:20:29","slug":"beaker-bongs-fumed-beaker-pipe-borosilicate-glass-eg-76-buy","status":"publish","type":"product","link":"https:\/\/buyegglass.com\/pt\/product\/beaker-bongs-fumed-beaker-pipe-borosilicate-glass-eg-76-buy\/","title":{"rendered":"Bongos de copo Cachimbo de copo com fumo Vidro de borosilicato EG-76 Comprar"},"content":{"rendered":"<h2>Bongos de copo Cachimbo de copo fumado Vidro de borosilicato EG-76 Compra<\/h2>\n<p>O bongo Beaker Bongs Fumed Beaker Pipe Borosilicate Glass EG-76 \u00e9 uma pe\u00e7a muito bem trabalhada, concebida para proporcionar longevidade e design. Feito de vidro borossilicato espesso, este bongo garante uma efici\u00eancia duradoura, mantendo uma apar\u00eancia elegante e contempor\u00e2nea. Com a sua base de copo cl\u00e1ssica, oferece seguran\u00e7a e uma c\u00e2mara de \u00e1gua maior para uma purifica\u00e7\u00e3o mais suave, tornando-o ideal tanto para principiantes como para utilizadores experientes.<\/p>\n<p>Estilo elegante com fumeiro<\/p>\n<p>A fun\u00e7\u00e3o de destaque do EG-76 \u00e9 o seu revestimento de vidro fumado, que desenvolve padr\u00f5es especiais de mudan\u00e7a de cor que se alteram consoante a ilumina\u00e7\u00e3o e o \u00e2ngulo. Cada pe\u00e7a \u00e9 verdadeiramente \u00fanica, oferecendo uma mistura de tons din\u00e2micos ao longo do pesco\u00e7o e um resultado cintilante que aumenta o seu aspeto geral. Este toque artesanal torna o bongo n\u00e3o s\u00f3 funcional, mas tamb\u00e9m uma pe\u00e7a de arte em vidro para colecionar.<\/p>\n<p>Experi\u00eancia Superior em Cigarros para Fumar<\/p>\n<p>A ampla base do copo permite uma maior capacidade de \u00e1gua, assegurando um arrefecimento e filtragem completos de cada batida. A haste inclinada para baixo melhora o fluxo de ar e o desempenho, enquanto o prato amov\u00edvel facilita a limpeza e a recarga. O estilo garante tragos suaves e deliciosos com menos crueldade.<\/p>\n<p>Vidro borossilicato dur\u00e1vel<\/p>\n<p>Criado a partir de vidro borossilicato de primeira qualidade, o EG-76 \u00e9 resistente ao calor e ao desgaste di\u00e1rio. A base dur\u00e1vel do copo minimiza as amea\u00e7as de queda, tornando-o uma op\u00e7\u00e3o fi\u00e1vel para uma utiliza\u00e7\u00e3o normal. O seu design simples mas robusto real\u00e7a o desempenho sem comprometer a apar\u00eancia.<\/p>\n<p>Especifica\u00e7\u00f5es<\/p>\n<p>Material: Vidro borossilicato<\/p>\n<p>Disposi\u00e7\u00e3o: Vidro fumado com tons que mudam de cor<\/p>\n<p>Desenho: Tubo de base de copo intemporal<\/p>\n<p>Eleva\u00e7\u00e3o: Dimens\u00e3o da ferramenta, vers\u00e1til para utiliza\u00e7\u00e3o di\u00e1ria<\/p>\n<p>Carater\u00edsticas: Haste inferior inclinada, ta\u00e7a amov\u00edvel, base segura<\/p>\n<p>O Beaker Bongs Fumed Beaker Pipe Borosilicate Glass EG-76 integra um desempenho intemporal com uma imagina\u00e7\u00e3o sofisticada, proporcionando uma experi\u00eancia suave de fumar cigarros com um estilo esteticamente magn\u00edfico.<\/p>","protected":false},"excerpt":{"rendered":"<p>The Beaker Bongs Fumed Beaker Pipe EG-76 is crafted from durable borosilicate glass with a classic beaker base. Its fumed glass neck creates shimmering color shifts, while the spacious chamber ensures smooth, filtered hits. Stylish accents and a sturdy design make it perfect for daily use or display.<\/p>","protected":false},"featured_media":3405,"comment_status":"open","ping_status":"closed","template":"","meta":[],"product_brand":[],"product_cat":[39],"product_tag":[226,298,297],"class_list":{"0":"post-3399","1":"product","2":"type-product","3":"status-publish","4":"has-post-thumbnail","6":"product_cat-beaker-bongs","7":"product_tag-beaker-bong","8":"product_tag-borosilicate-beaker-pipe","9":"product_tag-fumed-glass-bong","11":"first","12":"instock","13":"shipping-taxable","14":"purchasable","15":"product-type-variable"},"_links":{"self":[{"href":"https:\/\/buyegglass.com\/pt\/wp-json\/wp\/v2\/product\/3399","targetHints":{"allow":["GET"]}}],"collection":[{"href":"https:\/\/buyegglass.com\/pt\/wp-json\/wp\/v2\/product"}],"about":[{"href":"https:\/\/buyegglass.com\/pt\/wp-json\/wp\/v2\/types\/product"}],"replies":[{"embeddable":true,"href":"https:\/\/buyegglass.com\/pt\/wp-json\/wp\/v2\/comments?post=3399"}],"wp:featuredmedia":[{"embeddable":true,"href":"https:\/\/buyegglass.com\/pt\/wp-json\/wp\/v2\/media\/3405"}],"wp:attachment":[{"href":"https:\/\/buyegglass.com\/pt\/wp-json\/wp\/v2\/media?parent=3399"}],"wp:term":[{"taxonomy":"product_brand","embeddable":true,"href":"https:\/\/buyegglass.com\/pt\/wp-json\/wp\/v2\/product_brand?post=3399"},{"taxonomy":"product_cat","embeddable":true,"href":"https:\/\/buyegglass.com\/pt\/wp-json\/wp\/v2\/product_cat?post=3399"},{"taxonomy":"product_tag","embeddable":true,"href":"https:\/\/buyegglass.com\/pt\/wp-json\/wp\/v2\/product_tag?post=3399"}],"curies":[{"name":"wp","href":"https:\/\/api.w.org\/{rel}","templated":true}]}}