{"id":3322,"date":"2025-09-26T03:27:20","date_gmt":"2025-09-26T03:27:20","guid":{"rendered":"https:\/\/buyegglass.com\/?post_type=product&#038;p=3322"},"modified":"2025-10-10T08:24:00","modified_gmt":"2025-10-10T08:24:00","slug":"dab-oil-rigs-borosilicate-glass-solid-cactus-curve-body","status":"publish","type":"product","link":"https:\/\/buyegglass.com\/pt\/product\/dab-oil-rigs-borosilicate-glass-solid-cactus-curve-body\/","title":{"rendered":"Dab Oil Rigs Borosilicato de vidro s\u00f3lido Cactus Curve Body"},"content":{"rendered":"<h2>Dab Oil Rigs Borosilicato de vidro s\u00f3lido Cactus Curve Body<\/h2>\n<p>O Dab Oil Rigs Borosilicate Glass Strong Cactus Curve Body \u00e9 uma combina\u00e7\u00e3o impressionante de virtuosismo e efici\u00eancia. Fabricado em vidro de borosilicato de primeira qualidade, este equipamento foi concebido para resistir a altas temperaturas e oferecer batidas suaves e saborosas. A sua carater\u00edstica de destaque \u00e9 o ponto focal de cato feito \u00e0 m\u00e3o na c\u00e2mara, o que o torna tanto um objeto de arte colecion\u00e1vel como uma ferramenta funcional.<\/p>\n<p>Estilo imaginativo dos cactos<\/p>\n<p>No centro deste equipamento est\u00e1 uma escultura de cato profunda alojada num vaso de terracota. Os bra\u00e7os din\u00e2micos de cactos amigos do ambiente, com pequenos detalhes em vermelho, d\u00e3o um toque de ideias do deserto ao design. Emparelhado com acentos v\u00edvidos no bocal e na base, cada equipamento oferece um visual animado e avan\u00e7ado.<\/p>\n<p>Desempenho suave<\/p>\n<p>A c\u00e2mara em forma de copo e o corpo curvo duradouro proporcionam estabilidade e garantem um movimento de ar adequado. O aparelho foi concebido para proporcionar uma filtragem suave em cada utiliza\u00e7\u00e3o, gra\u00e7as ao seu sistema de percola\u00e7\u00e3o de precis\u00e3o que decomp\u00f5e o fumo em bolhas finas. Isto assegura uma experi\u00eancia de lavagem mais fresca, mais limpa e muito mais agrad\u00e1vel.<\/p>\n<p>Vidro borossilicato de longa dura\u00e7\u00e3o<\/p>\n<p>Fabricado em vidro borossilicato resistente ao calor, este equipamento foi concebido para uma utiliza\u00e7\u00e3o a longo prazo. A estrutura s\u00f3lida n\u00e3o s\u00f3 melhora a resist\u00eancia, como tamb\u00e9m fornece uma vis\u00e3o cristalina da pe\u00e7a central criativa, permitindo que os clientes valorizem tanto o tipo como a fun\u00e7\u00e3o.<\/p>\n<p>Requisitos<\/p>\n<p>Produto: Vidro borossilicato<\/p>\n<p>Disposi\u00e7\u00e3o: Pe\u00e7a central de cato s\u00f3lido com corpo curvo<\/p>\n<p>Carater\u00edsticas: Base robusta, filtragem com coador<\/p>\n<p>Estilos de cores de destaque: Azul, verde, roxo, cor-de-rosa<\/p>\n<p>Tamanho: Estilo de ferramenta a grande para utiliza\u00e7\u00e3o quotidiana ou entusi\u00e1stica<\/p>\n<p>O Dab Oil Rigs Borosilicate Glass Solid Cactus Contour Body utiliza um equil\u00edbrio ideal entre criatividade inspirada no deserto e capacidade premium, tornando-o um item essencial tanto para ag\u00eancias de cole\u00e7\u00e3o como para amantes.<\/p>","protected":false},"excerpt":{"rendered":"<p>The Dab Oil Rigs Borosilicate Glass Solid Cactus Curve Body blends durability and artistry, featuring a hand-blown cactus centerpiece, sturdy curved body, and vibrant accents. Made from heat-resistant borosilicate glass, it delivers smooth hits while standing out as a unique collectible piece.<\/p>","protected":false},"featured_media":3339,"comment_status":"open","ping_status":"closed","template":"","meta":[],"product_brand":[],"product_cat":[41],"product_tag":[284,283,128],"class_list":{"0":"post-3322","1":"product","2":"type-product","3":"status-publish","4":"has-post-thumbnail","6":"product_cat-dab-oil-rigs","7":"product_tag-borosilicate-dab-rig","8":"product_tag-cactus-glass-rig","9":"product_tag-dab-oil-rig","11":"first","12":"instock","13":"shipping-taxable","14":"purchasable","15":"product-type-variable"},"_links":{"self":[{"href":"https:\/\/buyegglass.com\/pt\/wp-json\/wp\/v2\/product\/3322","targetHints":{"allow":["GET"]}}],"collection":[{"href":"https:\/\/buyegglass.com\/pt\/wp-json\/wp\/v2\/product"}],"about":[{"href":"https:\/\/buyegglass.com\/pt\/wp-json\/wp\/v2\/types\/product"}],"replies":[{"embeddable":true,"href":"https:\/\/buyegglass.com\/pt\/wp-json\/wp\/v2\/comments?post=3322"}],"wp:featuredmedia":[{"embeddable":true,"href":"https:\/\/buyegglass.com\/pt\/wp-json\/wp\/v2\/media\/3339"}],"wp:attachment":[{"href":"https:\/\/buyegglass.com\/pt\/wp-json\/wp\/v2\/media?parent=3322"}],"wp:term":[{"taxonomy":"product_brand","embeddable":true,"href":"https:\/\/buyegglass.com\/pt\/wp-json\/wp\/v2\/product_brand?post=3322"},{"taxonomy":"product_cat","embeddable":true,"href":"https:\/\/buyegglass.com\/pt\/wp-json\/wp\/v2\/product_cat?post=3322"},{"taxonomy":"product_tag","embeddable":true,"href":"https:\/\/buyegglass.com\/pt\/wp-json\/wp\/v2\/product_tag?post=3322"}],"curies":[{"name":"wp","href":"https:\/\/api.w.org\/{rel}","templated":true}]}}