{"id":3271,"date":"2025-09-26T02:03:46","date_gmt":"2025-09-26T02:03:46","guid":{"rendered":"https:\/\/buyegglass.com\/?post_type=product&#038;p=3271"},"modified":"2025-10-10T09:46:27","modified_gmt":"2025-10-10T09:46:27","slug":"straight-tube-bongs-eg-35-wig-wag-bullet-tube-glass-11-5-in","status":"publish","type":"product","link":"https:\/\/buyegglass.com\/pt\/product\/straight-tube-bongs-eg-35-wig-wag-bullet-tube-glass-11-5-in\/","title":{"rendered":"Bongos de tubo reto EG-35 Wig Wag Bullet Tube Glass 11,5 pol."},"content":{"rendered":"<h2>Bongos de tubo reto EG-35 Wig Wag Bullet Tube Glass 11,5 polegadas<\/h2>\n<p>O bongo Straight Tube EG-35 Wig Wag Bullet Tube Glass 11.5 Inch \u00e9 uma pe\u00e7a elegante, moderna e resistente, desenvolvida para fumadores que valorizam uma efici\u00eancia suave e uma est\u00e9tica marcante. Com a sua constru\u00e7\u00e3o alta e fina e o ponto focal art\u00edstico da bala wig wag, este bongo integra o desempenho e a arte num estilo sofisticado.<\/p>\n<p>Design imaginativo da bala Wig Wag<\/p>\n<p>No centro deste bongo est\u00e1 um vibrante percolador wig wag bullet. O layout colorido com riscas doces n\u00e3o se destaca simplesmente - tamb\u00e9m ajuda a dispersar o fumo para uma batida mais suave e fresca. A mistura de padr\u00f5es vibrantes e vidro borossilicato transparente desenvolve um resultado visual especial que se destaca em qualquer tipo de cole\u00e7\u00e3o.<\/p>\n<p>Vidro borossilicato de alta qualidade<\/p>\n<p>Fabricado em vidro borossilicato espesso e resistente ao calor, o EG-35 foi desenvolvido para uma utiliza\u00e7\u00e3o resistente e duradoura. O vidro borossilicato \u00e9 conhecido pela sua capacidade de suportar altas temperaturas e impactos, o que o torna uma sele\u00e7\u00e3o fi\u00e1vel para sess\u00f5es di\u00e1rias. O estilo de tubo reto e resistente proporciona ainda mais seguran\u00e7a.<\/p>\n<p>Carater\u00edsticas e vantagens<\/p>\n<p>Eleva\u00e7\u00e3o: 11,5 polegadas, proporcionando um equil\u00edbrio entre portabilidade e pot\u00eancia de arrefecimento<\/p>\n<p>Corpo em tubo reto para golpes diretos e eficazes<\/p>\n<p>Coador Wig wag bullet para uma melhor difus\u00e3o<\/p>\n<p>Constru\u00e7\u00e3o e constru\u00e7\u00e3o em vidro borossilicato resistente<\/p>\n<p>Acentos coloridos na base, no pesco\u00e7o e na bala para maior atra\u00e7\u00e3o visual<\/p>\n<p>F\u00e1cil de limpar e conservar<\/p>\n<p>Adequado para utiliza\u00e7\u00e3o di\u00e1ria<\/p>\n<p>O bongo Straight Tube EG-35 \u00e9 ideal tanto para fumadores experientes como para principiantes que procuram uma pe\u00e7a elegante e funcional. O seu estilo descomplicado garante a simplicidade de utiliza\u00e7\u00e3o, enquanto os pormenores imaginativos da peruca fazem dele uma pe\u00e7a central em qualquer tipo de configura\u00e7\u00e3o.<\/p>\n<p>Este bongo proporciona batidas s\u00f3lidas e suaves com um forte toque est\u00e9tico, tornando-o uma excelente adi\u00e7\u00e3o \u00e0 cole\u00e7\u00e3o de artigos de vidro de qualquer fumador.<\/p>","protected":false},"excerpt":{"rendered":"<p class=\"sr-only\"><span style=\"font-size: 16px;\">Straight Tube Bongs EG-35 Wig Wag Bullet Tube Glass 11.5 in features a bold striped bullet design, durable borosilicate glass, and sturdy base. It delivers smooth, powerful hits while offering colorful style and reliability, making it an excellent choice for both daily use and display.<\/span><\/p>","protected":false},"featured_media":3273,"comment_status":"open","ping_status":"closed","template":"","meta":[],"product_brand":[],"product_cat":[40],"product_tag":[262,217,261],"class_list":{"0":"post-3271","1":"product","2":"type-product","3":"status-publish","4":"has-post-thumbnail","6":"product_cat-straight-tube-bongs","7":"product_tag-11-5-inch-bong","8":"product_tag-straight-tube-bong","9":"product_tag-wig-wag-glass-bong","11":"first","12":"instock","13":"shipping-taxable","14":"purchasable","15":"product-type-variable"},"_links":{"self":[{"href":"https:\/\/buyegglass.com\/pt\/wp-json\/wp\/v2\/product\/3271","targetHints":{"allow":["GET"]}}],"collection":[{"href":"https:\/\/buyegglass.com\/pt\/wp-json\/wp\/v2\/product"}],"about":[{"href":"https:\/\/buyegglass.com\/pt\/wp-json\/wp\/v2\/types\/product"}],"replies":[{"embeddable":true,"href":"https:\/\/buyegglass.com\/pt\/wp-json\/wp\/v2\/comments?post=3271"}],"wp:featuredmedia":[{"embeddable":true,"href":"https:\/\/buyegglass.com\/pt\/wp-json\/wp\/v2\/media\/3273"}],"wp:attachment":[{"href":"https:\/\/buyegglass.com\/pt\/wp-json\/wp\/v2\/media?parent=3271"}],"wp:term":[{"taxonomy":"product_brand","embeddable":true,"href":"https:\/\/buyegglass.com\/pt\/wp-json\/wp\/v2\/product_brand?post=3271"},{"taxonomy":"product_cat","embeddable":true,"href":"https:\/\/buyegglass.com\/pt\/wp-json\/wp\/v2\/product_cat?post=3271"},{"taxonomy":"product_tag","embeddable":true,"href":"https:\/\/buyegglass.com\/pt\/wp-json\/wp\/v2\/product_tag?post=3271"}],"curies":[{"name":"wp","href":"https:\/\/api.w.org\/{rel}","templated":true}]}}