{"id":3235,"date":"2025-09-26T01:47:00","date_gmt":"2025-09-26T01:47:00","guid":{"rendered":"https:\/\/buyegglass.com\/?post_type=product&#038;p=3235"},"modified":"2025-10-10T09:45:01","modified_gmt":"2025-10-10T09:45:01","slug":"dab-oil-rigs-cactus-solid-colors-series-borosilicate-glass","status":"publish","type":"product","link":"https:\/\/buyegglass.com\/pt\/product\/dab-oil-rigs-cactus-solid-colors-series-borosilicate-glass\/","title":{"rendered":"Dab Oil Rigs Cactus Solid Colors Series Vidro de Borosilicato"},"content":{"rendered":"<h2>Dab Oil Rigs Cactus Solid Colors Series Vidro de Borosilicato<\/h2>\n<p>A s\u00e9rie Dab Oil Rigs Cactus Solid Colors proporciona um m\u00e9todo din\u00e2mico e funcional para melhorar a tua experi\u00eancia de dabbing. Feitas de vidro de borosilicato de primeira qualidade, estas engrenagens s\u00e3o feitas para resistir ao calor, oferecendo sempre batidas suaves e saborosas.<\/p>\n<p>Desenho especial de cactos<\/p>\n<p>No centro de cada equipamento est\u00e1 um ponto focal em forma de cato, que lhe confere um aspeto inovador e animado. O cato n\u00e3o s\u00f3 inclui apelo visual, como tamb\u00e9m contribui para uma melhor difus\u00e3o e filtragem, garantindo que cada sess\u00e3o seja fresca e agrad\u00e1vel. Com detalhes coloridos na base, na boquilha e na junta, cada item atrai a aten\u00e7\u00e3o como uma obra de arte \u00fatil.<\/p>\n<p>Custos Vidro borossilicato<\/p>\n<p>Fabricadas em vidro borossilicato espesso, estas engrenagens foram concebidas para serem resistentes e duradouras. A constru\u00e7\u00e3o s\u00f3lida garante resist\u00eancia ao stress t\u00e9rmico, tornando-o fi\u00e1vel para as sess\u00f5es do dia a dia. O vidro de alta qualidade tamb\u00e9m mant\u00e9m o sabor puro, permitindo-lhe desfrutar dos seus focos sem sabor residual indesej\u00e1vel.<\/p>\n<p>Carater\u00edsticas e vantagens<\/p>\n<p>Vidro borossilicato robusto para maior for\u00e7a e resist\u00eancia ao calor<\/p>\n<p>Ponto focal de cato colorido para um design \u00fanico e uma difus\u00e3o suave<\/p>\n<p>Base larga e segura para evitar a queda<\/p>\n<p>Disposi\u00e7\u00e3o do pesco\u00e7o dobrado para seguran\u00e7a do tra\u00e7o e utiliza\u00e7\u00e3o confort\u00e1vel<\/p>\n<p>Gama de tonalidades para combinar com o seu estilo<\/p>\n<p>Perfeito para os entusiastas do Dabbing<\/p>\n<p>Quer seja um principiante a descobrir os concentrados ou um indiv\u00edduo experiente \u00e0 procura de um equipamento de confian\u00e7a, esta s\u00e9rie fornece fun\u00e7\u00e3o e estilo. O tamanho pequeno facilita o manuseamento e a limpeza, enquanto o design v\u00edvido acrescenta personalidade \u00e0 sua cole\u00e7\u00e3o de copos.<\/p>\n<p>A cole\u00e7\u00e3o Dab Oil Rigs Cactus Solid Colors combina arte, resist\u00eancia e efici\u00eancia, tornando-a uma op\u00e7\u00e3o de destaque para quem procura elevar as suas sess\u00f5es de dabbing.<\/p>","protected":false},"excerpt":{"rendered":"<p>Dab Oil Rigs Cactus Solid Colors Series crafted from durable borosilicate glass feature vibrant cactus designs, sturdy bases, and bent necks for splash-free, smooth dabs. With bold color accents and reliable performance, these rigs bring both style and functionality to every session.<\/p>","protected":false},"featured_media":3250,"comment_status":"open","ping_status":"closed","template":"","meta":[],"product_brand":[],"product_cat":[41],"product_tag":[245,244,246],"class_list":{"0":"post-3235","1":"product","2":"type-product","3":"status-publish","4":"has-post-thumbnail","6":"product_cat-dab-oil-rigs","7":"product_tag-borosilicate-oil-rig","8":"product_tag-cactus-dab-rig","9":"product_tag-colorful-glass-rig","11":"first","12":"instock","13":"shipping-taxable","14":"purchasable","15":"product-type-variable"},"_links":{"self":[{"href":"https:\/\/buyegglass.com\/pt\/wp-json\/wp\/v2\/product\/3235","targetHints":{"allow":["GET"]}}],"collection":[{"href":"https:\/\/buyegglass.com\/pt\/wp-json\/wp\/v2\/product"}],"about":[{"href":"https:\/\/buyegglass.com\/pt\/wp-json\/wp\/v2\/types\/product"}],"replies":[{"embeddable":true,"href":"https:\/\/buyegglass.com\/pt\/wp-json\/wp\/v2\/comments?post=3235"}],"wp:featuredmedia":[{"embeddable":true,"href":"https:\/\/buyegglass.com\/pt\/wp-json\/wp\/v2\/media\/3250"}],"wp:attachment":[{"href":"https:\/\/buyegglass.com\/pt\/wp-json\/wp\/v2\/media?parent=3235"}],"wp:term":[{"taxonomy":"product_brand","embeddable":true,"href":"https:\/\/buyegglass.com\/pt\/wp-json\/wp\/v2\/product_brand?post=3235"},{"taxonomy":"product_cat","embeddable":true,"href":"https:\/\/buyegglass.com\/pt\/wp-json\/wp\/v2\/product_cat?post=3235"},{"taxonomy":"product_tag","embeddable":true,"href":"https:\/\/buyegglass.com\/pt\/wp-json\/wp\/v2\/product_tag?post=3235"}],"curies":[{"name":"wp","href":"https:\/\/api.w.org\/{rel}","templated":true}]}}