{"id":3199,"date":"2025-09-26T01:30:14","date_gmt":"2025-09-26T01:30:14","guid":{"rendered":"https:\/\/buyegglass.com\/?post_type=product&#038;p=3199"},"modified":"2025-10-10T08:16:21","modified_gmt":"2025-10-10T08:16:21","slug":"beaker-bongs-diamond-borosilicate-glass-eg-09-14inch-shop","status":"publish","type":"product","link":"https:\/\/buyegglass.com\/pt\/product\/beaker-bongs-diamond-borosilicate-glass-eg-09-14inch-shop\/","title":{"rendered":"Bongos de vidro de borosilicato de diamante EG-09 14 polegadas Loja"},"content":{"rendered":"<h2>Bongos de vidro borossilicato de rubi EG-09 de 14 polegadas<\/h2>\n<p>O Beaker Bongs Diamond Borosilicate Glass EG-09 proporciona um equil\u00edbrio perfeito entre durabilidade, estilo e capacidade de fumar sem problemas. Com 14 polegadas de altura, esta pe\u00e7a \u00e9 fabricada em vidro borossilicato de primeira qualidade, conhecido pela sua resist\u00eancia ao stress t\u00e9rmico. A base do copo proporciona seguran\u00e7a adicional, garantindo que n\u00e3o tomba rapidamente durante a utiliza\u00e7\u00e3o ou limpeza.<\/p>\n<p>O tubo superior apresenta um estilo congelado com textura de diamante, dando-lhe um aspeto elegante e moderno que tamb\u00e9m aumenta a ader\u00eancia. Dispon\u00edvel em v\u00e1rios tons, como azul profundo, verde, preto e cor-de-rosa, este bongo permite-lhe combinar o seu design, incluindo um toque de individualidade em cada sess\u00e3o.<\/p>\n<p>Carater\u00edsticas que se destacam<\/p>\n<p>Altura de 14 polegadas, ideal para desenhos suaves e modernos<\/p>\n<p>Vidro borossilicato espesso para maior dureza e resist\u00eancia ao calor<\/p>\n<p>Base de copo larga para maior estabilidade e maior capacidade de \u00e1gua<\/p>\n<p>Estilo fosco com padr\u00e3o de diamante para um maior apelo visual e ader\u00eancia<\/p>\n<p>Numerosas op\u00e7\u00f5es de cores din\u00e2micas<\/p>\n<p>Quer esteja \u00e0 procura de uma pe\u00e7a fi\u00e1vel para o dia a dia ou de algo apelativo para adicionar \u00e0 sua cole\u00e7\u00e3o, a EG-09 oferece efici\u00eancia e apelo visual. A combina\u00e7\u00e3o de acabamento e praticidade torna-o uma escolha maravilhosa para os fan\u00e1ticos que valorizam batidas suaves e design contempor\u00e2neo.<\/p>\n<p>Este bongo de b\u00e9quer \u00e9 tamb\u00e9m muito f\u00e1cil de limpar e conservar, gra\u00e7as \u00e0 sua constru\u00e7\u00e3o simples e haste inferior amov\u00edvel. Perfeito tanto para principiantes como para pessoas experientes, o EG-09 melhora a sua experi\u00eancia de fumar com atrac\u00e7\u00f5es frescas e filtradas e um estilo que se sente t\u00e3o bem na m\u00e3o como no ecr\u00e3.<\/p>\n<p>Traga para casa os Bongos Beaker Diamond Borosilicate Glass EG-09 14 Inch e melhore as suas sess\u00f5es com uma mistura de for\u00e7a, estilo e desempenho.<\/p>","protected":false},"excerpt":{"rendered":"<p>Beaker Bongs Diamond Borosilicate Glass EG-09 14 Inch features a sturdy beaker base, frosted diamond-patterned tube, and vibrant color options. Made from durable borosilicate glass, it delivers smooth, cool hits while offering stability, style, and easy cleaning for both new and seasoned users.<\/p>","protected":false},"featured_media":3203,"comment_status":"open","ping_status":"closed","template":"","meta":[],"product_brand":[],"product_cat":[39],"product_tag":[231,226,219],"class_list":{"0":"post-3199","1":"product","2":"type-product","3":"status-publish","4":"has-post-thumbnail","6":"product_cat-beaker-bongs","7":"product_tag-14-inch-bong","8":"product_tag-beaker-bong","9":"product_tag-borosilicate-glass-bong","11":"first","12":"instock","13":"shipping-taxable","14":"purchasable","15":"product-type-variable"},"_links":{"self":[{"href":"https:\/\/buyegglass.com\/pt\/wp-json\/wp\/v2\/product\/3199","targetHints":{"allow":["GET"]}}],"collection":[{"href":"https:\/\/buyegglass.com\/pt\/wp-json\/wp\/v2\/product"}],"about":[{"href":"https:\/\/buyegglass.com\/pt\/wp-json\/wp\/v2\/types\/product"}],"replies":[{"embeddable":true,"href":"https:\/\/buyegglass.com\/pt\/wp-json\/wp\/v2\/comments?post=3199"}],"wp:featuredmedia":[{"embeddable":true,"href":"https:\/\/buyegglass.com\/pt\/wp-json\/wp\/v2\/media\/3203"}],"wp:attachment":[{"href":"https:\/\/buyegglass.com\/pt\/wp-json\/wp\/v2\/media?parent=3199"}],"wp:term":[{"taxonomy":"product_brand","embeddable":true,"href":"https:\/\/buyegglass.com\/pt\/wp-json\/wp\/v2\/product_brand?post=3199"},{"taxonomy":"product_cat","embeddable":true,"href":"https:\/\/buyegglass.com\/pt\/wp-json\/wp\/v2\/product_cat?post=3199"},{"taxonomy":"product_tag","embeddable":true,"href":"https:\/\/buyegglass.com\/pt\/wp-json\/wp\/v2\/product_tag?post=3199"}],"curies":[{"name":"wp","href":"https:\/\/api.w.org\/{rel}","templated":true}]}}