{"id":3020,"date":"2025-09-25T10:30:21","date_gmt":"2025-09-25T10:30:21","guid":{"rendered":"https:\/\/buyegglass.com\/?post_type=product&#038;p=3020"},"modified":"2025-10-10T09:32:20","modified_gmt":"2025-10-10T09:32:20","slug":"glass-weed-pipes-double-monster-eyeballs-borosilicate-4-5in","status":"publish","type":"product","link":"https:\/\/buyegglass.com\/pt\/product\/glass-weed-pipes-double-monster-eyeballs-borosilicate-4-5in\/","title":{"rendered":"Cachimbos de vidro para erva daninha Double Monster Eyeballs Borosilicato 4.5in"},"content":{"rendered":"<h2>Tubos de vidro para erva daninha Dual Beast Eyeballs Borosilicato 4,5 pol.<\/h2>\n<p>D\u00ea um toque divertido \u00e0 sua cole\u00e7\u00e3o de cigarros para fumar com o Glass Weed Pipes Dual Monster Eyeballs Borosilicate 4.5 in. Concebido com fun\u00e7\u00f5es \u00fanicas inspiradas em monstros, este cachimbo incorpora um design peculiar com um acabamento pr\u00e1tico. Cada artigo \u00e9 fabricado em vidro borossilicato de longa dura\u00e7\u00e3o, garantindo for\u00e7a, resist\u00eancia ao calor e utiliza\u00e7\u00e3o duradoura.<\/p>\n<p>A carater\u00edstica mais marcante deste cachimbo de erva \u00e9 a disposi\u00e7\u00e3o divertida da besta, com 2 globos oculares salientes e uma boca sorridente com informa\u00e7\u00f5es sobre dentes fortes. Dispon\u00edvel em diferentes tonalidades vivas, cada pe\u00e7a confere individualidade \u00e0s suas sess\u00f5es de fumo, continuando a ser extremamente funcional. A dimens\u00e3o port\u00e1til de 4,5 polegadas torna-o port\u00e1til, simples de utilizar e f\u00e1cil de limpar, tornando-o uma pe\u00e7a di\u00e1ria excecional ou um objeto de cole\u00e7\u00e3o agrad\u00e1vel.<\/p>\n<p>Fun\u00e7\u00f5es de truque.<\/p>\n<p>Tamanho: 4,5 polegadas para maior facilidade de transporte e conforto.<\/p>\n<p>Produto: Vidro borossilicato de qualidade superior para maior durabilidade e resist\u00eancia ao calor.<\/p>\n<p>Estilo \u00fanico: Os olhos duplos do monstro e os pormenores da boca conferem-lhe personalidade.<\/p>\n<p>As cores: Op\u00e7\u00f5es din\u00e2micas que se destacam em qualquer cole\u00e7\u00e3o.<\/p>\n<p>Fun\u00e7\u00e3o: Fluxo de ar suave com uma pega confort\u00e1vel.<\/p>\n<p>Este artigo \u00e9 excelente para os fumadores de cigarros que valorizam a arte \u00fatil. Quer esteja a incluir uma conduta de destaque na sua cole\u00e7\u00e3o ou \u00e0 procura de um presente agrad\u00e1vel, o design Dual Monster Eyeballs garante discuss\u00f5es e sorrisos. O seu tipo compacto garante que desliza convenientemente para um bolso ou saco, para que o possa levar para qualquer lado.<\/p>\n<p>Com o seu layout inovador e qualidade superior fi\u00e1vel, o Glass Weed Pipes Dual Monster Eyeballs Borosilicate 4.5 in mistura virtuosismo e praticidade. N\u00e3o se trata apenas de um acess\u00f3rio para fumar, mas de uma pe\u00e7a de declara\u00e7\u00e3o que mostra o seu lado espirituoso, ao mesmo tempo que proporciona uma experi\u00eancia de fumar cigarros sempre suave.<\/p>","protected":false},"excerpt":{"rendered":"<p>The Glass Weed Pipes Double Monster Eyeballs Borosilicate 4.5in brings fun and function together with quirky monster designs, durable borosilicate glass, vibrant colors, and portable size. Perfect for collectors or daily use, it delivers smooth airflow and adds personality to every session.<\/p>","protected":false},"featured_media":3024,"comment_status":"open","ping_status":"closed","template":"","meta":[],"product_brand":[],"product_cat":[107],"product_tag":[188,229,385],"class_list":{"0":"post-3020","1":"product","2":"type-product","3":"status-publish","4":"has-post-thumbnail","6":"product_cat-weed-pipe","7":"product_tag-borosilicate-smoking-pipe","8":"product_tag-monster-design-pipe","9":"product_tag-weed-pipes","11":"first","12":"instock","13":"shipping-taxable","14":"purchasable","15":"product-type-variable"},"_links":{"self":[{"href":"https:\/\/buyegglass.com\/pt\/wp-json\/wp\/v2\/product\/3020","targetHints":{"allow":["GET"]}}],"collection":[{"href":"https:\/\/buyegglass.com\/pt\/wp-json\/wp\/v2\/product"}],"about":[{"href":"https:\/\/buyegglass.com\/pt\/wp-json\/wp\/v2\/types\/product"}],"replies":[{"embeddable":true,"href":"https:\/\/buyegglass.com\/pt\/wp-json\/wp\/v2\/comments?post=3020"}],"wp:featuredmedia":[{"embeddable":true,"href":"https:\/\/buyegglass.com\/pt\/wp-json\/wp\/v2\/media\/3024"}],"wp:attachment":[{"href":"https:\/\/buyegglass.com\/pt\/wp-json\/wp\/v2\/media?parent=3020"}],"wp:term":[{"taxonomy":"product_brand","embeddable":true,"href":"https:\/\/buyegglass.com\/pt\/wp-json\/wp\/v2\/product_brand?post=3020"},{"taxonomy":"product_cat","embeddable":true,"href":"https:\/\/buyegglass.com\/pt\/wp-json\/wp\/v2\/product_cat?post=3020"},{"taxonomy":"product_tag","embeddable":true,"href":"https:\/\/buyegglass.com\/pt\/wp-json\/wp\/v2\/product_tag?post=3020"}],"curies":[{"name":"wp","href":"https:\/\/api.w.org\/{rel}","templated":true}]}}