{"id":3002,"date":"2025-09-25T10:25:49","date_gmt":"2025-09-25T10:25:49","guid":{"rendered":"https:\/\/buyegglass.com\/?post_type=product&#038;p=3002"},"modified":"2025-10-10T08:10:53","modified_gmt":"2025-10-10T08:10:53","slug":"beaker-bongs-eg-03-cross-borosilicate-glass-7mm-buy-now","status":"publish","type":"product","link":"https:\/\/buyegglass.com\/pt\/product\/beaker-bongs-eg-03-cross-borosilicate-glass-7mm-buy-now\/","title":{"rendered":"Bongos EG-03 Cross Vidro Borosilicato 7mm Comprar agora"},"content":{"rendered":"<h2>Bongos EG-03 Vidro borossilicato cruzado 7mm<\/h2>\n<p>O bongo Beaker EG-03 Cross Borosilicate Glass 7mm oferece resist\u00eancia e estilo para os fumadores de cigarros que valorizam a efici\u00eancia e o design. Fabricado com vidro borossilicato de 7 mm de espessura, este bongo garante uma utiliza\u00e7\u00e3o duradoura e resist\u00eancia ao calor. A sua base dur\u00e1vel oferece uma estabilidade soberba, enquanto o design largo do copo permite batidas grandes e suaves com uma purifica\u00e7\u00e3o de \u00e1gua refor\u00e7ada.<\/p>\n<p>Uma carater\u00edstica que se destaca nesta pe\u00e7a s\u00e3o os padr\u00f5es detalhados de cruzes congeladas gravadas no vidro, dando-lhe um visual forte e contempor\u00e2neo. Dispon\u00edvel em v\u00e1rias cores, como azul, preto, rosa e ecol\u00f3gico, este bongo permite-lhe selecionar um design que corresponda \u00e0 sua personalidade, mantendo o seu corpo transparente e aerodin\u00e2mico. Os detalhes congelados no pesco\u00e7o e na base elevam o seu design para al\u00e9m de um bongo de vidro convencional, tornando-o t\u00e3o apelativo visualmente como pr\u00e1tico.<\/p>\n<p>O EG-03 \u00e9 fornecido com uma haste inferior amov\u00edvel e um copo de vidro a condizer, concebidos para proporcionar um fluxo de ar cont\u00ednuo e uma limpeza simples. O seu pesco\u00e7o alto e reto ajuda a reduzir os salpicos, ao passo que a alternativa de pitada de gelo permite-lhe adicionar gelo para obter batidas mais frescas e suaves. Quer seja para sess\u00f5es pessoais ou para partilhar em grupo, este bongo com copo proporciona sempre integridade e alta qualidade.<\/p>\n<p>Perfeito tanto para principiantes como para fumadores experientes, o Beaker Bongs EG-03 Cross Borosilicate Glass 7mm Get Now \u00e9 o melhor equil\u00edbrio entre durabilidade, funcionalidade e layout moderno. N\u00e3o se trata apenas de uma ferramenta para fumar, mas tamb\u00e9m de uma pe\u00e7a de \u00f3culos elegante que ter\u00e1 orgulho em exibir.<\/p>","protected":false},"excerpt":{"rendered":"<p>The Beaker Bongs EG-03 Cross Borosilicate Glass 7mm features thick durable glass, frosted cross patterns, stable base, and color accents. With ice pinch and removable downstem, it delivers smooth, cool hits and stylish design for reliable everyday use.<\/p>","protected":false},"featured_media":3006,"comment_status":"open","ping_status":"closed","template":"","meta":[],"product_brand":[],"product_cat":[39],"product_tag":[226,141,168],"class_list":{"0":"post-3002","1":"product","2":"type-product","3":"status-publish","4":"has-post-thumbnail","6":"product_cat-beaker-bongs","7":"product_tag-beaker-bong","8":"product_tag-borosilicate-bong","9":"product_tag-glass-water-pipe","11":"first","12":"instock","13":"shipping-taxable","14":"purchasable","15":"product-type-variable"},"_links":{"self":[{"href":"https:\/\/buyegglass.com\/pt\/wp-json\/wp\/v2\/product\/3002","targetHints":{"allow":["GET"]}}],"collection":[{"href":"https:\/\/buyegglass.com\/pt\/wp-json\/wp\/v2\/product"}],"about":[{"href":"https:\/\/buyegglass.com\/pt\/wp-json\/wp\/v2\/types\/product"}],"replies":[{"embeddable":true,"href":"https:\/\/buyegglass.com\/pt\/wp-json\/wp\/v2\/comments?post=3002"}],"wp:featuredmedia":[{"embeddable":true,"href":"https:\/\/buyegglass.com\/pt\/wp-json\/wp\/v2\/media\/3006"}],"wp:attachment":[{"href":"https:\/\/buyegglass.com\/pt\/wp-json\/wp\/v2\/media?parent=3002"}],"wp:term":[{"taxonomy":"product_brand","embeddable":true,"href":"https:\/\/buyegglass.com\/pt\/wp-json\/wp\/v2\/product_brand?post=3002"},{"taxonomy":"product_cat","embeddable":true,"href":"https:\/\/buyegglass.com\/pt\/wp-json\/wp\/v2\/product_cat?post=3002"},{"taxonomy":"product_tag","embeddable":true,"href":"https:\/\/buyegglass.com\/pt\/wp-json\/wp\/v2\/product_tag?post=3002"}],"curies":[{"name":"wp","href":"https:\/\/api.w.org\/{rel}","templated":true}]}}