{"id":2966,"date":"2025-09-25T10:13:32","date_gmt":"2025-09-25T10:13:32","guid":{"rendered":"https:\/\/buyegglass.com\/?post_type=product&#038;p=2966"},"modified":"2025-10-10T08:09:23","modified_gmt":"2025-10-10T08:09:23","slug":"beaker-bongs-eg-02-symbols-borosilicate-glass-7mm-buy-now","status":"publish","type":"product","link":"https:\/\/buyegglass.com\/pt\/product\/beaker-bongs-eg-02-symbols-borosilicate-glass-7mm-buy-now\/","title":{"rendered":"Bongos EG-02 Symbols Vidro Borosilicato 7mm Comprar agora"},"content":{"rendered":"<h2>Bongos de copo com estilo simb\u00f3lico e durabilidade<\/h2>\n<p>O bongo Beaker EG-02 Symbols Borosilicate Glass 7mm oferece uma mistura impressionante de estilo e resist\u00eancia, concebido para fumadores que valorizam tanto a est\u00e9tica como o desempenho. Feito de vidro borossilicato espesso de 7 mm, este bongo foi desenvolvido para resistir ao uso quotidiano e fornecer batidas suaves e constantes.<\/p>\n<p>O que torna este item especial \u00e9 o padr\u00e3o de s\u00edmbolo personalizado que deixa o pesco\u00e7o e a base. O design gravado n\u00e3o s\u00f3 acrescenta um toque de singularidade, como tamb\u00e9m proporciona uma pega sens\u00edvel que se sente realmente segura nas suas m\u00e3os. Quer sejas novo no mundo do tabaco ou um fan\u00e1tico experiente, o EG-02 d\u00e1 um toque elegante \u00e0 disposi\u00e7\u00e3o convencional do bongo de b\u00e9quer.<\/p>\n<p>Fun\u00e7\u00f5es do bongo EG-02 Beaker<\/p>\n<p>Fabricado em vidro borossilicato de 7 mm de qualidade superior<\/p>\n<p>Padr\u00e3o de s\u00edmbolos gravados para um estilo moderno e uma ader\u00eancia segura<\/p>\n<p>A base larga do copo garante uma excelente seguran\u00e7a<\/p>\n<p>Configura\u00e7\u00e3o cl\u00e1ssica de haste inferior e prato para uma utiliza\u00e7\u00e3o e manuten\u00e7\u00e3o simples<\/p>\n<p>Dispon\u00edvel em numerosas varia\u00e7\u00f5es de tonalidades, como azul, rosa, preto e verde<\/p>\n<p>O desempenho encontra o estilo<\/p>\n<p>A base larga do copo permite uma c\u00e2mara de \u00e1gua maior, o que melhora a filtragem e proporciona uma inala\u00e7\u00e3o mais fresca e suave. A densidade do vidro borossilicato garante a sua resist\u00eancia, resistindo a fissuras e lascas resultantes do manuseamento di\u00e1rio. Os sinais gravados conferem ao artigo um aspeto moderno que se destaca em qualquer tipo de cole\u00e7\u00e3o.<\/p>\n<p>Quer esteja a comprar o seu primeiro bongo ou a contribuir para um programa de crescimento, o bongo Beaker Bong EG-02 Symbols Borosilicate Glass 7mm \u00e9 uma excelente sele\u00e7\u00e3o. Oferece a resist\u00eancia de que necessita com um estilo que torna cada sess\u00e3o mais agrad\u00e1vel.<\/p>","protected":false},"excerpt":{"rendered":"<p>Beaker Bongs EG-02 Symbols Borosilicate Glass 7mm offers durability with a sturdy base and thick walls. The engraved symbol design adds style, while its clear glass ensures smooth, enjoyable sessions every time. Perfect for users seeking strength, function, and modern aesthetic in one piece.<\/p>","protected":false},"featured_media":2974,"comment_status":"open","ping_status":"closed","template":"","meta":[],"product_brand":[],"product_cat":[39],"product_tag":[222,221,219],"class_list":{"0":"post-2966","1":"product","2":"type-product","3":"status-publish","4":"has-post-thumbnail","6":"product_cat-beaker-bongs","7":"product_tag-7mm-glass-bong","8":"product_tag-beaker-bongs","9":"product_tag-borosilicate-glass-bong","11":"first","12":"instock","13":"shipping-taxable","14":"purchasable","15":"product-type-variable"},"_links":{"self":[{"href":"https:\/\/buyegglass.com\/pt\/wp-json\/wp\/v2\/product\/2966","targetHints":{"allow":["GET"]}}],"collection":[{"href":"https:\/\/buyegglass.com\/pt\/wp-json\/wp\/v2\/product"}],"about":[{"href":"https:\/\/buyegglass.com\/pt\/wp-json\/wp\/v2\/types\/product"}],"replies":[{"embeddable":true,"href":"https:\/\/buyegglass.com\/pt\/wp-json\/wp\/v2\/comments?post=2966"}],"wp:featuredmedia":[{"embeddable":true,"href":"https:\/\/buyegglass.com\/pt\/wp-json\/wp\/v2\/media\/2974"}],"wp:attachment":[{"href":"https:\/\/buyegglass.com\/pt\/wp-json\/wp\/v2\/media?parent=2966"}],"wp:term":[{"taxonomy":"product_brand","embeddable":true,"href":"https:\/\/buyegglass.com\/pt\/wp-json\/wp\/v2\/product_brand?post=2966"},{"taxonomy":"product_cat","embeddable":true,"href":"https:\/\/buyegglass.com\/pt\/wp-json\/wp\/v2\/product_cat?post=2966"},{"taxonomy":"product_tag","embeddable":true,"href":"https:\/\/buyegglass.com\/pt\/wp-json\/wp\/v2\/product_tag?post=2966"}],"curies":[{"name":"wp","href":"https:\/\/api.w.org\/{rel}","templated":true}]}}