{"id":2928,"date":"2025-09-25T09:34:33","date_gmt":"2025-09-25T09:34:33","guid":{"rendered":"https:\/\/buyegglass.com\/?post_type=product&#038;p=2928"},"modified":"2025-10-10T08:17:59","modified_gmt":"2025-10-10T08:17:59","slug":"eg-glass-12-inch-thick-clear-circle-splash-straight-tube","status":"publish","type":"product","link":"https:\/\/buyegglass.com\/pt\/product\/eg-glass-12-inch-thick-clear-circle-splash-straight-tube\/","title":{"rendered":"EG Glass Tubo reto com salpicos de c\u00edrculo transparente de 12 polegadas de espessura"},"content":{"rendered":"<h2>EG Glass Tubo reto com salpicos de c\u00edrculo transparente de 12 polegadas de espessura<\/h2>\n<p>Melhore a sua experi\u00eancia de fumar com o EG Glass 12 Inch Thick Clear Circle Splash Straight Tube, uma obra de arte de design funcional e acabamento imaculado. Concebido para aqueles que valorizam um desempenho duradouro e uma apar\u00eancia cristalina, este bongo de tubo reto \u00e9 um testemunho da dedica\u00e7\u00e3o da EG Glass \u00e0 qualidade.<\/p>\n<p>Fabricada em vidro borossilicato de alta qualidade e espessura extra, esta pe\u00e7a garante uma extraordin\u00e1ria resili\u00eancia e resist\u00eancia ao calor. A espessura substancial garante uma sensa\u00e7\u00e3o de dureza na sua m\u00e3o e minimiza drasticamente a amea\u00e7a de danos n\u00e3o intencionais, tornando-o um amigo fi\u00e1vel durante muitos anos. O seu revestimento transparente n\u00e3o s\u00f3 oferece uma apar\u00eancia elegante e minimalista que combina com qualquer cole\u00e7\u00e3o, como tamb\u00e9m lhe permite desfrutar da hipnotizante percola\u00e7\u00e3o em a\u00e7\u00e3o, garantindo que est\u00e1 sempre familiarizado com a limpeza da sua \u00e1gua.<\/p>\n<p>A altura de 12 polegadas proporciona um equil\u00edbrio perfeito entre mobilidade e excelente climatiza\u00e7\u00e3o do fumo. Esta estatura ideal permite um percurso mais longo do fumo, proporcionando \u00e0 haste inferior difusa integrada uma ampla oportunidade de filtrar e arrefecer os seus tragos. A haste inferior difusa, vis\u00edvel na base, apresenta v\u00e1rias fendas que dividem o fumo em bolhas melhores, aproveitando ao m\u00e1ximo a \u00e1rea de contacto com a \u00e1gua para obter batidas excecionalmente suaves e agrad\u00e1veis. Diga adeus \u00e0 aspereza e ol\u00e1 a uma experi\u00eancia incrivelmente suave.<\/p>\n<p>Uma carater\u00edstica famosa \u00e9 a base circular firme, meticulosamente criada para proporcionar uma estabilidade inabal\u00e1vel. Esta base grande e espessa impede a inclina\u00e7\u00e3o, assegurando que o seu item importante e os seus materiais permanecem seguros em qualquer tipo de superf\u00edcie plana. O pr\u00f3prio design do tubo reto \u00e9 famoso por proporcionar rasgos rectos e eficazes, tornando-o preferido entre os amantes que preferem um desenho menos restritivo.<\/p>\n<p>O design do log\u00f3tipo EG Glass, subtil mas elegantemente gravado no gargalo, representa credibilidade e um selo de qualidade superior excecional. Cada curva e cada fator de liga\u00e7\u00e3o est\u00e3o perfeitamente implementados, reflectindo uma arte excecional e uma aten\u00e7\u00e3o \u00e0 informa\u00e7\u00e3o. Este bongo n\u00e3o \u00e9 simplesmente um dispositivo para fumar cigarros; \u00e9 uma pe\u00e7a de afirma\u00e7\u00e3o que se integra perfeitamente no modo de vida avan\u00e7ado.<\/p>\n<p>F\u00e1cil de limpar e preservar, a estrutura b\u00e1sica do tubo reto com as suas amplas aberturas permite um acesso r\u00e1pido e uma limpeza detalhada, garantindo que pode manter a sua pe\u00e7a a brilhar e as suas sess\u00f5es puras. Quer seja um aficionado experiente ou um novato no mundo do vidro, o EG Glass 12 Inch Thick Clear Circle Sprinkle Straight Tube utiliza uma combina\u00e7\u00e3o inigual\u00e1vel de durabilidade, efici\u00eancia e atra\u00e7\u00e3o visual. Experimente a distin\u00e7\u00e3o que a verdadeira alta qualidade faz<\/p>","protected":false},"excerpt":{"rendered":"<p>The EG Glass 12-inch Thick Clear Circle Splash Straight Tube is a durable and sleek smoking accessory. Crafted from robust clear glass, it features a stable circular base and a straight neck with a splash guard for smooth hits.<\/p>","protected":false},"featured_media":3890,"comment_status":"open","ping_status":"closed","template":"","meta":[],"product_brand":[],"product_cat":[46],"product_tag":[382,381,383],"class_list":{"0":"post-2928","1":"product","2":"type-product","3":"status-publish","4":"has-post-thumbnail","6":"product_cat-straight-tube","7":"product_tag-12-inch-straight-tube","8":"product_tag-glass-straight-tube","9":"product_tag-straight-tube","11":"first","12":"instock","13":"shipping-taxable","14":"purchasable","15":"product-type-variable"},"_links":{"self":[{"href":"https:\/\/buyegglass.com\/pt\/wp-json\/wp\/v2\/product\/2928","targetHints":{"allow":["GET"]}}],"collection":[{"href":"https:\/\/buyegglass.com\/pt\/wp-json\/wp\/v2\/product"}],"about":[{"href":"https:\/\/buyegglass.com\/pt\/wp-json\/wp\/v2\/types\/product"}],"replies":[{"embeddable":true,"href":"https:\/\/buyegglass.com\/pt\/wp-json\/wp\/v2\/comments?post=2928"}],"wp:featuredmedia":[{"embeddable":true,"href":"https:\/\/buyegglass.com\/pt\/wp-json\/wp\/v2\/media\/3890"}],"wp:attachment":[{"href":"https:\/\/buyegglass.com\/pt\/wp-json\/wp\/v2\/media?parent=2928"}],"wp:term":[{"taxonomy":"product_brand","embeddable":true,"href":"https:\/\/buyegglass.com\/pt\/wp-json\/wp\/v2\/product_brand?post=2928"},{"taxonomy":"product_cat","embeddable":true,"href":"https:\/\/buyegglass.com\/pt\/wp-json\/wp\/v2\/product_cat?post=2928"},{"taxonomy":"product_tag","embeddable":true,"href":"https:\/\/buyegglass.com\/pt\/wp-json\/wp\/v2\/product_tag?post=2928"}],"curies":[{"name":"wp","href":"https:\/\/api.w.org\/{rel}","templated":true}]}}