{"id":2886,"date":"2025-09-25T09:17:48","date_gmt":"2025-09-25T09:17:48","guid":{"rendered":"https:\/\/buyegglass.com\/?post_type=product&#038;p=2886"},"modified":"2025-10-10T08:27:52","modified_gmt":"2025-10-10T08:27:52","slug":"es2257-dab-oil-rigs-glass-12-inch-bent-neck-klein-oil-rig","status":"publish","type":"product","link":"https:\/\/buyegglass.com\/pt\/product\/es2257-dab-oil-rigs-glass-12-inch-bent-neck-klein-oil-rig\/","title":{"rendered":"ES2257 Dab Oil Rigs Glass 12 Inch Bent Neck Klein Oil Rig"},"content":{"rendered":"<h2>ES2257 Bit Oil Rigs Glass 12 Inch Bent Neck Klein Oil Well<\/h2>\n<p>O po\u00e7o de \u00f3leo ES2257 Dab Oil Rigs Glass 12 Inch Bent Neck Klein combina eleg\u00e2ncia, capacidade e longevidade para uma experi\u00eancia extraordin\u00e1ria de fumar cigarros. Fabricado em vidro borossilicato, este po\u00e7o de petr\u00f3leo oferece uma excelente resist\u00eancia ao calor, mantendo um aspeto simples e claro que real\u00e7a a sua qualidade de fabrico.<\/p>\n<p>O estilo de pesco\u00e7o dobrado n\u00e3o s\u00f3 est\u00e1 na moda como tamb\u00e9m \u00e9 funcional, ajudando a evitar salpicos e oferecendo um \u00e2ngulo confort\u00e1vel para cada inala\u00e7\u00e3o. Com 12 polegadas de altura, oferece o equil\u00edbrio ideal entre transportabilidade e desempenho, tornando-o uma excelente escolha tanto para sess\u00f5es em casa como para utiliza\u00e7\u00e3o em viagem.<\/p>\n<p>Conce\u00e7\u00e3o avan\u00e7ada do reciclador Klein<\/p>\n<p>Esta plataforma petrol\u00edfera atrai as aten\u00e7\u00f5es com o seu sistema de reciclagem Klein, concebido para obter um sistema de acerto suave e filtrado. O esquema recicla continuamente a \u00e1gua dentro da c\u00e2mara, mantendo-a fresca e impedindo o fumo viciado. Isto garante que cada batida \u00e9 arrefecida e completa de sabor, melhorando a experi\u00eancia geral de fumar cigarros.<\/p>\n<p>O coador difuso inclu\u00eddo decomp\u00f5e o fumo em bolhas mais finas, optimizando o ar condicionado e a filtragem. Isto resulta numa respira\u00e7\u00e3o mais suave e limpa, que \u00e9 suave para a garganta e os pulm\u00f5es.<\/p>\n<p>Desenvolvido para utiliza\u00e7\u00e3o di\u00e1ria<\/p>\n<p>A longevidade cumpre o design com o ES2257. A sua base espessa proporciona seguran\u00e7a, reduzindo o risco de inclina\u00e7\u00e3o durante a utiliza\u00e7\u00e3o. As juntas de primeira qualidade garantem uma liga\u00e7\u00e3o protegida com o seu banger ou ta\u00e7a, enquanto o corpo de vidro transparente facilita o controlo dos graus de \u00e1gua e mant\u00e9m o seu equipamento arrumado.<\/p>\n<p>Se est\u00e1 a tentar encontrar uma pe\u00e7a que ofere\u00e7a uma efici\u00eancia soberba e um design cl\u00e1ssico, o Dab Oil Rigs Glass 12 Inch Bent Neck Klein Oil Well \u00e9 uma escolha fi\u00e1vel. O seu design reciclador, o fluxo de ar suave e a forma ergon\u00f3mica tornam-no imprescind\u00edvel para os fan\u00e1ticos que procuram tanto o tipo como a fun\u00e7\u00e3o.<\/p>","protected":false},"excerpt":{"rendered":"<p>Crafted from durable borosilicate glass, the ES2257 Dab Oil Rigs 12 Inch Bent Neck Klein Oil Rig features a sleek design with precision Klein incycler for smooth hits. The bent neck ensures comfort while the sturdy base provides stability. Perfect for both beginners and experienced users.<\/p>","protected":false},"featured_media":2891,"comment_status":"open","ping_status":"closed","template":"","meta":[],"product_brand":[],"product_cat":[41],"product_tag":[155,204,205],"class_list":{"0":"post-2886","1":"product","2":"type-product","3":"status-publish","4":"has-post-thumbnail","6":"product_cat-dab-oil-rigs","7":"product_tag-dab-oil-rigs","8":"product_tag-glass-oil-rig","9":"product_tag-klein-recycler-rig","11":"first","12":"instock","13":"shipping-taxable","14":"purchasable","15":"product-type-variable"},"_links":{"self":[{"href":"https:\/\/buyegglass.com\/pt\/wp-json\/wp\/v2\/product\/2886","targetHints":{"allow":["GET"]}}],"collection":[{"href":"https:\/\/buyegglass.com\/pt\/wp-json\/wp\/v2\/product"}],"about":[{"href":"https:\/\/buyegglass.com\/pt\/wp-json\/wp\/v2\/types\/product"}],"replies":[{"embeddable":true,"href":"https:\/\/buyegglass.com\/pt\/wp-json\/wp\/v2\/comments?post=2886"}],"wp:featuredmedia":[{"embeddable":true,"href":"https:\/\/buyegglass.com\/pt\/wp-json\/wp\/v2\/media\/2891"}],"wp:attachment":[{"href":"https:\/\/buyegglass.com\/pt\/wp-json\/wp\/v2\/media?parent=2886"}],"wp:term":[{"taxonomy":"product_brand","embeddable":true,"href":"https:\/\/buyegglass.com\/pt\/wp-json\/wp\/v2\/product_brand?post=2886"},{"taxonomy":"product_cat","embeddable":true,"href":"https:\/\/buyegglass.com\/pt\/wp-json\/wp\/v2\/product_cat?post=2886"},{"taxonomy":"product_tag","embeddable":true,"href":"https:\/\/buyegglass.com\/pt\/wp-json\/wp\/v2\/product_tag?post=2886"}],"curies":[{"name":"wp","href":"https:\/\/api.w.org\/{rel}","templated":true}]}}