{"id":2876,"date":"2025-09-25T09:12:33","date_gmt":"2025-09-25T09:12:33","guid":{"rendered":"https:\/\/buyegglass.com\/?post_type=product&#038;p=2876"},"modified":"2025-10-10T09:27:22","modified_gmt":"2025-10-10T09:27:22","slug":"hand-pipe-borosilicate-glass-egh02-4-13inch-twisted-horn","status":"publish","type":"product","link":"https:\/\/buyegglass.com\/pt\/product\/hand-pipe-borosilicate-glass-egh02-4-13inch-twisted-horn\/","title":{"rendered":"Cachimbo de m\u00e3o em vidro de borosilicato EGH02 4.13Inch Twisted Horn"},"content":{"rendered":"<h2>Tubo manual de vidro borossilicato EGH02 de 4,13 polegadas com chifre torcido<\/h2>\n<p>O Hand Pipe Borosilicate Glass EGH02 4.13 Inch Twisted Horn junta o pensamento criativo e a funcionalidade num estilo extraordinariamente especial. Com redemoinhos de cores fortes, detalhes em vidro aumentados e uma fun\u00e7\u00e3o de chifre torcido, este cachimbo \u00e9 um ponto focal est\u00e9tico e um dispositivo respeit\u00e1vel para fumar cigarros.<\/p>\n<p>Fabricado em vidro borossilicato de primeira qualidade, o EGH02 oferece uma longevidade que resiste ao calor e ao desgaste quotidiano. A sua dimens\u00e3o de 4,13 polegadas torna-o suficientemente pequeno para permitir a sua mobilidade, ao mesmo tempo que proporciona uma ader\u00eancia confort\u00e1vel durante a utiliza\u00e7\u00e3o. A forma ergon\u00f3mica, real\u00e7ada por bot\u00f5es distintos, garante uma fixa\u00e7\u00e3o protegida e confere car\u00e1cter a cada sess\u00e3o.<\/p>\n<p>Layout elegante com chifre torcido<\/p>\n<p>Entre os componentes de destaque desta conduta manual est\u00e1 a extens\u00e3o da buzina torcida. N\u00e3o s\u00f3 inclui panache, como tamb\u00e9m torna a gest\u00e3o mais simples e estabelece a conduta para al\u00e9m dos esquemas comuns. Os redemoinhos de vidro vibrantes e os m\u00e1rmores aumentados d\u00e3o um toque espirituoso e imaginativo, assegurando que cada pe\u00e7a seja distinta.<\/p>\n<p>Pr\u00e1tico e duradouro<\/p>\n<p>A tigela funda permite uma embalagem generosa e o material borossilicato resistente permite-lhe suportar uma utiliza\u00e7\u00e3o repetida sem comprometer a qualidade superior. A resist\u00eancia ao calor garante sess\u00f5es mais suaves, enquanto o desenvolvimento compacto facilita a limpeza e a conserva\u00e7\u00e3o.<\/p>\n<p>Perfeito para uso pessoal ou para real\u00e7ar uma cole\u00e7\u00e3o, o Hand Pipeline Borosilicate Glass EGH02 4.13 Inch Twisted Horn foi criado para fumadores de cigarros que valorizam tanto a criatividade como o desempenho. O seu equil\u00edbrio entre design, resist\u00eancia e transportabilidade faz com que seja uma excelente op\u00e7\u00e3o para uso di\u00e1rio ou para oferecer.<\/p>\n<p>Com a sua mistura de robustez, apelos est\u00e9ticos especiais e comodidade de utiliza\u00e7\u00e3o, esta conduta manual excede o normal, proporcionando uma experi\u00eancia que \u00e9 t\u00e3o agrad\u00e1vel de considerar como de utilizar.<\/p>","protected":false},"excerpt":{"rendered":"<article class=\"text-token-text-primary w-full focus:outline-none scroll-mt-[calc(var(--header-height)+min(200px,max(70px,20svh)))]\" dir=\"auto\" tabindex=\"-1\" data-turn-id=\"request-68d4b4ec-3c24-832e-b740-f5822eca108f-80\" data-testid=\"conversation-turn-144\" data-scroll-anchor=\"true\" data-turn=\"assistant\">\n<div class=\"text-base my-auto mx-auto pb-10 [--thread-content-margin:--spacing(4)] thread-sm:[--thread-content-margin:--spacing(6)] thread-lg:[--thread-content-margin:--spacing(16)] px-(--thread-content-margin)\">\n<div class=\"[--thread-content-max-width:40rem] thread-lg:[--thread-content-max-width:48rem] mx-auto max-w-(--thread-content-max-width) flex-1 group\/turn-messages focus-visible:outline-hidden relative flex w-full min-w-0 flex-col agent-turn\" tabindex=\"-1\">\n<div class=\"flex max-w-full flex-col grow\">\n<div class=\"min-h-8 text-message relative flex w-full flex-col items-end gap-2 text-start break-words whitespace-normal [.text-message+&amp;]:mt-5\" dir=\"auto\" data-message-author-role=\"assistant\" data-message-id=\"b602c813-ef1a-444b-9839-fc3c239afb20\" data-message-model-slug=\"gpt-5-instant\">\n<div class=\"flex w-full flex-col gap-1 empty:hidden first:pt-[3px]\">\n<div class=\"markdown prose dark:prose-invert w-full break-words light markdown-new-styling\">\n<p data-start=\"0\" data-end=\"284\" data-is-last-node=\"\" data-is-only-node=\"\">Crafted from durable borosilicate glass, the Hand Pipe EGH02 4.13 Inch Twisted Horn delivers a unique blend of color, texture, and function. Featuring bold swirl patterns, raised marbles, and a twisted horn accent for grip, this pipe offers smooth hits with a vibrant artistic design.<\/p>\n<\/div>\n<\/div>\n<\/div>\n<\/div>\n<div class=\"z-0 flex min-h-[46px] justify-start\"><\/div>\n<div class=\"mt-3 w-full empty:hidden\">\n<div class=\"text-center\"><\/div>\n<\/div>\n<\/div>\n<\/div>\n<\/article>\n<div class=\"pointer-events-none h-px w-px\" aria-hidden=\"true\" data-edge=\"true\"><\/div>\n","protected":false},"featured_media":2882,"comment_status":"open","ping_status":"closed","template":"","meta":[],"product_brand":[],"product_cat":[43],"product_tag":[139,138,203],"class_list":{"0":"post-2876","1":"product","2":"type-product","3":"status-publish","4":"has-post-thumbnail","6":"product_cat-hand-pipe","7":"product_tag-borosilicate-pipe","8":"product_tag-glass-hand-pipe","9":"product_tag-twisted-horn-pipe","11":"first","12":"instock","13":"shipping-taxable","14":"purchasable","15":"product-type-variable"},"_links":{"self":[{"href":"https:\/\/buyegglass.com\/pt\/wp-json\/wp\/v2\/product\/2876","targetHints":{"allow":["GET"]}}],"collection":[{"href":"https:\/\/buyegglass.com\/pt\/wp-json\/wp\/v2\/product"}],"about":[{"href":"https:\/\/buyegglass.com\/pt\/wp-json\/wp\/v2\/types\/product"}],"replies":[{"embeddable":true,"href":"https:\/\/buyegglass.com\/pt\/wp-json\/wp\/v2\/comments?post=2876"}],"wp:featuredmedia":[{"embeddable":true,"href":"https:\/\/buyegglass.com\/pt\/wp-json\/wp\/v2\/media\/2882"}],"wp:attachment":[{"href":"https:\/\/buyegglass.com\/pt\/wp-json\/wp\/v2\/media?parent=2876"}],"wp:term":[{"taxonomy":"product_brand","embeddable":true,"href":"https:\/\/buyegglass.com\/pt\/wp-json\/wp\/v2\/product_brand?post=2876"},{"taxonomy":"product_cat","embeddable":true,"href":"https:\/\/buyegglass.com\/pt\/wp-json\/wp\/v2\/product_cat?post=2876"},{"taxonomy":"product_tag","embeddable":true,"href":"https:\/\/buyegglass.com\/pt\/wp-json\/wp\/v2\/product_tag?post=2876"}],"curies":[{"name":"wp","href":"https:\/\/api.w.org\/{rel}","templated":true}]}}