{"id":2857,"date":"2025-09-25T08:32:39","date_gmt":"2025-09-25T08:32:39","guid":{"rendered":"https:\/\/buyegglass.com\/?post_type=product&#038;p=2857"},"modified":"2025-10-10T08:29:42","modified_gmt":"2025-10-10T08:29:42","slug":"dab-oil-rigs-glass-9-inch-bent-neck-super-splash-perc-online","status":"publish","type":"product","link":"https:\/\/buyegglass.com\/pt\/product\/dab-oil-rigs-glass-9-inch-bent-neck-super-splash-perc-online\/","title":{"rendered":"Dab Oil Rigs Glass 9 Inch Bent Neck Super Splash Perc Online"},"content":{"rendered":"<h2>Dab Oil Rigs Glass 9 Inch Bent Neck Super Splash Perc<\/h2>\n<p>O Dab Oil Rigs Glass 9 Inch Bent Neck Super Splash Perc \u00e9 fabricado com precis\u00e3o a partir de vidro borossilicato de primeira qualidade, utilizando tanto a durabilidade como o estilo. Desenvolvido para aqueles que procuram sess\u00f5es mais suaves e limpas, este equipamento combina uma forma elegante com uma funcionalidade eficiente. O pesco\u00e7o curvado inclui uma conveni\u00eancia ergon\u00f3mica, ao mesmo tempo que ajuda a evitar salpicos, tornando cada utiliza\u00e7\u00e3o muito mais agrad\u00e1vel e f\u00e1cil.<\/p>\n<p>Entre os destaques deste artigo est\u00e1 o difusor de percuss\u00e3o super sprinkle, concebido para oferecer uma purifica\u00e7\u00e3o excecional. As v\u00e1rias fendas funcionam para decompor o fumo em bolhas melhores, arrefecendo-o rapidamente e proporcionando uma batida mais suave. Esta fun\u00e7\u00e3o real\u00e7a o sabor e reduz a crueldade, permitindo aos utilizadores apreciar plenamente os seus focos ou \u00f3leos. A base resistente e de grande dimens\u00e3o garante a seguran\u00e7a, proporcionando conforto durante todas as sess\u00f5es.<\/p>\n<p>A disposi\u00e7\u00e3o em vidro transparente proporciona um aspeto minimalista, mostrando o complexo percutor de aspers\u00e3o em a\u00e7\u00e3o. A sua pequena eleva\u00e7\u00e3o de 9 polegadas torna-o uma op\u00e7\u00e3o flex\u00edvel, adequada tanto para uso dom\u00e9stico como para sess\u00f5es em movimento. Apesar do seu tamanho, o equipamento \u00e9 altamente eficiente, proporcionando uma efic\u00e1cia potente, ao mesmo tempo que \u00e9 muito f\u00e1cil de gerir e limpar.<\/p>\n<p>No que diz respeito \u00e0s Bit Oil Rigs, este modelo destaca-se pelo seu layout aerodin\u00e2mico, pesco\u00e7o curvo \u00fatil e tecnologia de percuss\u00e3o de salpicos avan\u00e7ada. \u00c9 a combina\u00e7\u00e3o perfeita de atra\u00e7\u00e3o visual e utiliza\u00e7\u00e3o pr\u00e1tica, ideal tanto para principiantes como para fan\u00e1ticos experientes.<\/p>\n<p>Se estiver \u00e0 procura de uma pe\u00e7a de confian\u00e7a que personifique a per\u00edcia e o desempenho, o Bit Oil Rigs Glass 9 Inch Bent Neck Super Splash Perc \u00e9 uma excelente escolha. Equilibra a transportabilidade, a resist\u00eancia e a funcionalidade, ao mesmo tempo que melhora a experi\u00eancia total de fumar. Este equipamento \u00e9 a prova de que um design de qualidade e carater\u00edsticas f\u00e1ceis de utilizar podem colaborar num \u00fanico artigo que impressiona sempre.<\/p>","protected":false},"excerpt":{"rendered":"<p>Crafted from durable borosilicate glass, the Dab Oil Rigs Glass 9 Inch Bent Neck Super Splash Perc features a precision splash guard, bent neck for comfort, and smooth diffusion for flavorful hits. Its compact 9-inch design combines style, durability, and performance for an elevated smoking experience.<\/p>","protected":false},"featured_media":2861,"comment_status":"open","ping_status":"closed","template":"","meta":[],"product_brand":[],"product_cat":[41],"product_tag":[189,190,191],"class_list":{"0":"post-2857","1":"product","2":"type-product","3":"status-publish","4":"has-post-thumbnail","6":"product_cat-dab-oil-rigs","7":"product_tag-dab-rigs","8":"product_tag-glass-oil-rigs","9":"product_tag-splash-perc-rig","11":"first","12":"instock","13":"shipping-taxable","14":"purchasable","15":"product-type-variable"},"_links":{"self":[{"href":"https:\/\/buyegglass.com\/pt\/wp-json\/wp\/v2\/product\/2857","targetHints":{"allow":["GET"]}}],"collection":[{"href":"https:\/\/buyegglass.com\/pt\/wp-json\/wp\/v2\/product"}],"about":[{"href":"https:\/\/buyegglass.com\/pt\/wp-json\/wp\/v2\/types\/product"}],"replies":[{"embeddable":true,"href":"https:\/\/buyegglass.com\/pt\/wp-json\/wp\/v2\/comments?post=2857"}],"wp:featuredmedia":[{"embeddable":true,"href":"https:\/\/buyegglass.com\/pt\/wp-json\/wp\/v2\/media\/2861"}],"wp:attachment":[{"href":"https:\/\/buyegglass.com\/pt\/wp-json\/wp\/v2\/media?parent=2857"}],"wp:term":[{"taxonomy":"product_brand","embeddable":true,"href":"https:\/\/buyegglass.com\/pt\/wp-json\/wp\/v2\/product_brand?post=2857"},{"taxonomy":"product_cat","embeddable":true,"href":"https:\/\/buyegglass.com\/pt\/wp-json\/wp\/v2\/product_cat?post=2857"},{"taxonomy":"product_tag","embeddable":true,"href":"https:\/\/buyegglass.com\/pt\/wp-json\/wp\/v2\/product_tag?post=2857"}],"curies":[{"name":"wp","href":"https:\/\/api.w.org\/{rel}","templated":true}]}}