{"id":2837,"date":"2025-09-25T08:29:51","date_gmt":"2025-09-25T08:29:51","guid":{"rendered":"https:\/\/buyegglass.com\/?post_type=product&#038;p=2837"},"modified":"2025-10-10T09:37:29","modified_gmt":"2025-10-10T09:37:29","slug":"egh33-multi-monster-eyeballs-hand-pipe-borosilicate-glass","status":"publish","type":"product","link":"https:\/\/buyegglass.com\/pt\/product\/egh33-multi-monster-eyeballs-hand-pipe-borosilicate-glass\/","title":{"rendered":"EGH33 Multi Monster Eyeballs Weed Pipe vidro de borosilicato"},"content":{"rendered":"<h2>EGH33 Tubo de maconha com globos oculares multi-monstro<\/h2>\n<p>O EGH33 Multi Monster Eyeballs Weed Pipeline d\u00e1 largas \u00e0 imagina\u00e7\u00e3o da sua cole\u00e7\u00e3o de cigarros. Feita de vidro borossilicato dur\u00e1vel, esta pe\u00e7a combina virtuosismo com funcionalidade. O seu estilo atrativo inspirado em monstros funciona com globos oculares de vidro em cores vivas, produzindo um visual arrojado e distinto que o destaca dos cachimbos de erva normais.<\/p>\n<p>Com 4 a 5 polegadas de tamanho, este cachimbo \u00e9 pequeno e f\u00e1cil de manusear, ao mesmo tempo que proporciona uma ader\u00eancia confort\u00e1vel com a sua superf\u00edcie de vidro distinta. Cada detalhe do globo ocular inclui car\u00e1cter e melhora igualmente a ader\u00eancia, impedindo os deslizes. O prato profundo proporciona uma ampla \u00e1rea para embalar, garantindo sess\u00f5es suaves e duradouras.<\/p>\n<p>Vidro borossilicato de longa dura\u00e7\u00e3o<\/p>\n<p>Fabricado em vidro borossilicato resistente ao calor, este cachimbo para erva daninha garante integridade e longa dura\u00e7\u00e3o. O produto dur\u00e1vel suporta uma utiliza\u00e7\u00e3o constante, enquanto a superf\u00edcie vibrante resiste ao desvanecimento ao longo do tempo.<\/p>\n<p>Allure com tema de monstros<\/p>\n<p>O design multicolorido do globo ocular monstruoso torna esta conduta de erva n\u00e3o s\u00f3 uma ferramenta funcional, mas tamb\u00e9m um objeto de arte colecion\u00e1vel. Quer seja apresentado numa prateleira ou utilizado diariamente, estimula a conversa e traz individualidade \u00e0 sua configura\u00e7\u00e3o de fumo.<\/p>\n<p>M\u00f3vel e agrad\u00e1vel<\/p>\n<p>O seu tipo leve e compacto torna-o f\u00e1cil de transportar e excelente para utiliza\u00e7\u00e3o em viagem. Apesar do seu aspeto animado, o pipeline utiliza um excelente movimento de ar e uma tra\u00e7\u00e3o agrad\u00e1vel para uma experi\u00eancia consistente de fumar cigarros.<\/p>\n<p>O EGH33 Multi Beast Eyeballs Weed Pipeline \u00e9 mais do que um simples dispositivo para fumar - \u00e9 uma declara\u00e7\u00e3o vibrante e imaginativa. Perfeito para fumadores que valorizam estilos arrojados e loucos, juntamente com um desempenho de confian\u00e7a.<\/p>","protected":false},"excerpt":{"rendered":"<article class=\"text-token-text-primary w-full focus:outline-none scroll-mt-[calc(var(--header-height)+min(200px,max(70px,20svh)))]\" dir=\"auto\" tabindex=\"-1\" data-turn-id=\"request-WEB:189daed7-ec2c-4ae9-8c56-b8e1300da73d-70\" data-testid=\"conversation-turn-124\" data-scroll-anchor=\"true\" data-turn=\"assistant\">\n<div class=\"text-base my-auto mx-auto pb-10 [--thread-content-margin:--spacing(4)] thread-sm:[--thread-content-margin:--spacing(6)] thread-lg:[--thread-content-margin:--spacing(16)] px-(--thread-content-margin)\">\n<div class=\"[--thread-content-max-width:40rem] thread-lg:[--thread-content-max-width:48rem] mx-auto max-w-(--thread-content-max-width) flex-1 group\/turn-messages focus-visible:outline-hidden relative flex w-full min-w-0 flex-col agent-turn\" tabindex=\"-1\">\n<div class=\"flex max-w-full flex-col grow\">\n<div class=\"min-h-8 text-message relative flex w-full flex-col items-end gap-2 text-start break-words whitespace-normal [.text-message+&amp;]:mt-5\" dir=\"auto\" data-message-author-role=\"assistant\" data-message-id=\"4b523162-099b-491c-9b88-e179720d9d82\" data-message-model-slug=\"gpt-5-instant\">\n<div class=\"flex w-full flex-col gap-1 empty:hidden first:pt-[3px]\">\n<div class=\"markdown prose dark:prose-invert w-full break-words light markdown-new-styling\">\n<p data-start=\"0\" data-end=\"285\" data-is-last-node=\"\" data-is-only-node=\"\">The EGH33 Multi Monster Eyeballs Weed Pipe brings a fun, quirky twist to smoking gear. Crafted from durable borosilicate glass, it features bold colors and raised eyeball details for a standout look. Compact, portable, and eye-catching, it\u2019s perfect for collectors and daily use alike.<\/p>\n<\/div>\n<\/div>\n<\/div>\n<\/div>\n<div class=\"z-0 flex min-h-[46px] justify-start\"><\/div>\n<div class=\"mt-3 w-full empty:hidden\">\n<div class=\"text-center\"><\/div>\n<\/div>\n<\/div>\n<\/div>\n<\/article>\n<div class=\"pointer-events-none h-px w-px\" aria-hidden=\"true\" data-edge=\"true\"><\/div>\n","protected":false},"featured_media":2852,"comment_status":"open","ping_status":"closed","template":"","meta":[],"product_brand":[],"product_cat":[107],"product_tag":[188,187,386],"class_list":{"0":"post-2837","1":"product","2":"type-product","3":"status-publish","4":"has-post-thumbnail","6":"product_cat-weed-pipe","7":"product_tag-borosilicate-smoking-pipe","8":"product_tag-monster-eyeball-pipe","9":"product_tag-weed-pipe","11":"first","12":"instock","13":"shipping-taxable","14":"purchasable","15":"product-type-variable"},"_links":{"self":[{"href":"https:\/\/buyegglass.com\/pt\/wp-json\/wp\/v2\/product\/2837","targetHints":{"allow":["GET"]}}],"collection":[{"href":"https:\/\/buyegglass.com\/pt\/wp-json\/wp\/v2\/product"}],"about":[{"href":"https:\/\/buyegglass.com\/pt\/wp-json\/wp\/v2\/types\/product"}],"replies":[{"embeddable":true,"href":"https:\/\/buyegglass.com\/pt\/wp-json\/wp\/v2\/comments?post=2837"}],"wp:featuredmedia":[{"embeddable":true,"href":"https:\/\/buyegglass.com\/pt\/wp-json\/wp\/v2\/media\/2852"}],"wp:attachment":[{"href":"https:\/\/buyegglass.com\/pt\/wp-json\/wp\/v2\/media?parent=2837"}],"wp:term":[{"taxonomy":"product_brand","embeddable":true,"href":"https:\/\/buyegglass.com\/pt\/wp-json\/wp\/v2\/product_brand?post=2837"},{"taxonomy":"product_cat","embeddable":true,"href":"https:\/\/buyegglass.com\/pt\/wp-json\/wp\/v2\/product_cat?post=2837"},{"taxonomy":"product_tag","embeddable":true,"href":"https:\/\/buyegglass.com\/pt\/wp-json\/wp\/v2\/product_tag?post=2837"}],"curies":[{"name":"wp","href":"https:\/\/api.w.org\/{rel}","templated":true}]}}