{"id":2818,"date":"2025-09-25T08:15:46","date_gmt":"2025-09-25T08:15:46","guid":{"rendered":"https:\/\/buyegglass.com\/?post_type=product&#038;p=2818"},"modified":"2025-10-10T08:16:53","modified_gmt":"2025-10-10T08:16:53","slug":"es2237-dab-oil-rigs-glass-bent-neck-tree-perc-diffuser","status":"publish","type":"product","link":"https:\/\/buyegglass.com\/pt\/product\/es2237-dab-oil-rigs-glass-bent-neck-tree-perc-diffuser\/","title":{"rendered":"ES2237 Dab Oil Rigs Difusor de percuss\u00e3o em vidro com pesco\u00e7o dobrado para \u00e1rvores"},"content":{"rendered":"<h2>ES2237 Dab Oil Rigs Difusor de percuss\u00e3o em vidro com pesco\u00e7o dobrado para \u00e1rvores<\/h2>\n<p>O ES2237 Dab Oil Rigs Glass Bent Neck Tree Perc Diffuser \u00e9 um item meticulosamente projetado que incorpora beleza, resili\u00eancia e desempenho suave. Com 8 polegadas de altura, este equipamento \u00e9 feito de vidro borossilicato de custos, garantindo resist\u00eancia ao calor e uso resiliente. A disposi\u00e7\u00e3o do pesco\u00e7o dobrado torna cada sess\u00e3o mais confort\u00e1vel, minimizando os salpicos, proporcionando uma experi\u00eancia satisfat\u00f3ria e sem confus\u00e3o.<\/p>\n<p>Purifica\u00e7\u00e3o suave com o difusor Tree Perc<\/p>\n<p>No centro deste equipamento est\u00e1 o difusor Tree Perc, que proporciona uma purifica\u00e7\u00e3o sofisticada ao danificar o fumo em bolhas mais pequenas. Este procedimento produz batidas mais suaves, arrefecendo o vapor e melhorando o sabor a cada tragada. A precis\u00e3o do trabalho em vidro garante que cada inala\u00e7\u00e3o seja organizada e agrad\u00e1vel, excelente para aqueles que valorizam tanto o tipo como a fun\u00e7\u00e3o.<\/p>\n<p>Estilo moderno e funcionalidade<\/p>\n<p>A pe\u00e7a ES2237 Bit Oil Rigs \u00e9 feita com simplicidade e classe em mente. O seu vidro cristalino permite-lhe ver o processo de purifica\u00e7\u00e3o, proporcionando-lhe um encanto visual e um feedback \u00fatil. A base grande acrescenta estabilidade, tornando-o forte e fi\u00e1vel para o uso di\u00e1rio. O gargalo curvado aumenta a facilidade de utiliza\u00e7\u00e3o, reduzindo a press\u00e3o e mantendo uma circula\u00e7\u00e3o ergon\u00f3mica.<\/p>\n<p>Porqu\u00ea escolher este equipamento<\/p>\n<p>Quer seja um entusiasta ou um novato, o difusor ES2237 Dab Oil Rigs Glass Bent Neck Tree Perc fornece o melhor equil\u00edbrio entre a per\u00edcia e a efici\u00eancia. A mistura de produtos de alta qualidade e estilo engenhoso garante que se torna uma pe\u00e7a central de confian\u00e7a para a sua cole\u00e7\u00e3o.<\/p>\n<p>Este equipamento n\u00e3o \u00e9 quase uma apar\u00eancia - tem a ver com o facto de proporcionar sempre batidas consistentes, suaves e deliciosas. Constru\u00eddo para funcionar e feito para durar, \u00e9 um equipamento obrigat\u00f3rio para qualquer pessoa que se preocupe com as suas sess\u00f5es.<\/p>","protected":false},"excerpt":{"rendered":"<p>The ES2237 Dab Oil Rigs Glass Bent Neck Tree Perc Diffuser stands 8 inches tall, featuring durable borosilicate glass, a bent neck to prevent splashback, and a tree perc diffuser for smooth, clean filtration. Its sturdy round base ensures balance and stability for an enjoyable session.<\/p>","protected":false},"featured_media":2822,"comment_status":"open","ping_status":"closed","template":"","meta":[],"product_brand":[],"product_cat":[41],"product_tag":[128,168,183],"class_list":{"0":"post-2818","1":"product","2":"type-product","3":"status-publish","4":"has-post-thumbnail","6":"product_cat-dab-oil-rigs","7":"product_tag-dab-oil-rig","8":"product_tag-glass-water-pipe","9":"product_tag-tree-perc-diffuser","11":"first","12":"instock","13":"shipping-taxable","14":"purchasable","15":"product-type-variable"},"_links":{"self":[{"href":"https:\/\/buyegglass.com\/pt\/wp-json\/wp\/v2\/product\/2818","targetHints":{"allow":["GET"]}}],"collection":[{"href":"https:\/\/buyegglass.com\/pt\/wp-json\/wp\/v2\/product"}],"about":[{"href":"https:\/\/buyegglass.com\/pt\/wp-json\/wp\/v2\/types\/product"}],"replies":[{"embeddable":true,"href":"https:\/\/buyegglass.com\/pt\/wp-json\/wp\/v2\/comments?post=2818"}],"wp:featuredmedia":[{"embeddable":true,"href":"https:\/\/buyegglass.com\/pt\/wp-json\/wp\/v2\/media\/2822"}],"wp:attachment":[{"href":"https:\/\/buyegglass.com\/pt\/wp-json\/wp\/v2\/media?parent=2818"}],"wp:term":[{"taxonomy":"product_brand","embeddable":true,"href":"https:\/\/buyegglass.com\/pt\/wp-json\/wp\/v2\/product_brand?post=2818"},{"taxonomy":"product_cat","embeddable":true,"href":"https:\/\/buyegglass.com\/pt\/wp-json\/wp\/v2\/product_cat?post=2818"},{"taxonomy":"product_tag","embeddable":true,"href":"https:\/\/buyegglass.com\/pt\/wp-json\/wp\/v2\/product_tag?post=2818"}],"curies":[{"name":"wp","href":"https:\/\/api.w.org\/{rel}","templated":true}]}}