{"id":2782,"date":"2025-09-25T07:52:52","date_gmt":"2025-09-25T07:52:52","guid":{"rendered":"https:\/\/buyegglass.com\/?post_type=product&#038;p=2782"},"modified":"2025-10-10T09:28:05","modified_gmt":"2025-10-10T09:28:05","slug":"bong-bowls-slides-borosilicate-glass-angel-wings-glass","status":"publish","type":"product","link":"https:\/\/buyegglass.com\/pt\/product\/bong-bowls-slides-borosilicate-glass-angel-wings-glass\/","title":{"rendered":"Tigelas e corredi\u00e7as para bongo Vidro de borosilicato Vidro Angel Wings"},"content":{"rendered":"<h2>Tigelas e corredi\u00e7as para bongo Vidro de borosilicato Vidro Angel Wings<\/h2>\n<p>O Bong Bowls &amp; Slides Borosilicate Glass Angel Wings Glass \u00e9 uma pe\u00e7a de arte funcional espetacular que combina estilo e desempenho. Fabricado em vidro borossilicato de primeira qualidade, este prato oferece durabilidade e resist\u00eancia ao calor, garantindo que resiste ao uso di\u00e1rio, mantendo a sua qualidade e forma. O atributo de destaque \u00e9 a sua asa de anjo, feita n\u00e3o s\u00f3 para incluir um visual cativante, mas tamb\u00e9m para fornecer um manuseamento \u00fatil para uma utiliza\u00e7\u00e3o segura e muito f\u00e1cil.<\/p>\n<p>Cada ta\u00e7a est\u00e1 dispon\u00edvel numa gama de tons vivos, permitindo-lhe combinar o seu arranjo ou expressar a sua personalidade atrav\u00e9s dos seus artigos de vidro. As asas de anjo detalhadas s\u00e3o meticulosamente formadas, oferecendo \u00e0 pe\u00e7a um aspeto distinto e praticamente celestial. Estas asas n\u00e3o s\u00e3o simplesmente decorativas; tornam muito mais f\u00e1cil manusear a ta\u00e7a quando est\u00e1 quente, incluindo tanto a conveni\u00eancia como a funcionalidade.<\/p>\n<p>Carater\u00edsticas e vantagens \u00fanicas<\/p>\n<p>A utiliza\u00e7\u00e3o de vidro de borossilicato garante uma efici\u00eancia resiliente e resist\u00eancia ao choque t\u00e9rmico. Ao contr\u00e1rio do vidro normal, o borossilicato pode suportar altas temperaturas sem rachar, o que o torna uma escolha fi\u00e1vel para qualquer sess\u00e3o de fumo. A junta refinada garante um encaixe perfeito em muitos bongos e engrenagens t\u00edpicos, enquanto o design inovador da asa transforma o seu arranjo de cigarros em algo realmente criativo.<\/p>\n<p>Bong Bowls &amp; Slides como este s\u00e3o os melhores para aqueles que apreciam os pormenores e desejam destacar-se da m\u00e9dia. Quer seja utilizado para sess\u00f5es individuais ou partilhado entre amigos, suscita discuss\u00f5es e melhora a experi\u00eancia. O vidro liso n\u00e3o s\u00f3 acrescenta beleza como tamb\u00e9m torna a limpeza b\u00e1sica, garantindo que a tua tigela se mant\u00e9m t\u00e3o boa como no dia em que a recebeste.<\/p>\n<p>O bongo Bong Bowls &amp; Slides Borosilicate Glass Angel Wings Glass combina longevidade, utilidade e arte numa pe\u00e7a especial, tornando-o uma adi\u00e7\u00e3o obrigat\u00f3ria a qualquer tipo de cole\u00e7\u00e3o.<\/p>","protected":false},"excerpt":{"rendered":"<p>Crafted from durable borosilicate glass, the Angel Wings bong bowls &amp; slides feature artistic wing handles for style and easy grip, available in vibrant colors to elevate your smoking setup with both beauty and function.<\/p>","protected":false},"featured_media":2788,"comment_status":"open","ping_status":"closed","template":"","meta":[],"product_brand":[],"product_cat":[45],"product_tag":[175,174,173],"class_list":{"0":"post-2782","1":"product","2":"type-product","3":"status-publish","4":"has-post-thumbnail","6":"product_cat-bong-bowls-slides","7":"product_tag-angel-wings","8":"product_tag-bong-slides","9":"product_tag-glass-bowl","11":"first","12":"instock","13":"shipping-taxable","14":"purchasable","15":"product-type-variable"},"_links":{"self":[{"href":"https:\/\/buyegglass.com\/pt\/wp-json\/wp\/v2\/product\/2782","targetHints":{"allow":["GET"]}}],"collection":[{"href":"https:\/\/buyegglass.com\/pt\/wp-json\/wp\/v2\/product"}],"about":[{"href":"https:\/\/buyegglass.com\/pt\/wp-json\/wp\/v2\/types\/product"}],"replies":[{"embeddable":true,"href":"https:\/\/buyegglass.com\/pt\/wp-json\/wp\/v2\/comments?post=2782"}],"wp:featuredmedia":[{"embeddable":true,"href":"https:\/\/buyegglass.com\/pt\/wp-json\/wp\/v2\/media\/2788"}],"wp:attachment":[{"href":"https:\/\/buyegglass.com\/pt\/wp-json\/wp\/v2\/media?parent=2782"}],"wp:term":[{"taxonomy":"product_brand","embeddable":true,"href":"https:\/\/buyegglass.com\/pt\/wp-json\/wp\/v2\/product_brand?post=2782"},{"taxonomy":"product_cat","embeddable":true,"href":"https:\/\/buyegglass.com\/pt\/wp-json\/wp\/v2\/product_cat?post=2782"},{"taxonomy":"product_tag","embeddable":true,"href":"https:\/\/buyegglass.com\/pt\/wp-json\/wp\/v2\/product_tag?post=2782"}],"curies":[{"name":"wp","href":"https:\/\/api.w.org\/{rel}","templated":true}]}}