{"id":2746,"date":"2025-09-25T07:26:47","date_gmt":"2025-09-25T07:26:47","guid":{"rendered":"https:\/\/buyegglass.com\/?post_type=product&#038;p=2746"},"modified":"2025-10-10T08:24:25","modified_gmt":"2025-10-10T08:24:25","slug":"dab-oil-rigs-es2233-glass-11-inch-matrix-perc-bubbler-shop","status":"publish","type":"product","link":"https:\/\/buyegglass.com\/pt\/product\/dab-oil-rigs-es2233-glass-11-inch-matrix-perc-bubbler-shop\/","title":{"rendered":"Dab Oil Rigs ES2233 Vidro 11 polegadas Matrix Perc Bubbler Shop"},"content":{"rendered":"<h2>Bit Oil Rigs ES2233 Vidro 11 polegadas Matrix Perc Bubbler<\/h2>\n<p>O Bit Oil Rigs ES2233 \u00e9 um borbulhador de vidro de borosilicato de 11 polegadas feito para longevidade, clareza e desempenho suave. O seu corpo alto e redondo inclui uma base forte e um bocal curvado e aerodin\u00e2mico, garantindo comodidade em todas as utiliza\u00e7\u00f5es. Constru\u00eddo com um perc de matriz de precis\u00e3o, este equipamento proporciona uma difus\u00e3o ideal, criando batidas mais suaves e frescas.<\/p>\n<p>Fabricado a partir de vidro borossilicato espesso, o Dab Oil Rigs ES2233 oferece uma resist\u00eancia fenomenal ao calor e \u00e0s fissuras, tornando-o uma escolha fi\u00e1vel para as sess\u00f5es di\u00e1rias. A disposi\u00e7\u00e3o do vidro transparente real\u00e7a a sua constru\u00e7\u00e3o organizada e permite-lhe apreciar o resultado est\u00e9tico da \u00e1gua a borbulhar enquanto filtra cada inala\u00e7\u00e3o.<\/p>\n<p>Porqu\u00ea escolher o borbulhador ES2233 Matrix Perc?<\/p>\n<p>A fun\u00e7\u00e3o de destaque deste design da Dab Oil Rigs \u00e9 o seu percutor de matriz, concebido para aproveitar ao m\u00e1ximo o fluxo de ar e a filtragem. Ao dividir o fumo em bolhas de tamanho mais pequeno, diminui a viol\u00eancia e proporciona um trago limpo e saboroso. Quer seja um indiv\u00edduo experiente ou esteja apenas a come\u00e7ar, o Bit Oil Rigs ES2233 torna cada sess\u00e3o satisfat\u00f3ria e fi\u00e1vel.<\/p>\n<p>Este artigo \u00e9 tamb\u00e9m extremamente vers\u00e1til, encaixando perfeitamente em colec\u00e7\u00f5es pessoais e como pe\u00e7a de exibi\u00e7\u00e3o para fan\u00e1ticos que apreciam \u00f3culos minimalistas mas de alto desempenho. A sua eleva\u00e7\u00e3o de 11 polegadas atinge o equil\u00edbrio perfeito entre mobilidade e seguran\u00e7a, garantindo que \u00e9 f\u00e1cil de manusear sem p\u00f4r em risco a sua capacidade.<\/p>\n<p>Com um movimento de ar de fluxo livre, um corpo de vidro dur\u00e1vel e um estilo cuidado, este borbulhador combina tudo o que deseja num artigo fi\u00e1vel.<\/p>\n<p>O Bit Oil Rigs ES2233 Glass Matrix Perc Bubbler \u00e9 mais do que uma simples ferramenta para fumar - \u00e9 uma combina\u00e7\u00e3o de arte, investiga\u00e7\u00e3o cient\u00edfica e robustez, concebida para lhe proporcionar batidas mais suaves e limpas sempre que quiser.<\/p>","protected":false},"excerpt":{"rendered":"<p>Crafted from premium borosilicate glass, the Dab Oil Rigs ES2233 stands 11 inches tall with a durable matrix perc bubbler. Its clear cylindrical design ensures smooth diffusion, while the angled mouthpiece provides comfort. A modern, minimalist rig built for clean hits and reliable daily performance.<\/p>","protected":false},"featured_media":2750,"comment_status":"open","ping_status":"closed","template":"","meta":[],"product_brand":[],"product_cat":[41],"product_tag":[155,156,157],"class_list":{"0":"post-2746","1":"product","2":"type-product","3":"status-publish","4":"has-post-thumbnail","6":"product_cat-dab-oil-rigs","7":"product_tag-dab-oil-rigs","8":"product_tag-glass-bubbler","9":"product_tag-matrix-perc","11":"first","12":"instock","13":"shipping-taxable","14":"purchasable","15":"product-type-variable"},"_links":{"self":[{"href":"https:\/\/buyegglass.com\/pt\/wp-json\/wp\/v2\/product\/2746","targetHints":{"allow":["GET"]}}],"collection":[{"href":"https:\/\/buyegglass.com\/pt\/wp-json\/wp\/v2\/product"}],"about":[{"href":"https:\/\/buyegglass.com\/pt\/wp-json\/wp\/v2\/types\/product"}],"replies":[{"embeddable":true,"href":"https:\/\/buyegglass.com\/pt\/wp-json\/wp\/v2\/comments?post=2746"}],"wp:featuredmedia":[{"embeddable":true,"href":"https:\/\/buyegglass.com\/pt\/wp-json\/wp\/v2\/media\/2750"}],"wp:attachment":[{"href":"https:\/\/buyegglass.com\/pt\/wp-json\/wp\/v2\/media?parent=2746"}],"wp:term":[{"taxonomy":"product_brand","embeddable":true,"href":"https:\/\/buyegglass.com\/pt\/wp-json\/wp\/v2\/product_brand?post=2746"},{"taxonomy":"product_cat","embeddable":true,"href":"https:\/\/buyegglass.com\/pt\/wp-json\/wp\/v2\/product_cat?post=2746"},{"taxonomy":"product_tag","embeddable":true,"href":"https:\/\/buyegglass.com\/pt\/wp-json\/wp\/v2\/product_tag?post=2746"}],"curies":[{"name":"wp","href":"https:\/\/api.w.org\/{rel}","templated":true}]}}