{"id":2706,"date":"2025-09-25T07:10:21","date_gmt":"2025-09-25T07:10:21","guid":{"rendered":"https:\/\/buyegglass.com\/?post_type=product&#038;p=2706"},"modified":"2025-10-10T09:35:04","modified_gmt":"2025-10-10T09:35:04","slug":"es2229-7-inch-height-tiny-gorgeous-water-pipe-free-shipping","status":"publish","type":"product","link":"https:\/\/buyegglass.com\/pt\/product\/es2229-7-inch-height-tiny-gorgeous-water-pipe-free-shipping\/","title":{"rendered":"ES2229 Tubo de \u00e1gua de 7 polegadas de altura, lindo e pequeno, envio gratuito"},"content":{"rendered":"<h2>ES2229 7 Inch Height Tiny Gorgeous Pipes Entrega gratuita<\/h2>\n<p>O cachimbo ES2229 de 7 polegadas de altura \u00e9 um objeto elegante, pequeno e pr\u00e1tico que combina comodidade com um virtuosismo vibrante. Concebido com padr\u00f5es impressionantes em ziguezague e redemoinho em tons vibrantes, como o ambiente, laranja, preto e vermelho, este cachimbo \u00e9 uma afirma\u00e7\u00e3o arrojada, ao mesmo tempo que proporciona um excelente desempenho.<\/p>\n<p>Com apenas 7 polegadas de altura, este pequeno e encantador cachimbo \u00e9 perfeito para quem pretende uma op\u00e7\u00e3o port\u00e1til mas eficiente. A sua pequena dimens\u00e3o torna-o f\u00e1cil de transportar, armazenar ou expor sem ocupar muito espa\u00e7o. Apesar da sua altura mais pequena, o cachimbo foi concebido para proporcionar batidas suaves, com a sua base robusta a garantir seguran\u00e7a durante a utiliza\u00e7\u00e3o.<\/p>\n<p>Fabricado em vidro de borosilicato de primeira qualidade, o cachimbo de \u00e1gua ES2229 oferece resist\u00eancia ao calor e longevidade. A boquilha ergon\u00f3mica e inclinada foi criada para maior comodidade, enquanto a c\u00e2mara grande oferece um fluxo de ar constante para uma tra\u00e7\u00e3o mais suave. O prato de vidro transparente, juntamente com o corpo art\u00edstico, real\u00e7a tanto a funcionalidade como o design, tornando-o um excelente artigo para uso di\u00e1rio ou como componente de uma cole\u00e7\u00e3o.<\/p>\n<p>O ES2229 7 inch height small lovely pipes \u00e9, al\u00e9m disso, simples de limpar e manter, gra\u00e7as \u00e0 sua constru\u00e7\u00e3o em vidro e \u00e0s pe\u00e7as amov\u00edveis. Quer se trate de um principiante ou de um utilizador experiente, a sua configura\u00e7\u00e3o simples e o seu design \u00fatil fazem dele uma op\u00e7\u00e3o fi\u00e1vel.<\/p>\n<p>A entrega gratuita torna este produto ainda mais apelativo, utilizando simultaneamente alta qualidade e valor sem custos surpreendentes. O seu estilo \u00fanico, cores vivas e tamanho port\u00e1til garantem que atrai a aten\u00e7\u00e3o como um dispositivo \u00fatil e uma pe\u00e7a ornamental de arte em vidro.<\/p>\n<p>Escolha o lindo cachimbo de \u00e1gua ES2229 de 7 polegadas de altura se estiver a tentar encontrar um dispositivo port\u00e1til, criativo e respeit\u00e1vel para fumar cigarros que integre resist\u00eancia, simplicidade de utiliza\u00e7\u00e3o e design.<\/p>","protected":false},"excerpt":{"rendered":"<p>ES2229 7 inch height tiny gorgeous water pipe free shipping features bold swirl patterns with green accents. Made from durable borosilicate glass, it offers smooth hits, portability, and easy cleaning. Compact yet stylish, this water pipe blends performance with artistic design for everyday use.<\/p>","protected":false},"featured_media":2716,"comment_status":"open","ping_status":"closed","template":"","meta":[],"product_brand":[],"product_cat":[15],"product_tag":[119,147,110],"class_list":{"0":"post-2706","1":"product","2":"type-product","3":"status-publish","4":"has-post-thumbnail","6":"product_cat-uncategorized","7":"product_tag-glass-bong","8":"product_tag-mini-pipe","9":"product_tag-water-pipe","11":"first","12":"instock","13":"shipping-taxable","14":"purchasable","15":"product-type-variable"},"_links":{"self":[{"href":"https:\/\/buyegglass.com\/pt\/wp-json\/wp\/v2\/product\/2706","targetHints":{"allow":["GET"]}}],"collection":[{"href":"https:\/\/buyegglass.com\/pt\/wp-json\/wp\/v2\/product"}],"about":[{"href":"https:\/\/buyegglass.com\/pt\/wp-json\/wp\/v2\/types\/product"}],"replies":[{"embeddable":true,"href":"https:\/\/buyegglass.com\/pt\/wp-json\/wp\/v2\/comments?post=2706"}],"wp:featuredmedia":[{"embeddable":true,"href":"https:\/\/buyegglass.com\/pt\/wp-json\/wp\/v2\/media\/2716"}],"wp:attachment":[{"href":"https:\/\/buyegglass.com\/pt\/wp-json\/wp\/v2\/media?parent=2706"}],"wp:term":[{"taxonomy":"product_brand","embeddable":true,"href":"https:\/\/buyegglass.com\/pt\/wp-json\/wp\/v2\/product_brand?post=2706"},{"taxonomy":"product_cat","embeddable":true,"href":"https:\/\/buyegglass.com\/pt\/wp-json\/wp\/v2\/product_cat?post=2706"},{"taxonomy":"product_tag","embeddable":true,"href":"https:\/\/buyegglass.com\/pt\/wp-json\/wp\/v2\/product_tag?post=2706"}],"curies":[{"name":"wp","href":"https:\/\/api.w.org\/{rel}","templated":true}]}}