{"id":2679,"date":"2025-09-25T06:25:46","date_gmt":"2025-09-25T06:25:46","guid":{"rendered":"https:\/\/buyegglass.com\/?post_type=product&#038;p=2679"},"modified":"2025-10-10T09:36:53","modified_gmt":"2025-10-10T09:36:53","slug":"hand-pipe-solid-mushroom-hand-pipe-borosilicate-glass-bsh03","status":"publish","type":"product","link":"https:\/\/buyegglass.com\/pt\/product\/hand-pipe-solid-mushroom-hand-pipe-borosilicate-glass-bsh03\/","title":{"rendered":"Cachimbo de m\u00e3o Solid Mushroom Cachimbo de m\u00e3o em vidro de borosilicato BSH03"},"content":{"rendered":"<h2>Tubo de alimenta\u00e7\u00e3o manual Cogumelo forte Tubo de alimenta\u00e7\u00e3o manual em vidro borossilicato BSH03<\/h2>\n<p>O Hand Pipeline Solid Mushroom Hand Pipeline Borosilicate Glass BSH03 d\u00e1 um toque divertido e imaginativo \u00e0 sua cole\u00e7\u00e3o de cigarros para fumar. Concebidas para se assemelharem a cogumelos v\u00edvidos, estas condutas manuais integram apelos est\u00e9ticos espirituosos com a longevidade do vidro borossilicato. Cada item inclui padr\u00f5es \u00fanicos, como bolinhas arrojadas e riscas vermelhas verticais, oferecidos em combina\u00e7\u00f5es de cores impressionantes, como azul, preto e branco.<\/p>\n<p>Fabricada em vidro borossilicato de alta qualidade, esta pipeta manual garante uma resist\u00eancia ao calor e uma utiliza\u00e7\u00e3o duradoura. A sua constru\u00e7\u00e3o robusta torna-a adequada para sess\u00f5es de rotina, enquanto a sua pequena dimens\u00e3o proporciona portabilidade e conforto. A forma inspirada num cogumelo n\u00e3o s\u00f3 \u00e9 bonita, como tamb\u00e9m proporciona uma ader\u00eancia ergon\u00f3mica, tornando-a confort\u00e1vel de segurar durante a utiliza\u00e7\u00e3o.<\/p>\n<p>O Hand Pipeline Solid Mushroom Hand Pipe Borosilicate Glass BSH03 foi concebido para uma funcionalidade suave. A ta\u00e7a bem trabalhada permite um carregamento uniforme, enquanto o sistema de fluxo de ar garante atrac\u00e7\u00f5es constantes e uma experi\u00eancia de fumar satisfat\u00f3ria. Com a sua estrutura f\u00e1cil de limpar, a manuten\u00e7\u00e3o deste cachimbo de m\u00e3o \u00e9 simples, garantindo sempre novas sess\u00f5es.<\/p>\n<p>Este pipeline \u00e9 mais do que um simples dispositivo; \u00e9 tamb\u00e9m um dispositivo atrativo. O seu design vibrante faz dele um objeto de destaque em qualquer cole\u00e7\u00e3o de copos, atraindo tanto os indiv\u00edduos informais como os entusiastas. Quer seja apresentado numa prateleira ou utilizado regularmente, traz personalidade e imagina\u00e7\u00e3o ao seu regime de consumo de cigarros.<\/p>\n<p>Hand Pipeline Strong Mushroom Hand Pipeline Borosilicate Glass BSH03 \u00e9 perfeito para aqueles que apreciam designs especiais sem comprometer a qualidade. Compacto, dur\u00e1vel e elegante, \u00e9 uma sele\u00e7\u00e3o fant\u00e1stica para usar em casa ou em viagem. Combinando arte e utilidade, este cachimbo em forma de cogumelo \u00e9 uma excelente adi\u00e7\u00e3o \u00e0 cole\u00e7\u00e3o de qualquer tipo de fumador de cigarros.<\/p>","protected":false},"excerpt":{"rendered":"<p>Hand Pipe Solid Mushroom Hand Pipe Borosilicate Glass BSH03 combines playful mushroom-inspired design with durable borosilicate glass. Compact, portable, and heat resistant, it offers smooth draws, easy cleaning, and a stylish look with fun color options, making it both functional and collectible.<\/p>","protected":false},"featured_media":2682,"comment_status":"open","ping_status":"closed","template":"","meta":[],"product_brand":[],"product_cat":[43],"product_tag":[139,138,137],"class_list":{"0":"post-2679","1":"product","2":"type-product","3":"status-publish","4":"has-post-thumbnail","6":"product_cat-hand-pipe","7":"product_tag-borosilicate-pipe","8":"product_tag-glass-hand-pipe","9":"product_tag-mushroom-hand-pipe","11":"first","12":"instock","13":"shipping-taxable","14":"purchasable","15":"product-type-variable"},"_links":{"self":[{"href":"https:\/\/buyegglass.com\/pt\/wp-json\/wp\/v2\/product\/2679","targetHints":{"allow":["GET"]}}],"collection":[{"href":"https:\/\/buyegglass.com\/pt\/wp-json\/wp\/v2\/product"}],"about":[{"href":"https:\/\/buyegglass.com\/pt\/wp-json\/wp\/v2\/types\/product"}],"replies":[{"embeddable":true,"href":"https:\/\/buyegglass.com\/pt\/wp-json\/wp\/v2\/comments?post=2679"}],"wp:featuredmedia":[{"embeddable":true,"href":"https:\/\/buyegglass.com\/pt\/wp-json\/wp\/v2\/media\/2682"}],"wp:attachment":[{"href":"https:\/\/buyegglass.com\/pt\/wp-json\/wp\/v2\/media?parent=2679"}],"wp:term":[{"taxonomy":"product_brand","embeddable":true,"href":"https:\/\/buyegglass.com\/pt\/wp-json\/wp\/v2\/product_brand?post=2679"},{"taxonomy":"product_cat","embeddable":true,"href":"https:\/\/buyegglass.com\/pt\/wp-json\/wp\/v2\/product_cat?post=2679"},{"taxonomy":"product_tag","embeddable":true,"href":"https:\/\/buyegglass.com\/pt\/wp-json\/wp\/v2\/product_tag?post=2679"}],"curies":[{"name":"wp","href":"https:\/\/api.w.org\/{rel}","templated":true}]}}