{"id":2604,"date":"2025-09-25T03:11:00","date_gmt":"2025-09-25T03:11:00","guid":{"rendered":"https:\/\/buyegglass.com\/?post_type=product&#038;p=2604"},"modified":"2025-10-10T09:25:39","modified_gmt":"2025-10-10T09:25:39","slug":"bong-bowls-slides-paul-frank-bowl-borosilicate-glass-buy","status":"publish","type":"product","link":"https:\/\/buyegglass.com\/pt\/product\/bong-bowls-slides-paul-frank-bowl-borosilicate-glass-buy\/","title":{"rendered":"Bong Bowls &amp; Slides Paul Frank Bowl Vidro Borosilicato Comprar"},"content":{"rendered":"<h2 data-start=\"233\" data-end=\"290\">Bong Bowls &amp; Slides Paul Frank Bowl Vidro borossilicato<\/h2>\n<p data-start=\"292\" data-end=\"585\">O <strong data-start=\"296\" data-end=\"315\">Ta\u00e7a Paul Frank<\/strong> \u00e9 um acess\u00f3rio divertido e elegante fabricado em vidro borossilicato de primeira qualidade, concebido para dar personalidade ao seu equipamento. Com as suas cores arrojadas, o design expressivo da face e o trabalho detalhado em vidro, esta pe\u00e7a destaca-se tanto como uma ferramenta funcional como uma pe\u00e7a de arte colecion\u00e1vel.<\/p>\n<p data-start=\"587\" data-end=\"963\">Fabricado em vidro borossilicato resistente ao calor, oferece durabilidade e consist\u00eancia para uma utiliza\u00e7\u00e3o quotidiana. A forte estrutura de vidro garante que pode suportar o aquecimento e arrefecimento regulares sem rachar, enquanto o interior liso promove uma queima uniforme. O design colorido da face esculpida acrescenta um car\u00e1cter \u00fanico, tornando esta ta\u00e7a mais do que um mero acess\u00f3rio - \u00e9 uma pe\u00e7a de refer\u00eancia.<\/p>\n<p data-start=\"965\" data-end=\"1325\">No \u00e2mbito do <strong data-start=\"980\" data-end=\"1003\">tigelas e escorregas para bongo<\/strong> A categoria de cachimbo de \u00e1gua, encaixa-se perfeitamente em tubos de \u00e1gua e equipamentos padr\u00e3o, dando aos utilizadores a flexibilidade de trocar de ta\u00e7as, mantendo a compatibilidade. A liga\u00e7\u00e3o confort\u00e1vel garante um encaixe seguro, evitando fugas de fluxo de ar e permitindo uma extra\u00e7\u00e3o suave. A ta\u00e7a \u00e9 f\u00e1cil de manusear, simples de limpar e foi concebida para uma utiliza\u00e7\u00e3o repetida.<\/p>\n<p data-start=\"1327\" data-end=\"1649\">Esta ta\u00e7a Paul Frank est\u00e1 dispon\u00edvel numa variedade de op\u00e7\u00f5es de cores divertidas, permitindo aos utilizadores combinar a sua personalidade ou cole\u00e7\u00e3o. Cada pe\u00e7a \u00e9 acabada \u00e0 m\u00e3o, garantindo que n\u00e3o existem duas ta\u00e7as exatamente iguais. Tanto os coleccionadores como os utilizadores casuais apreciar\u00e3o os detalhes criativos e o desempenho fi\u00e1vel que o vidro borossilicato proporciona.<\/p>\n<p data-start=\"1651\" data-end=\"2005\">Quer esteja a atualizar a sua instala\u00e7\u00e3o, a substituir uma ta\u00e7a antiga ou a procurar expandir a sua cole\u00e7\u00e3o, este produto oferece uma mistura perfeita de durabilidade e arte. <strong data-start=\"1813\" data-end=\"1836\">Tigelas e escorregas para bongo<\/strong> como esta s\u00e3o ideais para quem pretende uma fun\u00e7\u00e3o fi\u00e1vel com um design distinto. A ta\u00e7a Paul Frank oferece ambos numa embalagem compacta, colorida e dur\u00e1vel.<\/p>","protected":false},"excerpt":{"rendered":"<p>The Paul Frank Bowl made from borosilicate glass is a fun and durable addition to bong bowls &amp; slides. With bold colors and sculpted details, it offers a secure fit, smooth use, and artistic style, making it a standout accessory for everyday sessions or collection displays.<\/p>","protected":false},"featured_media":2607,"comment_status":"open","ping_status":"closed","template":"","meta":[],"product_brand":[],"product_cat":[45],"product_tag":[159,176,160],"class_list":{"0":"post-2604","1":"product","2":"type-product","3":"status-publish","4":"has-post-thumbnail","6":"product_cat-bong-bowls-slides","7":"product_tag-bong-bowls","8":"product_tag-borosilicate-bowl","9":"product_tag-glass-slides","11":"first","12":"instock","13":"shipping-taxable","14":"purchasable","15":"product-type-variable"},"_links":{"self":[{"href":"https:\/\/buyegglass.com\/pt\/wp-json\/wp\/v2\/product\/2604","targetHints":{"allow":["GET"]}}],"collection":[{"href":"https:\/\/buyegglass.com\/pt\/wp-json\/wp\/v2\/product"}],"about":[{"href":"https:\/\/buyegglass.com\/pt\/wp-json\/wp\/v2\/types\/product"}],"replies":[{"embeddable":true,"href":"https:\/\/buyegglass.com\/pt\/wp-json\/wp\/v2\/comments?post=2604"}],"wp:featuredmedia":[{"embeddable":true,"href":"https:\/\/buyegglass.com\/pt\/wp-json\/wp\/v2\/media\/2607"}],"wp:attachment":[{"href":"https:\/\/buyegglass.com\/pt\/wp-json\/wp\/v2\/media?parent=2604"}],"wp:term":[{"taxonomy":"product_brand","embeddable":true,"href":"https:\/\/buyegglass.com\/pt\/wp-json\/wp\/v2\/product_brand?post=2604"},{"taxonomy":"product_cat","embeddable":true,"href":"https:\/\/buyegglass.com\/pt\/wp-json\/wp\/v2\/product_cat?post=2604"},{"taxonomy":"product_tag","embeddable":true,"href":"https:\/\/buyegglass.com\/pt\/wp-json\/wp\/v2\/product_tag?post=2604"}],"curies":[{"name":"wp","href":"https:\/\/api.w.org\/{rel}","templated":true}]}}