{"id":2565,"date":"2025-09-25T02:54:28","date_gmt":"2025-09-25T02:54:28","guid":{"rendered":"https:\/\/buyegglass.com\/?post_type=product&#038;p=2565"},"modified":"2025-10-10T09:34:32","modified_gmt":"2025-10-10T09:34:32","slug":"es2227-colorful-wig-wag-patterns-water-pipe-is-6-inch-height","status":"publish","type":"product","link":"https:\/\/buyegglass.com\/pt\/product\/es2227-colorful-wig-wag-patterns-water-pipe-is-6-inch-height\/","title":{"rendered":"ES2227 peruca colorida com padr\u00f5es de abanar tubo de \u00e1gua com 6 polegadas de altura"},"content":{"rendered":"<h2 data-start=\"219\" data-end=\"274\">ES2227 Cabeleira colorida com padr\u00f5es de abano Tubo de \u00e1gua - 6 polegadas<\/h2>\n<p data-start=\"276\" data-end=\"605\">O cachimbo de \u00e1gua ES2227 com padr\u00e3o wig wag colorido \u00e9 uma pe\u00e7a compacta mas apelativa, concebida para quem aprecia tanto o estilo como a funcionalidade. Com 15 cm de altura, este cachimbo de \u00e1gua em vidro combina redemoinhos de cores vibrantes com uma silhueta suave, tornando-o um acess\u00f3rio de destaque para colec\u00e7\u00f5es pessoais ou prateleiras de retalho.<\/p>\n<p data-start=\"607\" data-end=\"1093\">Fabricado em vidro dur\u00e1vel, o cachimbo apresenta padr\u00f5es intrincados de abanar a peruca que captam a luz e real\u00e7am os seus detalhes art\u00edsticos. Cada sec\u00e7\u00e3o do design \u00e9 cuidadosamente soprada, garantindo que n\u00e3o h\u00e1 duas pe\u00e7as id\u00eanticas. Apesar do seu tamanho compacto, este cachimbo de \u00e1gua oferece uma filtragem eficiente, permitindo aos utilizadores desfrutar de uma experi\u00eancia suave sem sacrificar a portabilidade. A base est\u00e1vel e a boquilha confort\u00e1vel facilitam o manuseamento, enquanto a boquilha m\u00e9dia \u00e9 ideal para sess\u00f5es regulares.<\/p>\n<p data-start=\"1095\" data-end=\"1464\">O cachimbo de \u00e1gua ES2227 \u00e9 perfeito para principiantes que pretendem um tamanho acess\u00edvel e para utilizadores experientes que valorizam trabalhos em vidro \u00fanicos. A sua altura de 15 cm atinge o equil\u00edbrio certo entre ser suficientemente discreto para viajar e suficientemente funcional para o uso quotidiano. A limpeza \u00e9 simples, gra\u00e7as \u00e0 sua estrutura simples, o que o torna uma escolha pr\u00e1tica a par do seu apelo art\u00edstico.<\/p>\n<p data-start=\"1466\" data-end=\"1863\">Quer seja exibido como parte de uma cole\u00e7\u00e3o colorida ou utilizado diariamente, este tubo de \u00e1gua oferece uma mistura de desempenho e design. Os retalhistas podem contar com o seu apelo visual para atrair a aten\u00e7\u00e3o, enquanto os utilizadores finais apreciar\u00e3o a suavidade e a durabilidade. Se est\u00e1 \u00e0 procura de uma pe\u00e7a de vidro compacta que funcione como arte, o cachimbo de \u00e1gua ES2227 com padr\u00f5es de abanar a peruca colorida \u00e9 a op\u00e7\u00e3o perfeita.<\/p>","protected":false},"excerpt":{"rendered":"<article class=\"text-token-text-primary w-full focus:outline-none scroll-mt-[calc(var(--header-height)+min(200px,max(70px,20svh)))]\" dir=\"auto\" tabindex=\"-1\" data-turn-id=\"request-WEB:7bb4b1bc-ed07-470d-829f-61362b1c5ffc-1\" data-testid=\"conversation-turn-4\" data-scroll-anchor=\"true\" data-turn=\"assistant\">\n<div class=\"text-base my-auto mx-auto pb-10 [--thread-content-margin:--spacing(4)] thread-sm:[--thread-content-margin:--spacing(6)] thread-lg:[--thread-content-margin:--spacing(16)] px-(--thread-content-margin)\">\n<div class=\"[--thread-content-max-width:40rem] thread-lg:[--thread-content-max-width:48rem] mx-auto max-w-(--thread-content-max-width) flex-1 group\/turn-messages focus-visible:outline-hidden relative flex w-full min-w-0 flex-col agent-turn\" tabindex=\"-1\">\n<div class=\"flex max-w-full flex-col grow\">\n<div class=\"min-h-8 text-message relative flex w-full flex-col items-end gap-2 text-start break-words whitespace-normal [.text-message+&amp;]:mt-5\" dir=\"auto\" data-message-author-role=\"assistant\" data-message-id=\"562b6566-93ab-4e92-80f5-6a3fa5bf4ed3\" data-message-model-slug=\"gpt-5-instant\">\n<div class=\"flex w-full flex-col gap-1 empty:hidden first:pt-[3px]\">\n<div class=\"markdown prose dark:prose-invert w-full break-words light markdown-new-styling\">\n<p data-start=\"0\" data-end=\"252\" data-is-last-node=\"\" data-is-only-node=\"\">The ES2227 colorful wig wag patterns water pipe stands 6 inches tall, crafted from durable glass with vibrant swirls. Compact, portable, and smooth to use, this water pipe offers reliable performance and artistic style for everyday sessions or display.<\/p>\n<\/div>\n<\/div>\n<\/div>\n<\/div>\n<div class=\"z-0 flex min-h-[46px] justify-start\"><\/div>\n<div class=\"mt-3 w-full empty:hidden\">\n<div class=\"text-center\"><\/div>\n<\/div>\n<\/div>\n<\/div>\n<\/article>\n<div class=\"pointer-events-none h-px w-px\" aria-hidden=\"true\" data-edge=\"true\"><\/div>\n","protected":false},"featured_media":2600,"comment_status":"open","ping_status":"closed","template":"","meta":[],"product_brand":[],"product_cat":[45],"product_tag":[111,112,110],"class_list":{"0":"post-2565","1":"product","2":"type-product","3":"status-publish","4":"has-post-thumbnail","6":"product_cat-bong-bowls-slides","7":"product_tag-glass-pipe","8":"product_tag-smoking-accessory","9":"product_tag-water-pipe","11":"first","12":"instock","13":"shipping-taxable","14":"purchasable","15":"product-type-variable"},"_links":{"self":[{"href":"https:\/\/buyegglass.com\/pt\/wp-json\/wp\/v2\/product\/2565","targetHints":{"allow":["GET"]}}],"collection":[{"href":"https:\/\/buyegglass.com\/pt\/wp-json\/wp\/v2\/product"}],"about":[{"href":"https:\/\/buyegglass.com\/pt\/wp-json\/wp\/v2\/types\/product"}],"replies":[{"embeddable":true,"href":"https:\/\/buyegglass.com\/pt\/wp-json\/wp\/v2\/comments?post=2565"}],"wp:featuredmedia":[{"embeddable":true,"href":"https:\/\/buyegglass.com\/pt\/wp-json\/wp\/v2\/media\/2600"}],"wp:attachment":[{"href":"https:\/\/buyegglass.com\/pt\/wp-json\/wp\/v2\/media?parent=2565"}],"wp:term":[{"taxonomy":"product_brand","embeddable":true,"href":"https:\/\/buyegglass.com\/pt\/wp-json\/wp\/v2\/product_brand?post=2565"},{"taxonomy":"product_cat","embeddable":true,"href":"https:\/\/buyegglass.com\/pt\/wp-json\/wp\/v2\/product_cat?post=2565"},{"taxonomy":"product_tag","embeddable":true,"href":"https:\/\/buyegglass.com\/pt\/wp-json\/wp\/v2\/product_tag?post=2565"}],"curies":[{"name":"wp","href":"https:\/\/api.w.org\/{rel}","templated":true}]}}