{"id":2334,"date":"2025-09-22T10:36:12","date_gmt":"2025-09-22T10:36:12","guid":{"rendered":"https:\/\/buyegglass.com\/?post_type=product&#038;p=2334"},"modified":"2025-10-10T09:24:21","modified_gmt":"2025-10-10T09:24:21","slug":"ega33-ash-catcher-bongs-solid-horn-bowl-set-glass-online","status":"publish","type":"product","link":"https:\/\/buyegglass.com\/pt\/product\/ega33-ash-catcher-bongs-solid-horn-bowl-set-glass-online\/","title":{"rendered":"EGA33 Bongos de recolha de cinzas Conjunto de ta\u00e7as de chifre s\u00f3lido Vidro Online"},"content":{"rendered":"<h2>Apanhador de Cinzas Bongos Prato de Chifre S\u00f3lido Estabelecimento - Loja de Vidro Borosilicato<\/h2>\n<p>Melhore a sua experi\u00eancia de fumar com o conjunto de pratos de chifre s\u00f3lido Ash Catcher Bongs de design excecional, um testemunho de charme visual e capacidade superior. Fabricada em vidro borossilicato, esta cole\u00e7\u00e3o garante robustez, resist\u00eancia ao calor e pureza cristalina, assegurando que cada sess\u00e3o seja suave, limpa e satisfat\u00f3ria.<br \/>\nO n\u00facleo deste conjunto \u00e9 o engenhoso coletor de cinzas, concebido para oferecer um n\u00edvel de purifica\u00e7\u00e3o sem paralelo. O seu estilo \u00fanico apanha eficazmente as cinzas e os detritos antes de chegarem ao tubo de \u00e1gua principal, mantendo o bongo mais limpo durante mais tempo e reduzindo consideravelmente a viol\u00eancia das suas batidas. Isto significa menos tempo a limpar e ainda mais tempo a apreciar o momento.<br \/>\nO que realmente distingue esta cole\u00e7\u00e3o \u00e9 a impressionante parte \"Solid Horn Bowl\". N\u00e3o se trata apenas de uma ta\u00e7a; \u00e9 uma pe\u00e7a de afirma\u00e7\u00e3o. A pe\u00e7a ergon\u00f3mica em forma de chifre, dispon\u00edvel em cores vivas, como o azul-petr\u00f3leo ou o vermelho ardente, n\u00e3o s\u00f3 acrescenta um toque not\u00e1vel, como tamb\u00e9m utiliza uma pega segura e confort\u00e1vel, tornando-a muito f\u00e1cil de manusear e remover. A buzina integra-se perfeitamente no prato, que inclui uma \u00e1rea superior fosca ou colorida, acrescentando um toque de sofistica\u00e7\u00e3o em compara\u00e7\u00e3o com o corpo de vidro transparente.<br \/>\nA estrutura port\u00e1til mas duradoura do cinzeiro garante estabilidade, enquanto o seu encaixe espec\u00edfico garante uma liga\u00e7\u00e3o confort\u00e1vel e sem fugas ao seu sistema existente. A requintada marca \"EG GLASS\" gravada no corpo de vidro transparente \u00e9 sin\u00f3nimo de qualidade e de acabamento, uma marca de um produto desenvolvido para fan\u00e1ticos exigentes.<br \/>\nQuer pretenda atualizar o seu equipamento atual, melhorar a purifica\u00e7\u00e3o ou apenas acrescentar um toque de sofistica\u00e7\u00e3o art\u00edstica \u00e0 sua cole\u00e7\u00e3o, o conjunto de pratos de chifre s\u00f3lido Ash Catcher Bongs \u00e9 uma excelente escolha. \u00c9 mais do que um simples dispositivo; \u00e9 um investimento financeiro numa rotina de fumo mais limpa, mais suave e visualmente mais atraente.<\/p>","protected":false},"excerpt":{"rendered":"<p>This borosilicate glass ash catcher with a solid horn bowl set is a stylish and functional addition to your bong. It features a unique horn-shaped handle and comes in various vibrant colors to match your personal style.<\/p>","protected":false},"featured_media":2335,"comment_status":"open","ping_status":"closed","template":"","meta":[],"product_brand":[],"product_cat":[44],"product_tag":[103,104,105],"class_list":{"0":"post-2334","1":"product","2":"type-product","3":"status-publish","4":"has-post-thumbnail","6":"product_cat-ash-catcher","7":"product_tag-ash-catcher","8":"product_tag-borosilicate-glass","9":"product_tag-horn-bowl","11":"first","12":"instock","13":"shipping-taxable","14":"purchasable","15":"product-type-variable"},"_links":{"self":[{"href":"https:\/\/buyegglass.com\/pt\/wp-json\/wp\/v2\/product\/2334","targetHints":{"allow":["GET"]}}],"collection":[{"href":"https:\/\/buyegglass.com\/pt\/wp-json\/wp\/v2\/product"}],"about":[{"href":"https:\/\/buyegglass.com\/pt\/wp-json\/wp\/v2\/types\/product"}],"replies":[{"embeddable":true,"href":"https:\/\/buyegglass.com\/pt\/wp-json\/wp\/v2\/comments?post=2334"}],"wp:featuredmedia":[{"embeddable":true,"href":"https:\/\/buyegglass.com\/pt\/wp-json\/wp\/v2\/media\/2335"}],"wp:attachment":[{"href":"https:\/\/buyegglass.com\/pt\/wp-json\/wp\/v2\/media?parent=2334"}],"wp:term":[{"taxonomy":"product_brand","embeddable":true,"href":"https:\/\/buyegglass.com\/pt\/wp-json\/wp\/v2\/product_brand?post=2334"},{"taxonomy":"product_cat","embeddable":true,"href":"https:\/\/buyegglass.com\/pt\/wp-json\/wp\/v2\/product_cat?post=2334"},{"taxonomy":"product_tag","embeddable":true,"href":"https:\/\/buyegglass.com\/pt\/wp-json\/wp\/v2\/product_tag?post=2334"}],"curies":[{"name":"wp","href":"https:\/\/api.w.org\/{rel}","templated":true}]}}