{"id":1794,"date":"2025-09-16T09:07:18","date_gmt":"2025-09-16T09:07:18","guid":{"rendered":"https:\/\/buyegglass.com\/?post_type=product&#038;p=1794"},"modified":"2025-10-10T08:26:39","modified_gmt":"2025-10-10T08:26:39","slug":"dab-oil-rigs-horned-heirloom-recycler-glass-water-pipe-sale","status":"publish","type":"product","link":"https:\/\/buyegglass.com\/pt\/product\/dab-oil-rigs-horned-heirloom-recycler-glass-water-pipe-sale\/","title":{"rendered":"Dab Oil Rigs Cachimbo de \u00e1gua de vidro reciclado com chifres Venda"},"content":{"rendered":"<h2>Dab Oil Rigs Cachimbo de \u00e1gua de vidro reciclado com chifres Venda<\/h2>\n<p>Prepare-se para melhorar a sua experi\u00eancia de concentra\u00e7\u00e3o com o magn\u00edfico e elaborado cachimbo de \u00e1gua de vidro Horned Treasure Recycler. Esta pe\u00e7a excecional n\u00e3o \u00e9 apenas um dispositivo para as plataformas de \u00f3leo dab; \u00e9 uma obra de arte que proporciona uma efici\u00eancia excecional. Concebida para o amante cr\u00edtico, esta pe\u00e7a combina apelos est\u00e9ticos impressionantes com inova\u00e7\u00e3o de purifica\u00e7\u00e3o avan\u00e7ada para fornecer os melhores e mais saborosos golpes poss\u00edveis. O estilo distinto com chifres n\u00e3o \u00e9 apenas visualmente fascinante, mas tamb\u00e9m proporciona um aperto ergon\u00f3mico, tornando as suas sess\u00f5es confort\u00e1veis e elegantes. Oferecido numa gama de tons cativantes, desde azuis profundos e grandes pretos esfumados a rosas vivos, h\u00e1 um Horned Antique Recycler para combinar com cada individualidade e cole\u00e7\u00e3o.<\/p>\n<p>No centro desta obra-prima est\u00e1 a sua fun\u00e7\u00e3o de reciclagem extremamente eficiente. Este sistema inovador foi criado para fazer um ciclo cont\u00ednuo de \u00e1gua, assegurando um arrefecimento e uma purifica\u00e7\u00e3o \u00f3ptimos do vapor. Ao inalar, o vapor \u00e9 aspirado com v\u00e1rias c\u00e2maras, um processo que diminui substancialmente a aspereza e protege as delicadas contas de terpenos dos seus concentrados. O resultado \u00e9 uma pancada extremamente suave e excelente, com um sabor a rebentar. Esta filtragem avan\u00e7ada tamb\u00e9m diminui os salpicos, assegurando uma experi\u00eancia de lavagem limpa e agrad\u00e1vel em todas as ocasi\u00f5es.<\/p>\n<p>Cada Horned Antique Recycler \u00e9 cuidadosamente fabricado em vidro borossilicato de alta qualidade, conhecido pela sua dureza e resist\u00eancia ao calor. Isto garante que o seu equipamento pode suportar os rigores da utiliza\u00e7\u00e3o de rotina, preservando o seu aspeto imaculado. As informa\u00e7\u00f5es intrincadas, desde os chifres elegantemente curvados at\u00e9 aos detalhes vivos e vibrantes, s\u00e3o um testemunho do trabalho especializado que \u00e9 efectuado na cria\u00e7\u00e3o de cada item. Quer seja um especialista em dab oil rigs ou um novato no mundo dos concentrados, os Horned Antique Recycler Glass Pipes proporcionam uma excelente combina\u00e7\u00e3o de forma e fun\u00e7\u00e3o, garantindo uma experi\u00eancia superior de dab oil rigs que \u00e9 t\u00e3o espetacular esteticamente como agrad\u00e1vel.<\/p>","protected":false},"excerpt":{"rendered":"<p>Elevate your dabbing experience with these Horned Heirloom Recycler Dab Rigs. Featuring intricate glass horn details and a smooth recycling function, these unique glass water pipes offer both stunning aesthetics and premium filtration. Available in various eye-catching colors. On sale now<\/p>","protected":false},"featured_media":1795,"comment_status":"open","ping_status":"closed","template":"","meta":[],"product_brand":[],"product_cat":[41],"product_tag":[377,155,189],"class_list":{"0":"post-1794","1":"product","2":"type-product","3":"status-publish","4":"has-post-thumbnail","6":"product_cat-dab-oil-rigs","7":"product_tag-dab-oil","8":"product_tag-dab-oil-rigs","9":"product_tag-dab-rigs","11":"first","12":"instock","13":"shipping-taxable","14":"purchasable","15":"product-type-variable"},"_links":{"self":[{"href":"https:\/\/buyegglass.com\/pt\/wp-json\/wp\/v2\/product\/1794","targetHints":{"allow":["GET"]}}],"collection":[{"href":"https:\/\/buyegglass.com\/pt\/wp-json\/wp\/v2\/product"}],"about":[{"href":"https:\/\/buyegglass.com\/pt\/wp-json\/wp\/v2\/types\/product"}],"replies":[{"embeddable":true,"href":"https:\/\/buyegglass.com\/pt\/wp-json\/wp\/v2\/comments?post=1794"}],"wp:featuredmedia":[{"embeddable":true,"href":"https:\/\/buyegglass.com\/pt\/wp-json\/wp\/v2\/media\/1795"}],"wp:attachment":[{"href":"https:\/\/buyegglass.com\/pt\/wp-json\/wp\/v2\/media?parent=1794"}],"wp:term":[{"taxonomy":"product_brand","embeddable":true,"href":"https:\/\/buyegglass.com\/pt\/wp-json\/wp\/v2\/product_brand?post=1794"},{"taxonomy":"product_cat","embeddable":true,"href":"https:\/\/buyegglass.com\/pt\/wp-json\/wp\/v2\/product_cat?post=1794"},{"taxonomy":"product_tag","embeddable":true,"href":"https:\/\/buyegglass.com\/pt\/wp-json\/wp\/v2\/product_tag?post=1794"}],"curies":[{"name":"wp","href":"https:\/\/api.w.org\/{rel}","templated":true}]}}