{"id":1761,"date":"2025-09-16T08:41:48","date_gmt":"2025-09-16T08:41:48","guid":{"rendered":"https:\/\/buyegglass.com\/?post_type=product&#038;p=1761"},"modified":"2025-10-10T09:49:16","modified_gmt":"2025-10-10T09:49:16","slug":"ash-catcher-bongs-ega10-bright-horn-borosilicate-glass","status":"publish","type":"product","link":"https:\/\/buyegglass.com\/pt\/product\/ash-catcher-bongs-ega10-bright-horn-borosilicate-glass\/","title":{"rendered":"Bongo para Apanhar Cinzas EGA10 Chifre Brilhante Vidro de Borosilicato"},"content":{"rendered":"<h2 id=\"elevate-your-smoking-experience-with-the-ega10-bright-horn-ash-catcher-by-eg-glass\">Bongo para Apanhar Cinzas EGA10 Chifre Brilhante Vidro de Borosilicato<\/h2>\n<p>Apresentamos o Apanhador de Cinzas EGA10 Bright Horn, um acess\u00f3rio v\u00edvido e essencial feito para reinventar as suas sess\u00f5es de fumar cigarros. Este atrativo artigo da EG Glass integra apelos est\u00e9ticos vivos com um desempenho de alto rendimento, garantindo que o seu bongo se mant\u00e9m mais limpo enquanto proporciona batidas extremamente suaves. \u00c9 a atualiza\u00e7\u00e3o perfeita para qualquer tipo de amante que pretenda acrescentar um toque de cor e uma camada adicional de filtragem aos seus cachimbos preferidos.<\/p>\n<p>Fabricado em vidro borossilicato de primeira qualidade e resistente ao calor, o EGA10 foi desenvolvido para ser resistente e eficiente. Este produto de custos \u00e9 conhecido pela sua capacidade de suportar o stress t\u00e9rmico e a ansiedade, assegurando que o coletor de cinzas pode suportar a utiliza\u00e7\u00e3o di\u00e1ria, mantendo o sabor puro dos seus materiais. A sua constru\u00e7\u00e3o s\u00f3lida \u00e9 imediatamente vis\u00edvel, mas mant\u00e9m-se impressionantemente leve com apenas 93 gramas, evitando qualquer tens\u00e3o excessiva na articula\u00e7\u00e3o do seu bongo.<\/p>\n<p>O atributo de destaque do EGA10 \u00e9 o seu design \u00fanico, definido por chifres vibrantes e vivos que se movem elegantemente de lado. Prontamente dispon\u00edvel numa variedade de combina\u00e7\u00f5es de tons brilhantes, este apanhador de cinzas \u00e9 uma pe\u00e7a de afirma\u00e7\u00e3o que permite a express\u00e3o individual. Para al\u00e9m da sua apar\u00eancia impressionante, o EGA10 foi concebido para uma fun\u00e7\u00e3o \u00f3ptima. Inclui uma junta de 90 graus, tornando-o compat\u00edvel com uma vasta gama de bongos que t\u00eam uma haste vertical para baixo.<\/p>\n<p>Na sua ess\u00eancia, um coletor de cinzas serve para apanhar cinzas e detritos antes que estes possam entrar na c\u00e2mara principal do teu bongo, reduzindo drasticamente a necessidade de uma limpeza regular e cansativa. O EGA10 destaca-se por esta carater\u00edstica principal, mas tamb\u00e9m melhora a qualidade de cada inala\u00e7\u00e3o. Ao acrescentar uma c\u00e2mara de \u00e1gua adicional, proporciona uma fase adicional de percola\u00e7\u00e3o, que arrefece e filtra o fumo para uma experi\u00eancia mais suave e menos \u00e1spera. Isto resulta em batidas mais limpas que s\u00e3o mais suaves para a garganta e os pulm\u00f5es. Com uma dimens\u00e3o compacta de 4,33 polegadas, inclui uma filtragem poderosa sem incluir uma massa desagrad\u00e1vel na sua configura\u00e7\u00e3o.<\/p>","protected":false},"excerpt":{"rendered":"<p>Elevate your bong with the EGA10 Bright Horn Ash Catcher by EG Glass. Made from durable borosilicate glass, this vibrant accessory features a unique double-horn handle design. It effectively traps ash and debris, ensuring cleaner, smoother hits while adding a splash of color to your setup.<\/p>","protected":false},"featured_media":1767,"comment_status":"open","ping_status":"closed","template":"","meta":[],"product_brand":[],"product_cat":[44],"product_tag":[103,373,374],"class_list":{"0":"post-1761","1":"product","2":"type-product","3":"status-publish","4":"has-post-thumbnail","6":"product_cat-ash-catcher","7":"product_tag-ash-catcher","8":"product_tag-ash-catcher-bongs","9":"product_tag-glass-ash-catcher","11":"first","12":"instock","13":"shipping-taxable","14":"purchasable","15":"product-type-variable"},"_links":{"self":[{"href":"https:\/\/buyegglass.com\/pt\/wp-json\/wp\/v2\/product\/1761","targetHints":{"allow":["GET"]}}],"collection":[{"href":"https:\/\/buyegglass.com\/pt\/wp-json\/wp\/v2\/product"}],"about":[{"href":"https:\/\/buyegglass.com\/pt\/wp-json\/wp\/v2\/types\/product"}],"replies":[{"embeddable":true,"href":"https:\/\/buyegglass.com\/pt\/wp-json\/wp\/v2\/comments?post=1761"}],"wp:featuredmedia":[{"embeddable":true,"href":"https:\/\/buyegglass.com\/pt\/wp-json\/wp\/v2\/media\/1767"}],"wp:attachment":[{"href":"https:\/\/buyegglass.com\/pt\/wp-json\/wp\/v2\/media?parent=1761"}],"wp:term":[{"taxonomy":"product_brand","embeddable":true,"href":"https:\/\/buyegglass.com\/pt\/wp-json\/wp\/v2\/product_brand?post=1761"},{"taxonomy":"product_cat","embeddable":true,"href":"https:\/\/buyegglass.com\/pt\/wp-json\/wp\/v2\/product_cat?post=1761"},{"taxonomy":"product_tag","embeddable":true,"href":"https:\/\/buyegglass.com\/pt\/wp-json\/wp\/v2\/product_tag?post=1761"}],"curies":[{"name":"wp","href":"https:\/\/api.w.org\/{rel}","templated":true}]}}