{"id":1746,"date":"2025-09-16T08:28:48","date_gmt":"2025-09-16T08:28:48","guid":{"rendered":"https:\/\/buyegglass.com\/?post_type=product&#038;p=1746"},"modified":"2025-10-10T08:30:49","modified_gmt":"2025-10-10T08:30:49","slug":"straight-tube-bongs-borosilicate-glass-18-in-inline-perc","status":"publish","type":"product","link":"https:\/\/buyegglass.com\/pt\/product\/straight-tube-bongs-borosilicate-glass-18-in-inline-perc\/","title":{"rendered":"Bongos de tubo reto de vidro borossilicato de 18 polegadas com percuss\u00e3o em linha"},"content":{"rendered":"<h2>Bongos de tubo reto de vidro borossilicato de 18 polegadas com percuss\u00e3o em linha<\/h2>\n<p>Melhore as suas sess\u00f5es de fumo com os bongos de vidro borossilicato Straight Tube, com uma excelente altura de 18 polegadas. Este artigo foi cuidadosamente concebido para proporcionar uma experi\u00eancia inigual\u00e1vel, incorporando o estilo tradicional com a inova\u00e7\u00e3o do sistema de filtragem moderno. A sua altura poderosa n\u00e3o s\u00f3 faz uma declara\u00e7\u00e3o est\u00e9tica, como tamb\u00e9m permite um volume filantr\u00f3pico de fumo, motivando batidas poderosas e gratificantes.<\/p>\n<p>Robustez superior e prefer\u00eancia pura: Desenvolvido a partir de vidro de borosilicato de alta qualidade, este bongo de tubo reto foi desenvolvido para ser resistente. O vidro de borosilicato \u00e9 conhecido por sua for\u00e7a sensacional e resist\u00eancia ao choque t\u00e9rmico, mostrando que pode aquecer sem fraturar ou estragar. Este material de custos garante igualmente um sabor puro e imaculado das suas ervas naturais totalmente secas, uma vez que n\u00e3o \u00e9 poroso e evita a absor\u00e7\u00e3o de odores e dep\u00f3sitos.<\/p>\n<p>Filtragem avan\u00e7ada para obter hits mais f\u00e1ceis: No cora\u00e7\u00e3o deste bongo de tubo reto est\u00e1 o seu coador em linha. Este tubo reto com fendas cortadas com precis\u00e3o difunde o fumo atrav\u00e9s da \u00e1gua, simplificando-o em bolhas de tamanho mais pequeno. Este procedimento aumenta significativamente a superf\u00edcie do fumo que entra em contacto com a \u00e1gua, causando um not\u00e1vel condicionamento e purifica\u00e7\u00e3o do ar. O resultado \u00e9 uma inala\u00e7\u00e3o excecionalmente suave e limpa, desprovida de crueldade e toxinas.<\/p>\n<p>O design intemporal cumpre o desempenho moderno: O design de tubo reto \u00e9 um padr\u00e3o intemporal, preferido pelo seu fornecimento direto e r\u00e1pido de fumo. Esta forma estruturada torna os bongos de tubo reto simples de utilizar e limpar, enquanto a estatura de 18 polegadas d\u00e1 espa\u00e7o suficiente para o fumo arrefecer antes de chegar a si. A base, a boquilha e o coador apresentam uma s\u00e9rie de detalhes em cores vibrantes, o que d\u00e1 um toque de design individual ao seu visual cl\u00ednico. Quer seja um amante experiente ou um novato no mundo dos bongos de tubo reto, este bongos de tubo reto com coador em linha de 18 polegadas utiliza uma combina\u00e7\u00e3o ideal de tipo, fun\u00e7\u00e3o e longa dura\u00e7\u00e3o.<\/p>","protected":false},"excerpt":{"rendered":"<p>Experience smooth, filtered hits with our 18&#8243; Straight Tube Bongs. Crafted from durable borosilicate glass, it features an inline perc for exceptional diffusion and a stable base. Available in various colors to match your style. Enjoy a cleaner, cooler smoke every time.<\/p>","protected":false},"featured_media":3869,"comment_status":"open","ping_status":"closed","template":"","meta":[],"product_brand":[],"product_cat":[40],"product_tag":[372,371,370],"class_list":{"0":"post-1746","1":"product","2":"type-product","3":"status-publish","4":"has-post-thumbnail","6":"product_cat-straight-tube-bongs","7":"product_tag-18-in-straight-tube-bongs","8":"product_tag-glass-straight-tube-bongs","9":"product_tag-straight-tube-bongs","11":"first","12":"instock","13":"shipping-taxable","14":"purchasable","15":"product-type-variable"},"_links":{"self":[{"href":"https:\/\/buyegglass.com\/pt\/wp-json\/wp\/v2\/product\/1746","targetHints":{"allow":["GET"]}}],"collection":[{"href":"https:\/\/buyegglass.com\/pt\/wp-json\/wp\/v2\/product"}],"about":[{"href":"https:\/\/buyegglass.com\/pt\/wp-json\/wp\/v2\/types\/product"}],"replies":[{"embeddable":true,"href":"https:\/\/buyegglass.com\/pt\/wp-json\/wp\/v2\/comments?post=1746"}],"wp:featuredmedia":[{"embeddable":true,"href":"https:\/\/buyegglass.com\/pt\/wp-json\/wp\/v2\/media\/3869"}],"wp:attachment":[{"href":"https:\/\/buyegglass.com\/pt\/wp-json\/wp\/v2\/media?parent=1746"}],"wp:term":[{"taxonomy":"product_brand","embeddable":true,"href":"https:\/\/buyegglass.com\/pt\/wp-json\/wp\/v2\/product_brand?post=1746"},{"taxonomy":"product_cat","embeddable":true,"href":"https:\/\/buyegglass.com\/pt\/wp-json\/wp\/v2\/product_cat?post=1746"},{"taxonomy":"product_tag","embeddable":true,"href":"https:\/\/buyegglass.com\/pt\/wp-json\/wp\/v2\/product_tag?post=1746"}],"curies":[{"name":"wp","href":"https:\/\/api.w.org\/{rel}","templated":true}]}}