{"id":1680,"date":"2025-09-15T08:39:52","date_gmt":"2025-09-15T08:39:52","guid":{"rendered":"https:\/\/buyegglass.com\/?post_type=product&#038;p=1680"},"modified":"2025-10-10T08:07:38","modified_gmt":"2025-10-10T08:07:38","slug":"beaker-bongs-borosilicate-glass-eg-01-14-inch-clock-online","status":"publish","type":"product","link":"https:\/\/buyegglass.com\/pt\/product\/beaker-bongs-borosilicate-glass-eg-01-14-inch-clock-online\/","title":{"rendered":"Bongos de vidro borosilicato EG-01 Rel\u00f3gio de 14 polegadas Online"},"content":{"rendered":"<h2>Bongos de vidro borosilicato EG-01 Rel\u00f3gio de 14 polegadas Online<\/h2>\n<p>Descubra uma experi\u00eancia intemporal de fumar cigarros com os bongos EG-01 \"Clock\" Beaker Bongs, uma obra-prima onde o design inovador satisfaz uma capacidade impec\u00e1vel. Com umas excelentes 14 polegadas de altura, esta pe\u00e7a foi concebida para ser o ponto focal deslumbrante de qualquer cole\u00e7\u00e3o, fornecendo ao mesmo tempo o sistema de filtragem de alto desempenho de que os aficionados necessitam. O EG-01 n\u00e3o \u00e9 apenas uma ferramenta, mas uma obra de arte criada para aqueles que valorizam tanto os apelos est\u00e9ticos como a excel\u00eancia na sua rotina di\u00e1ria.<\/p>\n<p>A base desta pe\u00e7a excecional \u00e9 a sua base de copo cl\u00e1ssica, conhecida pela sua estabilidade inabal\u00e1vel e capacidade substancial de \u00e1gua. Este estilo n\u00e3o \u00e9 apenas para apar\u00eancias; a quantidade aumentada de \u00e1gua proporciona uma percola\u00e7\u00e3o totalmente natural, arrefecendo e filtrando cada tragada para uma batida excecionalmente suave e de sabor limpo. Pode dizer adeus \u00e0 crueldade e ol\u00e1 ao sabor puro e sem m\u00e1cula. A base tamb\u00e9m apresenta uma grava\u00e7\u00e3o polida e elegante, acrescentando um toque de classe ao vidro cristalino.<\/p>\n<p>O que genuinamente distingue o EG-01 \u00e9 o seu impressionante bra\u00e7o, totalmente fabricado em vidro borossilicato espesso e colorido. O bra\u00e7o \u00e9 composto por um padr\u00e3o \"Clock\" profundamente impresso, um design intrincado, semelhante a uma engrenagem, que \u00e9 visualmente not\u00e1vel e extremamente reativo. Este suporte \u00fanico n\u00e3o s\u00f3 \u00e9 excelente na sua m\u00e3o, como tamb\u00e9m proporciona uma sensa\u00e7\u00e3o de seguran\u00e7a e certeza em cada sess\u00e3o. Fornecido numa cole\u00e7\u00e3o de tons vibrantes - que consistem em tons profundos amigos do ambiente, azuis fortes, preto padr\u00e3o e rosa vivo - pode escolher o layout que combina completamente com a sua personalidade.<\/p>\n<p>Fabricado a partir de vidro borossilicato de qualidade cient\u00edfica, todo o bongo foi criado para ser resistente e resiliente. Este produto de primeira qualidade \u00e9 conhecido pela sua resist\u00eancia ao choque t\u00e9rmico, garantindo que o seu investimento econ\u00f3mico pode resistir ao uso normal e \u00e0 limpeza sem p\u00f4r em perigo a sua sinceridade estrutural. Cada EG-01 vem completo com uma haste inferior e uma ta\u00e7a de vidro de coordena\u00e7\u00e3o, garantindo que tem tudo o que precisa para valorizar uma sess\u00e3o adequada logo \u00e0 partida. Aumente a sua experi\u00eancia e fa\u00e7a uma declara\u00e7\u00e3o com os EG-01 Clock Beaker Bongs - onde cada minuto \u00e9 intemporal.<\/p>","protected":false},"excerpt":{"rendered":"<article class=\"text-token-text-primary w-full focus:outline-none scroll-mt-[calc(var(--header-height)+min(200px,max(70px,20svh)))]\" dir=\"auto\" tabindex=\"-1\" data-turn-id=\"request-WEB:01db6bd7-af95-48f2-b660-596cc9523e41-0\" data-testid=\"conversation-turn-2\" data-scroll-anchor=\"true\" data-turn=\"assistant\">\n<div class=\"text-base my-auto mx-auto pb-10 [--thread-content-margin:--spacing(4)] thread-sm:[--thread-content-margin:--spacing(6)] thread-lg:[--thread-content-margin:--spacing(16)] px-(--thread-content-margin)\">\n<div class=\"[--thread-content-max-width:40rem] thread-lg:[--thread-content-max-width:48rem] mx-auto max-w-(--thread-content-max-width) flex-1 group\/turn-messages focus-visible:outline-hidden relative flex w-full min-w-0 flex-col agent-turn\" tabindex=\"-1\">\n<div class=\"flex max-w-full flex-col grow\">\n<div class=\"min-h-8 text-message relative flex w-full flex-col items-end gap-2 text-start break-words whitespace-normal [.text-message+&amp;]:mt-5\" dir=\"auto\" data-message-author-role=\"assistant\" data-message-id=\"971358dd-c0da-4dce-9a46-ac3b00707a82\" data-message-model-slug=\"gpt-5\">\n<div class=\"flex w-full flex-col gap-1 empty:hidden first:pt-[1px]\">\n<div class=\"markdown prose dark:prose-invert w-full break-words light markdown-new-styling\">\n<p data-start=\"0\" data-end=\"293\" data-is-last-node=\"\" data-is-only-node=\"\">Beaker Bongs Borosilicate Glass EG-01 14 Inch \u2014 crafted from durable, heat-resistant borosilicate glass with a classic beaker base for smooth filtration. Features vibrant frosted neck designs in multiple colors for a stylish and sturdy smoking experience. Perfect balance of form and function.<\/p>\n<\/div>\n<\/div>\n<\/div>\n<\/div>\n<div class=\"z-0 flex min-h-[46px] justify-start\"><\/div>\n<div class=\"mt-3 w-full empty:hidden\">\n<div class=\"text-center\"><\/div>\n<\/div>\n<\/div>\n<\/div>\n<\/article>\n<div class=\"pointer-events-none h-px w-px\" aria-hidden=\"true\" data-edge=\"true\"><\/div>\n","protected":false},"featured_media":3865,"comment_status":"open","ping_status":"closed","template":"","meta":[],"product_brand":[],"product_cat":[39],"product_tag":[221,369,368],"class_list":{"0":"post-1680","1":"product","2":"type-product","3":"status-publish","4":"has-post-thumbnail","6":"product_cat-beaker-bongs","7":"product_tag-beaker-bongs","8":"product_tag-beaker-bongs-online","9":"product_tag-glass-bongs","11":"first","12":"instock","13":"shipping-taxable","14":"purchasable","15":"product-type-variable"},"_links":{"self":[{"href":"https:\/\/buyegglass.com\/pt\/wp-json\/wp\/v2\/product\/1680","targetHints":{"allow":["GET"]}}],"collection":[{"href":"https:\/\/buyegglass.com\/pt\/wp-json\/wp\/v2\/product"}],"about":[{"href":"https:\/\/buyegglass.com\/pt\/wp-json\/wp\/v2\/types\/product"}],"replies":[{"embeddable":true,"href":"https:\/\/buyegglass.com\/pt\/wp-json\/wp\/v2\/comments?post=1680"}],"wp:featuredmedia":[{"embeddable":true,"href":"https:\/\/buyegglass.com\/pt\/wp-json\/wp\/v2\/media\/3865"}],"wp:attachment":[{"href":"https:\/\/buyegglass.com\/pt\/wp-json\/wp\/v2\/media?parent=1680"}],"wp:term":[{"taxonomy":"product_brand","embeddable":true,"href":"https:\/\/buyegglass.com\/pt\/wp-json\/wp\/v2\/product_brand?post=1680"},{"taxonomy":"product_cat","embeddable":true,"href":"https:\/\/buyegglass.com\/pt\/wp-json\/wp\/v2\/product_cat?post=1680"},{"taxonomy":"product_tag","embeddable":true,"href":"https:\/\/buyegglass.com\/pt\/wp-json\/wp\/v2\/product_tag?post=1680"}],"curies":[{"name":"wp","href":"https:\/\/api.w.org\/{rel}","templated":true}]}}