{"id":3,"date":"2025-05-28T11:35:58","date_gmt":"2025-05-28T11:35:58","guid":{"rendered":"https:\/\/buyegglass.com\/?page_id=3"},"modified":"2025-10-09T08:24:28","modified_gmt":"2025-10-09T08:24:28","slug":"privacy-policy","status":"publish","type":"page","link":"https:\/\/buyegglass.com\/pt\/privacy-policy\/","title":{"rendered":"Pol\u00edtica de privacidade"},"content":{"rendered":"<p>A equipa da Buyegglass compromete-se a respeitar a sua privacidade e a seguran\u00e7a das suas informa\u00e7\u00f5es pessoais. Enquanto empresa em linha, esfor\u00e7amo-nos por tornar a sua experi\u00eancia de compra em linha segura e agrad\u00e1vel.  Quando visita <a href=\"https:\/\/buyegglass.com\/pt\/\">buyegglass.com<\/a> recolhemos automaticamente informa\u00e7\u00f5es para uso exclusivo do s\u00edtio Web \u00e0 medida que o utilizador navega no nosso cat\u00e1logo. Estas informa\u00e7\u00f5es s\u00e3o utilizadas para monitorizar o nosso s\u00edtio Web, tendo em vista a melhoria cont\u00ednua da nossa loja em linha, de modo a proporcionar ao utilizador uma experi\u00eancia de compra mais r\u00e1pida e sem problemas.  Uma vez que recolhemos determinadas informa\u00e7\u00f5es, consideramos necess\u00e1rio partilhar e explicar ao utilizador o que \u00e9 recolhido e como \u00e9 utilizado.<\/p>\n\n\n\n<h4 class=\"wp-block-heading\"><strong><strong>Informa\u00e7\u00f5es recolhidas para compras em linha<\/strong><\/strong><\/h4>\n\n\n\n<ul class=\"wp-block-list\">\n<li>Nome pr\u00f3prio\/sobrenome<\/li>\n\n\n\n<li>Endere\u00e7o de fatura\u00e7\u00e3o\/expedi\u00e7\u00e3o<\/li>\n\n\n\n<li>Endere\u00e7o de correio eletr\u00f3nico<\/li>\n\n\n\n<li>N\u00famero do cart\u00e3o de cr\u00e9dito (s\u00f3 vemos os \u00faltimos 4 d\u00edgitos)<\/li>\n<\/ul>\n\n\n\n<p>Todas as informa\u00e7\u00f5es pessoais do utilizador est\u00e3o protegidas por defini\u00e7\u00f5es de seguran\u00e7a de alta qualidade que incluem as informa\u00e7\u00f5es do carrinho de compras e quaisquer informa\u00e7\u00f5es sobre cart\u00f5es de cr\u00e9dito ou endere\u00e7os. Estas informa\u00e7\u00f5es s\u00e3o transmitidas atrav\u00e9s de defini\u00e7\u00f5es de seguran\u00e7a de alta qualidade que incluem uma liga\u00e7\u00e3o SSL (secure socket link) para um processo de pagamento seguro.<\/p>\n\n\n\n<p class=\"has-palette-color-3-color has-text-color has-link-color wp-elements-feaef86bf0831ca7accbc0e298cd9d73\"><strong>Estas informa\u00e7\u00f5es s\u00e3o utilizadas apenas para satisfazer a sua encomenda, processar o seu pagamento, gerir os envios e outras actividades relacionadas com a realiza\u00e7\u00e3o da sua transa\u00e7\u00e3o.<\/strong><\/p>\n\n\n\n<h4 class=\"wp-block-heading\"><strong><strong>Informa\u00e7\u00f5es de correio eletr\u00f3nico<\/strong><\/strong><\/h4>\n\n\n\n<p>O endere\u00e7o de correio eletr\u00f3nico que fornecer para aderir \u00e0 nossa newsletter el\u00e9ctrica gratuita ou atrav\u00e9s de compras pode ser utilizado para lhe enviar informa\u00e7\u00f5es e actualiza\u00e7\u00f5es relativas \u00e0 sua encomenda ou pedido, para al\u00e9m de receber ocasionalmente not\u00edcias da empresa, actualiza\u00e7\u00f5es, promo\u00e7\u00f5es, informa\u00e7\u00f5es sobre produtos ou servi\u00e7os relacionados, etc.<\/p>\n\n\n\n<p><strong>NUNCA venderemos ou trocaremos QUALQUER informa\u00e7\u00e3o (e-mail, pessoal, CC, etc.) sobre um utilizador individual a terceiros.  A sua privacidade \u00e9 um direito inerente e n\u00f3s respeitamos isso.<\/strong><\/p>\n\n\n\n<h4 class=\"wp-block-heading\"><strong>O seu endere\u00e7o IP e cookies<\/strong><\/h4>\n\n\n\n<p>Os endere\u00e7os IP s\u00e3o utilizados pelo seu computador sempre que est\u00e1 ligado \u00e0 Internet. O seu endere\u00e7o IP \u00e9 um n\u00famero que \u00e9 utilizado pelos computadores na rede para identificar o seu computador. Os endere\u00e7os IP s\u00e3o recolhidos automaticamente pelos nossos servidores Web para evitar actividades e transac\u00e7\u00f5es fraudulentas e proteger a sua privacidade.<br>Para melhorar a sua experi\u00eancia no nosso s\u00edtio Web, muitas das nossas p\u00e1ginas Web utilizam \"cookies\" pr\u00f3prios e de terceiros. Os cookies s\u00e3o ficheiros de texto que colocamos no browser do seu computador para guardar as suas prefer\u00eancias e facilitar determinadas fun\u00e7\u00f5es no nosso s\u00edtio Web. Por exemplo, para comprar um produto no nosso s\u00edtio Web, o utilizador adiciona itens \u00e0 sua tabela de compras e, em seguida, procede \u00e0 finaliza\u00e7\u00e3o da compra. Utilizamos cookies para que o nosso Web site o reconhe\u00e7a e acompanhe o estado da sua encomenda \u00e0 medida que navega no processo de finaliza\u00e7\u00e3o da compra e para manter o conte\u00fado do seu carrinho de compras dispon\u00edvel caso volte a comprar depois de sair da sess\u00e3o. Tamb\u00e9m utilizamos cookies para compreender a utiliza\u00e7\u00e3o do s\u00edtio e para melhorar o conte\u00fado e as ofertas no <a href=\"https:\/\/buyegglass.com\/pt\/\">Buyegglass.com<\/a>. Quando os visitantes v\u00eam para <a href=\"https:\/\/buyegglass.com\/pt\/\">Buyegglass.com<\/a>A sua empresa, ou seja, terceiros (como a AdRoll) podem colocar cookies nos seus browsers para fins de publicidade direcionada.<\/p>\n\n\n\n<h4 class=\"wp-block-heading\"><strong>Como \u00e9 que o protegemos a si e \u00e0s suas informa\u00e7\u00f5es?<\/strong><\/h4>\n\n\n\n<p>As informa\u00e7\u00f5es do carrinho de compras, incluindo quaisquer informa\u00e7\u00f5es sobre cart\u00f5es de cr\u00e9dito ou endere\u00e7os, s\u00e3o transmitidas de forma segura atrav\u00e9s de um meio seguro conhecido como Secure Sockets Layer, ou SSL. Esta camada segura fornece uma encripta\u00e7\u00e3o de at\u00e9 256 bits para a forma mais segura de transmitir informa\u00e7\u00f5es na Internet. N\u00e3o transmitimos informa\u00e7\u00f5es financeiras por correio eletr\u00f3nico. Se utilizar o nosso formul\u00e1rio Web, as suas informa\u00e7\u00f5es financeiras s\u00e3o encriptadas de modo a que nem mesmo os funcion\u00e1rios tenham acesso ao seu n\u00famero de conta de cr\u00e9dito\/d\u00e9bito\/carga\/cheque eletr\u00f3nico. As informa\u00e7\u00f5es sobre as encomendas s\u00e3o guardadas numa \u00e1rea protegida por palavra-passe, apenas acess\u00edvel a pessoal autorizado. Por favor<a href=\"https:\/\/buyegglass.com\/pt\/contact\/\" data-type=\"page\" data-id=\"547\">&nbsp;contactar-nos<\/a>&nbsp;se tiver alguma d\u00favida ou preocupa\u00e7\u00e3o.<\/p>","protected":false},"excerpt":{"rendered":"<p>The team at Buyegglass is&nbsp;committed to respecting your privacy and the security of your personal information. As an online business, we strive to make your online shopping experience both safe and enjoyable.&nbsp;&nbsp;When you visit buyegglass.com we automatically collect information for website use only as you browse through our catalog. This information is used to monitor [&hellip;]<\/p>\n","protected":false},"author":1,"featured_media":0,"parent":0,"menu_order":0,"comment_status":"closed","ping_status":"open","template":"","meta":{"footnotes":""},"class_list":["post-3","page","type-page","status-publish","hentry"],"blocksy_meta":[],"_links":{"self":[{"href":"https:\/\/buyegglass.com\/pt\/wp-json\/wp\/v2\/pages\/3","targetHints":{"allow":["GET"]}}],"collection":[{"href":"https:\/\/buyegglass.com\/pt\/wp-json\/wp\/v2\/pages"}],"about":[{"href":"https:\/\/buyegglass.com\/pt\/wp-json\/wp\/v2\/types\/page"}],"author":[{"embeddable":true,"href":"https:\/\/buyegglass.com\/pt\/wp-json\/wp\/v2\/users\/1"}],"replies":[{"embeddable":true,"href":"https:\/\/buyegglass.com\/pt\/wp-json\/wp\/v2\/comments?post=3"}],"version-history":[{"count":0,"href":"https:\/\/buyegglass.com\/pt\/wp-json\/wp\/v2\/pages\/3\/revisions"}],"wp:attachment":[{"href":"https:\/\/buyegglass.com\/pt\/wp-json\/wp\/v2\/media?parent=3"}],"curies":[{"name":"wp","href":"https:\/\/api.w.org\/{rel}","templated":true}]}}