{"id":2206,"date":"2025-09-19T01:31:22","date_gmt":"2025-09-19T01:31:22","guid":{"rendered":"https:\/\/buyegglass.com\/?page_id=2206"},"modified":"2025-10-09T08:34:02","modified_gmt":"2025-10-09T08:34:02","slug":"shipping-protection","status":"publish","type":"page","link":"https:\/\/buyegglass.com\/pt\/shipping-protection\/","title":{"rendered":"Prote\u00e7\u00e3o do transporte"},"content":{"rendered":"<p><strong>Prote\u00e7\u00e3o contra a humidade<\/strong>\u00a0d\u00e1-lhe paz de esp\u00edrito, poupando-lhe tempo e dinheiro.<\/p>\n\n\n\n<h4 class=\"wp-block-heading\">Prote\u00e7\u00e3o do transporte<\/h4>\n\n\n\n<p>Cobertura no caso de a sua encomenda ser danificada durante o transporte, roubada ou n\u00e3o chegar.<\/p>\n\n\n\n<h4 class=\"wp-block-heading\">Resolu\u00e7\u00e3o instant\u00e2nea de problemas<\/h4>\n\n\n\n<p>Obter um reembolso ou substitui\u00e7\u00e3o ap\u00f3s confirma\u00e7\u00e3o da emiss\u00e3o pela nossa equipa de apoio ao cliente.<\/p>\n\n\n\n<h4 class=\"wp-block-heading\">Apoio \u00e0 reclama\u00e7\u00e3o 24\/7<\/h4>\n\n\n\n<p>A Dank Protection est\u00e1 aqui para si sempre que surgir um problema - com um tempo m\u00e9dio de resposta inferior a 24 horas (excluindo fins-de-semana).<\/p>\n\n\n\n<h4 class=\"wp-block-heading\">Sem terceiros<\/h4>\n\n\n\n<p>O nosso seguro \u00e9 oferecido internamente. Sem terceiros e sem transfer\u00eancias. Contacte o nosso servi\u00e7o de apoio ao cliente para obter uma cobertura r\u00e1pida e f\u00e1cil.<\/p>\n\n\n\n<h4 class=\"wp-block-heading\">Detalhes<\/h4>\n\n\n\n<p>A prote\u00e7\u00e3o de envio Dank Protection alarga a cobertura para compras online perdidas ou danificadas em tr\u00e2nsito, ou roubadas imediatamente ap\u00f3s a prova de entrega da transportadora.<\/p>\n\n\n\n<ul class=\"wp-block-list\">\n<li>Se a sua encomenda sofrer um atraso superior a 10 dias, enviaremos uma substitui\u00e7\u00e3o, um reembolso ou um cr\u00e9dito na loja (uma das op\u00e7\u00f5es acima).<\/li>\n\n\n\n<li>Se a sua encomenda se perder, for roubada ou chegar danificada, enviaremos uma substitui\u00e7\u00e3o, um reembolso ou um cr\u00e9dito na loja.<\/li>\n\n\n\n<li>Resolu\u00e7\u00e3o em menos de 24 horas na maioria dos casos, exceto aos fins-de-semana.<\/li>\n\n\n\n<li>Se a sua encomenda estiver atrasada, aguarde dez dias antes de apresentar uma reclama\u00e7\u00e3o. Os envios da USPS sofrem frequentemente atrasos. Obrigado, Governo Federal \ud83d\ude15<\/li>\n\n\n\n<li>Se a sua encomenda chegar danificada, tire fotografias da embalagem e dos artigos danificados e, em seguida, contacte o nosso servi\u00e7o de apoio ao cliente.\u00a0<\/li>\n\n\n\n<li>Para apresentar uma reclama\u00e7\u00e3o, envie-nos um e-mail para\u00a0<strong><a href=\"https:\/\/buyegglass.com\/pt\/contact\/\" data-type=\"page\" data-id=\"547\">contactar-nos<\/a><\/strong>\u00a0ou utilize a nossa funcionalidade de conversa\u00e7\u00e3o.<\/li>\n<\/ul>","protected":false},"excerpt":{"rendered":"<p>Dank Protection\u00a0gives you peace of mind while saving you time and money. Shipping Protection Coverage in case your package is damaged in transit, stolen, or doesn&#8217;t arrive. Instant Issue Resolution Get a refund or replacement after issue confirmation by our customer service team. 24\/7 Claim Support Dank Protection is here for you whenever an issue [&hellip;]<\/p>\n","protected":false},"author":1,"featured_media":0,"parent":0,"menu_order":0,"comment_status":"closed","ping_status":"closed","template":"","meta":{"footnotes":""},"class_list":["post-2206","page","type-page","status-publish","hentry"],"blocksy_meta":{"has_hero_section":"default","vertical_spacing_source":"custom","content_area_spacing":"both","styles_descriptor":{"styles":{"desktop":"","tablet":"","mobile":""},"google_fonts":[],"version":6}},"_links":{"self":[{"href":"https:\/\/buyegglass.com\/pt\/wp-json\/wp\/v2\/pages\/2206","targetHints":{"allow":["GET"]}}],"collection":[{"href":"https:\/\/buyegglass.com\/pt\/wp-json\/wp\/v2\/pages"}],"about":[{"href":"https:\/\/buyegglass.com\/pt\/wp-json\/wp\/v2\/types\/page"}],"author":[{"embeddable":true,"href":"https:\/\/buyegglass.com\/pt\/wp-json\/wp\/v2\/users\/1"}],"replies":[{"embeddable":true,"href":"https:\/\/buyegglass.com\/pt\/wp-json\/wp\/v2\/comments?post=2206"}],"version-history":[{"count":0,"href":"https:\/\/buyegglass.com\/pt\/wp-json\/wp\/v2\/pages\/2206\/revisions"}],"wp:attachment":[{"href":"https:\/\/buyegglass.com\/pt\/wp-json\/wp\/v2\/media?parent=2206"}],"curies":[{"name":"wp","href":"https:\/\/api.w.org\/{rel}","templated":true}]}}