{"id":2202,"date":"2025-09-19T01:30:32","date_gmt":"2025-09-19T01:30:32","guid":{"rendered":"https:\/\/buyegglass.com\/?page_id=2202"},"modified":"2025-10-09T08:30:48","modified_gmt":"2025-10-09T08:30:48","slug":"shipping-policy","status":"publish","type":"page","link":"https:\/\/buyegglass.com\/pt\/shipping-policy\/","title":{"rendered":"Pol\u00edtica de envio"},"content":{"rendered":"<h4 class=\"wp-block-heading\">Janela de envio e processamento<\/h4>\n\n\n\n<ul class=\"wp-block-list\">\n<li>Todas as encomendas s\u00e3o normalmente entregues 3-5 dias \u00fateis ap\u00f3s a encomenda ter sido\u00a0<em>processado<\/em>\u00a0e\u00a0<em>expedido<\/em>.<\/li>\n\n\n\n<li>O processamento demora geralmente entre 1-3 dias \u00fateis, consoante o produto encomendado.<\/li>\n\n\n\n<li>Receber\u00e1 a sua encomenda normalmente 5 a 10 dias ap\u00f3s ter efectuado a encomenda.\u00a0<\/li>\n\n\n\n<li>Se a sua encomenda demorar mais do que o previsto, contacte o nosso servi\u00e7o de apoio ao cliente<\/li>\n\n\n\n<li><em>Teremos todo o gosto em corrigir a situa\u00e7\u00e3o, reembolsando os seus custos de envio, cancelando a sua encomenda ou concedendo um desconto numa futura encomenda pelo seu inc\u00f3modo.<\/em><\/li>\n<\/ul>\n\n\n\n<p>Depois de a sua encomenda ter sido embalada e a etiqueta de envio impressa, receber\u00e1 um e-mail com o seu n\u00famero de seguimento. Tenha em aten\u00e7\u00e3o que o n\u00famero de seguimento pode demorar at\u00e9 24 horas a ser ativado.<\/p>\n\n\n\n<h4 class=\"wp-block-heading\">Embalagem discreta<\/h4>\n\n\n\n<p>Todas as encomendas s\u00e3o embaladas e enviadas em caixas simples e discretas. N\u00e3o existem marcas\/logotipos\/palavras que identifiquem o conte\u00fado da sua encomenda.<\/p>\n\n\n\n<h4 class=\"wp-block-heading\">Artigo(s) danificado(s):<\/h4>\n\n\n\n<p>A Buyegglass embala meticulosamente cada pacote com grande cuidado para garantir que os seus produtos de vidro cheguem da mesma forma que sa\u00edram das nossas instala\u00e7\u00f5es - intactos! Dito isto, por vezes os acidentes s\u00e3o inevit\u00e1veis. No caso altamente improv\u00e1vel de o(s) seu(s) artigo(s) chegar(em) danificado(s), por favor tire v\u00e1rias fotografias do artigo danificado, da caixa e dos materiais de embalagem e envie-as para <a href=\"https:\/\/buyegglass.com\/pt\/contact\/\" data-type=\"page\" data-id=\"547\">contactar-nos<\/a>. A nossa equipa de servi\u00e7o de apoio ao cliente tratar\u00e1 muito bem de si.<\/p>","protected":false},"excerpt":{"rendered":"<p>Shipping and Processing Window Once your order has been packed and the shipping label printed, you will receive an email from us with your tracking number. Please note that it can take up to 24 hours for the tracking number to activate. Discreet Packaging All orders are packed and shipped in discreet plain boxes. There [&hellip;]<\/p>\n","protected":false},"author":1,"featured_media":0,"parent":0,"menu_order":0,"comment_status":"closed","ping_status":"closed","template":"","meta":{"footnotes":""},"class_list":["post-2202","page","type-page","status-publish","hentry"],"blocksy_meta":{"has_hero_section":"default","styles_descriptor":{"styles":{"desktop":"","tablet":"","mobile":""},"google_fonts":[],"version":6},"vertical_spacing_source":"inherit","content_area_spacing":"both"},"_links":{"self":[{"href":"https:\/\/buyegglass.com\/pt\/wp-json\/wp\/v2\/pages\/2202","targetHints":{"allow":["GET"]}}],"collection":[{"href":"https:\/\/buyegglass.com\/pt\/wp-json\/wp\/v2\/pages"}],"about":[{"href":"https:\/\/buyegglass.com\/pt\/wp-json\/wp\/v2\/types\/page"}],"author":[{"embeddable":true,"href":"https:\/\/buyegglass.com\/pt\/wp-json\/wp\/v2\/users\/1"}],"replies":[{"embeddable":true,"href":"https:\/\/buyegglass.com\/pt\/wp-json\/wp\/v2\/comments?post=2202"}],"version-history":[{"count":0,"href":"https:\/\/buyegglass.com\/pt\/wp-json\/wp\/v2\/pages\/2202\/revisions"}],"wp:attachment":[{"href":"https:\/\/buyegglass.com\/pt\/wp-json\/wp\/v2\/media?parent=2202"}],"curies":[{"name":"wp","href":"https:\/\/api.w.org\/{rel}","templated":true}]}}