{"id":19,"date":"2025-09-11T03:34:48","date_gmt":"2025-09-11T03:34:48","guid":{"rendered":"https:\/\/buyegglass.com\/?page_id=19"},"modified":"2025-10-09T08:27:55","modified_gmt":"2025-10-09T08:27:55","slug":"refund_returns","status":"publish","type":"page","link":"https:\/\/buyegglass.com\/pt\/refund_returns\/","title":{"rendered":"Pol\u00edtica de reembolso e devolu\u00e7\u00e3o"},"content":{"rendered":"<p><b><strong>N\u00e3o aceitamos devolu\u00e7\u00f5es de artigos usados.\u00a0<\/strong>Devido \u00e0 natureza dos produtos que vendemos, n\u00e3o podemos aceitar devolu\u00e7\u00f5es de artigos usados ou consum\u00edveis.<\/b><\/p>\n\n\n\n<p><strong>MAS, faremos tudo o que estiver ao nosso alcance para que a sua encomenda seja correta e o cliente fique satisfeito.<\/strong><\/p>\n\n\n\n<p>Se um produto chegar danificado ou se for identificado um defeito de fabrico, envie uma mensagem de correio eletr\u00f3nico para <a href=\"https:\/\/buyegglass.com\/pt\/contact\/\" data-type=\"page\" data-id=\"547\">contactar-nos<\/a> no prazo de 48 horas ap\u00f3s a rece\u00e7\u00e3o da encomenda. A nossa equipa poder\u00e1 fornecer uma substitui\u00e7\u00e3o ou ajud\u00e1-lo a resgatar uma garantia de fabrico no caso de produtos electr\u00f3nicos defeituosos. Poder\u00e1 ser necess\u00e1ria uma prova fotogr\u00e1fica ou v\u00eddeo da quebra ou do defeito.\u00a0\u00a0<\/p>\n\n\n\n<p><strong><strong>Ao utilizar o nosso s\u00edtio, o utilizador reconhece que compreende e aceita a nossa pol\u00edtica e condi\u00e7\u00f5es de devolu\u00e7\u00e3o.<\/strong><\/strong><\/p>","protected":false},"excerpt":{"rendered":"<p>We do not accept returns of used items.\u00a0Due to the nature of the products we sell, we are unable to accept returns of used or consumable items. BUT, we will do everything else to make your order right and make you happy. If a product arrives damaged or a manufacturing defect is identified, please send [&hellip;]<\/p>\n","protected":false},"author":1,"featured_media":0,"parent":0,"menu_order":0,"comment_status":"closed","ping_status":"closed","template":"","meta":{"footnotes":""},"class_list":["post-19","page","type-page","status-publish","hentry"],"blocksy_meta":[],"_links":{"self":[{"href":"https:\/\/buyegglass.com\/pt\/wp-json\/wp\/v2\/pages\/19","targetHints":{"allow":["GET"]}}],"collection":[{"href":"https:\/\/buyegglass.com\/pt\/wp-json\/wp\/v2\/pages"}],"about":[{"href":"https:\/\/buyegglass.com\/pt\/wp-json\/wp\/v2\/types\/page"}],"author":[{"embeddable":true,"href":"https:\/\/buyegglass.com\/pt\/wp-json\/wp\/v2\/users\/1"}],"replies":[{"embeddable":true,"href":"https:\/\/buyegglass.com\/pt\/wp-json\/wp\/v2\/comments?post=19"}],"version-history":[{"count":0,"href":"https:\/\/buyegglass.com\/pt\/wp-json\/wp\/v2\/pages\/19\/revisions"}],"wp:attachment":[{"href":"https:\/\/buyegglass.com\/pt\/wp-json\/wp\/v2\/media?parent=19"}],"curies":[{"name":"wp","href":"https:\/\/api.w.org\/{rel}","templated":true}]}}