{"id":3992,"date":"2025-10-15T11:41:23","date_gmt":"2025-10-15T11:41:23","guid":{"rendered":"https:\/\/buyegglass.com\/?post_type=product&#038;p=3992"},"modified":"2025-10-15T11:41:23","modified_gmt":"2025-10-15T11:41:23","slug":"custom-eg-22-cactus-drop-solid-color-rig-limited-time-offer","status":"publish","type":"product","link":"https:\/\/buyegglass.com\/fr\/product\/custom-eg-22-cactus-drop-solid-color-rig-limited-time-offer\/","title":{"rendered":"Custom EG-22 Cactus Drop Solid Color Rig Offre limit\u00e9e dans le temps"},"content":{"rendered":"<h2 id=\"personalized-eg-22-cactus-decline-solid-color-gear\">Personnalis\u00e9 EG-22 Cactus Decline Solid Color Gear<\/h2>\n<p>Augmentez votre collection avec le Customized EG-22 Cactus Decrease Solid Color Gear, une offre \u00e0 dur\u00e9e limit\u00e9e qui incorpore une disposition complexe avec des apparences vives. Chaque appareil est fabriqu\u00e9 \u00e0 partir d'un verre transparent de qualit\u00e9 sup\u00e9rieure, avec une base \u00e9vas\u00e9e solide pour la s\u00e9curit\u00e9 et un corps en forme de goutte distinct. La particularit\u00e9 de ces appareils r\u00e9side dans les ornements de cactus en verre \u00e9cologique, sculpt\u00e9s avec soin, qui semblent pousser organiquement autour de la chambre principale, ajoutant une touche unique et naturelle.<\/p>\n<p>Propos\u00e9s avec des accents de couleur unie accrocheurs en rouge audacieux ou en sarcelle paisible, ces engrenages sont dot\u00e9s d'embouts et de points de liaison parfaitement assortis, ainsi que de l'aspect \u00e9l\u00e9gant et distinctif de l'embout en verre transparent qui les compose. La teinte forte de ces accents cr\u00e9e une comparaison frappante avec le verre clair et les cactus \u00e9cologiques, faisant de chaque pi\u00e8ce une v\u00e9ritable d\u00e9claration. Con\u00e7u pour une efficacit\u00e9 optimale, cet appareil fournit une excellente purification et une exp\u00e9rience douce et agr\u00e9able. Parfait pour les passionn\u00e9s et les collectionneurs qui appr\u00e9cient un m\u00e9lange de savoir-faire cr\u00e9atif et de fonctionnalit\u00e9 fiable dans leurs appareils \u00e0 fumer.<\/p>","protected":false},"excerpt":{"rendered":"<p>Discover the Custom EG-22 Cactus Drop Solid Color Rig. This limited edition clear glass rig features green cactus adornments and striking solid red or teal accents on the mouthpiece and banger handle. A visually stunning and high-performing piece.<\/p>","protected":false},"featured_media":3994,"comment_status":"open","ping_status":"closed","template":"","meta":[],"product_brand":[],"product_cat":[15],"product_tag":[410,329,411],"class_list":{"0":"post-3992","1":"product","2":"type-product","3":"status-publish","4":"has-post-thumbnail","6":"product_cat-uncategorized","7":"product_tag-cactus-rig","8":"product_tag-glass-dab-rig","9":"product_tag-solid-color-rig","11":"first","12":"instock","13":"shipping-taxable","14":"purchasable","15":"product-type-variable"},"_links":{"self":[{"href":"https:\/\/buyegglass.com\/fr\/wp-json\/wp\/v2\/product\/3992","targetHints":{"allow":["GET"]}}],"collection":[{"href":"https:\/\/buyegglass.com\/fr\/wp-json\/wp\/v2\/product"}],"about":[{"href":"https:\/\/buyegglass.com\/fr\/wp-json\/wp\/v2\/types\/product"}],"replies":[{"embeddable":true,"href":"https:\/\/buyegglass.com\/fr\/wp-json\/wp\/v2\/comments?post=3992"}],"wp:featuredmedia":[{"embeddable":true,"href":"https:\/\/buyegglass.com\/fr\/wp-json\/wp\/v2\/media\/3994"}],"wp:attachment":[{"href":"https:\/\/buyegglass.com\/fr\/wp-json\/wp\/v2\/media?parent=3992"}],"wp:term":[{"taxonomy":"product_brand","embeddable":true,"href":"https:\/\/buyegglass.com\/fr\/wp-json\/wp\/v2\/product_brand?post=3992"},{"taxonomy":"product_cat","embeddable":true,"href":"https:\/\/buyegglass.com\/fr\/wp-json\/wp\/v2\/product_cat?post=3992"},{"taxonomy":"product_tag","embeddable":true,"href":"https:\/\/buyegglass.com\/fr\/wp-json\/wp\/v2\/product_tag?post=3992"}],"curies":[{"name":"wp","href":"https:\/\/api.w.org\/{rel}","templated":true}]}}