{"id":3986,"date":"2025-10-15T11:36:31","date_gmt":"2025-10-15T11:36:31","guid":{"rendered":"https:\/\/buyegglass.com\/?post_type=product&#038;p=3986"},"modified":"2025-10-15T11:36:31","modified_gmt":"2025-10-15T11:36:31","slug":"custom-eg-21-cactus-wig-wag-ball-rig-limited-time-offer","status":"publish","type":"product","link":"https:\/\/buyegglass.com\/fr\/product\/custom-eg-21-cactus-wig-wag-ball-rig-limited-time-offer\/","title":{"rendered":"Custom EG-21 Cactus Wig Wag Ball Rig Offre \u00e0 dur\u00e9e limit\u00e9e"},"content":{"rendered":"<h2 id=\"custom-made-eg-21-cactus-wig-wag-sphere-rig\">La perruque EG-21 Cactus Wag Sphere Rig faite sur mesure<\/h2>\n<p>D\u00e9couvrez une exp\u00e9rience de fumer des cigarettes absolument unique avec le Custom EG-21 Cactus Wig Wag Sphere Rig, offert pour une p\u00e9riode restreinte ! Ce dispositif en verre extraordinaire attire l'attention avec son design complexe et ses accents vibrants. Chaque appareil comprend une base \u00e9vas\u00e9e en verre clair solide pour la s\u00e9curit\u00e9, menant \u00e0 une chambre ronde sophistiqu\u00e9e \u00e0 motif de perruque. Cette sph\u00e8re principale pr\u00e9sente des tourbillons d'ombre hypnotiques, compl\u00e9t\u00e9s par des accessoires d\u00e9taill\u00e9s de cactus en verre respectueux de l'environnement qui s'enroulent autour d'elle, apportant une touche d'attrait d\u00e9sertique.<\/p>\n<p>Les rigs sont magnifiquement mis en valeur par des accents violets frappants ou jaunes joyeux, que l'on retrouve sur l'embout, les points de connexion et la poign\u00e9e tendance du banger en verre transparent. Le cadre bien con\u00e7u garantit un filtrage optimal et un tirage en douceur. Fabriqu\u00e9s en verre borosilicat\u00e9 de haute qualit\u00e9, ces accessoires ne sont pas seulement esth\u00e9tiques, mais aussi durables. Ils sont parfaits pour les collectionneurs et les fanatiques \u00e0 la recherche d'un chef-d'\u0153uvre fonctionnel qui associe un travail du verre complexe \u00e0 un th\u00e8me fantaisiste.<\/p>","protected":false},"excerpt":{"rendered":"<p>Experience the Custom EG-21 Cactus Wig Wag Ball Rig. This limited edition clear glass rig features a unique wig-wag patterned ball, green cactus adornments, and vibrant purple or yellow accents on the mouthpiece and banger handle. A stunning and functional art piece.<\/p>","protected":false},"featured_media":3989,"comment_status":"open","ping_status":"closed","template":"","meta":[],"product_brand":[],"product_cat":[15],"product_tag":[409,283,408],"class_list":{"0":"post-3986","1":"product","2":"type-product","3":"status-publish","4":"has-post-thumbnail","6":"product_cat-uncategorized","7":"product_tag-ball-rig","8":"product_tag-cactus-glass-rig","9":"product_tag-wig-wag-rig","11":"first","12":"instock","13":"shipping-taxable","14":"purchasable","15":"product-type-variable"},"_links":{"self":[{"href":"https:\/\/buyegglass.com\/fr\/wp-json\/wp\/v2\/product\/3986","targetHints":{"allow":["GET"]}}],"collection":[{"href":"https:\/\/buyegglass.com\/fr\/wp-json\/wp\/v2\/product"}],"about":[{"href":"https:\/\/buyegglass.com\/fr\/wp-json\/wp\/v2\/types\/product"}],"replies":[{"embeddable":true,"href":"https:\/\/buyegglass.com\/fr\/wp-json\/wp\/v2\/comments?post=3986"}],"wp:featuredmedia":[{"embeddable":true,"href":"https:\/\/buyegglass.com\/fr\/wp-json\/wp\/v2\/media\/3989"}],"wp:attachment":[{"href":"https:\/\/buyegglass.com\/fr\/wp-json\/wp\/v2\/media?parent=3986"}],"wp:term":[{"taxonomy":"product_brand","embeddable":true,"href":"https:\/\/buyegglass.com\/fr\/wp-json\/wp\/v2\/product_brand?post=3986"},{"taxonomy":"product_cat","embeddable":true,"href":"https:\/\/buyegglass.com\/fr\/wp-json\/wp\/v2\/product_cat?post=3986"},{"taxonomy":"product_tag","embeddable":true,"href":"https:\/\/buyegglass.com\/fr\/wp-json\/wp\/v2\/product_tag?post=3986"}],"curies":[{"name":"wp","href":"https:\/\/api.w.org\/{rel}","templated":true}]}}