{"id":3962,"date":"2025-10-15T11:17:00","date_gmt":"2025-10-15T11:17:00","guid":{"rendered":"https:\/\/buyegglass.com\/?post_type=product&#038;p=3962"},"modified":"2025-10-15T11:17:00","modified_gmt":"2025-10-15T11:17:00","slug":"bsh12-bonsai-series-cactus-honeycomb-pot-hand-pipe-buy-now","status":"publish","type":"product","link":"https:\/\/buyegglass.com\/fr\/product\/bsh12-bonsai-series-cactus-honeycomb-pot-hand-pipe-buy-now\/","title":{"rendered":"BSH12 Bonsai Series-Cactus Honeycomb Pot Hand Pipe Acheter"},"content":{"rendered":"<h2 id=\"bsh12-bonsai-series-cactus-honeycomb-pot-hand-pipeline\">BSH12 Bonsai Series - Cactus Honeycomb Pot Hand Pipeline<\/h2>\n<p>Apportez une touche de d\u00e9sert \u00e0 votre collection avec la pipe \u00e0 main BSH12 Bonsai Collection Cactus Honeycomb Pot. Ces charmantes pipes \u00e0 main sont ing\u00e9nieusement con\u00e7ues pour ressembler \u00e0 des mini cactus saguaro, avec des corps vivants et \u00e9cologiques et des \"dos\" blancs uniques. Chaque cactus est surmont\u00e9 d'une fleur fragile et color\u00e9e - allant de l'orange chaud au rouge intense - qui apporte une d\u00e9licieuse touche d'ombre. Le cactus repose sur une base de pot unique \u00e0 la texture alv\u00e9ol\u00e9e, disponible dans des tons naturels comme le brun abondant, le gris lisse, la sarcelle profonde et la menthe douce respectueuse de l'environnement. Fabriqu\u00e9es en verre de qualit\u00e9 sup\u00e9rieure, ces pipes ne sont pas seulement fonctionnelles, elles sont \u00e9galement attrayantes. Leur forme ergonomique garantit une prise en main confortable, tandis que les informations complexes en font un objet remarquable. Elles sont parfaites pour les amateurs \u00e0 la recherche d'un objet durable, \u00e0 la mode et permettant d'entamer une conversation sur les cigarettes.<\/p>","protected":false},"excerpt":{"rendered":"<p>Introducing the BSH12 Bonsai Series Cactus Honeycomb Pot Hand Pipe. These delightful glass pipes feature vibrant green cacti with white spines and colorful flowers, set in unique honeycomb-textured pot bases. A fun and stylish addition to any collection.<\/p>","protected":false},"featured_media":3967,"comment_status":"open","ping_status":"closed","template":"","meta":[],"product_brand":[],"product_cat":[43],"product_tag":[162,138,401],"class_list":{"0":"post-3962","1":"product","2":"type-product","3":"status-publish","4":"has-post-thumbnail","6":"product_cat-hand-pipe","7":"product_tag-cactus-pipe","8":"product_tag-glass-hand-pipe","9":"product_tag-honeycomb-pipe","11":"first","12":"instock","13":"shipping-taxable","14":"purchasable","15":"product-type-variable"},"_links":{"self":[{"href":"https:\/\/buyegglass.com\/fr\/wp-json\/wp\/v2\/product\/3962","targetHints":{"allow":["GET"]}}],"collection":[{"href":"https:\/\/buyegglass.com\/fr\/wp-json\/wp\/v2\/product"}],"about":[{"href":"https:\/\/buyegglass.com\/fr\/wp-json\/wp\/v2\/types\/product"}],"replies":[{"embeddable":true,"href":"https:\/\/buyegglass.com\/fr\/wp-json\/wp\/v2\/comments?post=3962"}],"wp:featuredmedia":[{"embeddable":true,"href":"https:\/\/buyegglass.com\/fr\/wp-json\/wp\/v2\/media\/3967"}],"wp:attachment":[{"href":"https:\/\/buyegglass.com\/fr\/wp-json\/wp\/v2\/media?parent=3962"}],"wp:term":[{"taxonomy":"product_brand","embeddable":true,"href":"https:\/\/buyegglass.com\/fr\/wp-json\/wp\/v2\/product_brand?post=3962"},{"taxonomy":"product_cat","embeddable":true,"href":"https:\/\/buyegglass.com\/fr\/wp-json\/wp\/v2\/product_cat?post=3962"},{"taxonomy":"product_tag","embeddable":true,"href":"https:\/\/buyegglass.com\/fr\/wp-json\/wp\/v2\/product_tag?post=3962"}],"curies":[{"name":"wp","href":"https:\/\/api.w.org\/{rel}","templated":true}]}}