{"id":3951,"date":"2025-10-15T11:12:13","date_gmt":"2025-10-15T11:12:13","guid":{"rendered":"https:\/\/buyegglass.com\/?post_type=product&#038;p=3951"},"modified":"2025-10-15T11:12:13","modified_gmt":"2025-10-15T11:12:13","slug":"bonsai-series-cherry-tree-pot-hand-pipe-limited-time-offer","status":"publish","type":"product","link":"https:\/\/buyegglass.com\/fr\/product\/bonsai-series-cherry-tree-pot-hand-pipe-limited-time-offer\/","title":{"rendered":"Bonsai Series-Cherry Tree Pot Hand Pipe Offre limit\u00e9e dans le temps"},"content":{"rendered":"<h2 id=\"bonsai-series-cherry-tree-pot-hand-pipeline\">Bonsai Series - Pot de cerisier Pipeline \u00e0 la main<\/h2>\n<p>Acceptez le style organique avec la pipe \u00e0 main Cherry Tree Pot de Bonsai Collection. Cette magnifique collection offre une exp\u00e9rience distincte de la cigarette, m\u00ealant virtuosit\u00e9 et fonctionnalit\u00e9. Chaque pipe \u00e0 main est minutieusement con\u00e7ue pour ressembler \u00e0 un petit cerisier, avec un \"feuillage\" complexe et distinctif dans des couleurs abondantes comme le rouge vin profond, le brun terreux, le vert riche et le bleu fonc\u00e9, le tout orn\u00e9 de fragiles \"cerises\" rouges. Le tronc de l'arbre se d\u00e9place dans une base lisse, vibrante en forme de pot facilement disponible d'autre part les tons de l'\u00e9cologie l\u00e9g\u00e8re, bleu ciel, blanc croustillant, et le noir classique. Fabriqu\u00e9es en verre de premi\u00e8re qualit\u00e9, ces pipes en version restreinte ne sont pas simplement des accessoires pour fumeurs de cigarettes, mais de v\u00e9ritables objets de collection, destin\u00e9s \u00e0 ceux qui appr\u00e9cient une pr\u00e9sentation distincte et une qualit\u00e9 de fabrication sup\u00e9rieure. Ils constituent un enrichissement remarquable de toute collection ou un cadeau attentionn\u00e9 pour les amoureux.<\/p>","protected":false},"excerpt":{"rendered":"<p>Discover the Bonsai Series Cherry Tree Pot Hand Pipe. This limited edition glass pipe features a detailed cherry tree design with a dark red canopy and a white pot base. A unique and artistic smoking accessory for collectors.<\/p>","protected":false},"featured_media":3952,"comment_status":"open","ping_status":"closed","template":"","meta":[],"product_brand":[],"product_cat":[43],"product_tag":[397,398,138],"class_list":{"0":"post-3951","1":"product","2":"type-product","3":"status-publish","4":"has-post-thumbnail","6":"product_cat-hand-pipe","7":"product_tag-bonsai-pipe","8":"product_tag-cherry-tree-pipe","9":"product_tag-glass-hand-pipe","11":"first","12":"instock","13":"shipping-taxable","14":"purchasable","15":"product-type-variable"},"_links":{"self":[{"href":"https:\/\/buyegglass.com\/fr\/wp-json\/wp\/v2\/product\/3951","targetHints":{"allow":["GET"]}}],"collection":[{"href":"https:\/\/buyegglass.com\/fr\/wp-json\/wp\/v2\/product"}],"about":[{"href":"https:\/\/buyegglass.com\/fr\/wp-json\/wp\/v2\/types\/product"}],"replies":[{"embeddable":true,"href":"https:\/\/buyegglass.com\/fr\/wp-json\/wp\/v2\/comments?post=3951"}],"wp:featuredmedia":[{"embeddable":true,"href":"https:\/\/buyegglass.com\/fr\/wp-json\/wp\/v2\/media\/3952"}],"wp:attachment":[{"href":"https:\/\/buyegglass.com\/fr\/wp-json\/wp\/v2\/media?parent=3951"}],"wp:term":[{"taxonomy":"product_brand","embeddable":true,"href":"https:\/\/buyegglass.com\/fr\/wp-json\/wp\/v2\/product_brand?post=3951"},{"taxonomy":"product_cat","embeddable":true,"href":"https:\/\/buyegglass.com\/fr\/wp-json\/wp\/v2\/product_cat?post=3951"},{"taxonomy":"product_tag","embeddable":true,"href":"https:\/\/buyegglass.com\/fr\/wp-json\/wp\/v2\/product_tag?post=3951"}],"curies":[{"name":"wp","href":"https:\/\/api.w.org\/{rel}","templated":true}]}}