{"id":3727,"date":"2025-09-26T09:30:19","date_gmt":"2025-09-26T09:30:19","guid":{"rendered":"https:\/\/buyegglass.com\/?post_type=product&#038;p=3727"},"modified":"2025-10-10T08:29:20","modified_gmt":"2025-10-10T08:29:20","slug":"es23358a-beaker-bongs-glass-12-inch-clear-unbreakable-beaker","status":"publish","type":"product","link":"https:\/\/buyegglass.com\/fr\/product\/es23358a-beaker-bongs-glass-12-inch-clear-unbreakable-beaker\/","title":{"rendered":"ES23358A Beaker Bongs Glass 12 Inch Clear Unbreakable Beaker"},"content":{"rendered":"<h2>Beaker Bongs ES23358A 12 Inch Clear Glass (verre transparent)<\/h2>\n<p>Le Beaker Bongs ES23358A est un bong traditionnel transparent de 12 pouces con\u00e7u pour la r\u00e9silience, le design et la performance en douceur. Fabriqu\u00e9 en verre borosilicat\u00e9 de premi\u00e8re qualit\u00e9, ce bong offre une r\u00e9sistance exceptionnelle \u00e0 la chaleur et aux chocs, ce qui en fait une option fiable pour une utilisation quotidienne et une collection durable.<\/p>\n<p>La disposition en forme de gobelet am\u00e9liore la stabilit\u00e9, gr\u00e2ce \u00e0 sa large base qui prot\u00e8ge contre le basculement tout en permettant une plus grande capacit\u00e9 d'eau. Cette quantit\u00e9 d'eau suppl\u00e9mentaire permet un filtrage sup\u00e9rieur, refroidissant la fum\u00e9e avec succ\u00e8s et fournissant des cigarettes plus douces et plus propres \u00e0 chaque fois.<\/p>\n<p>Le col droit et l'embout buccal \u00e0 large bord de l'ES23358A garantissent la commodit\u00e9 de l'inspiration, tandis que son corps transparent vous permet de profiter de la circulation esth\u00e9tique de la fum\u00e9e et des bulles au cours de chaque session. Son aspect minimaliste et enti\u00e8rement transparent souligne la qualit\u00e9 de fabrication et lui conf\u00e8re une apparence lisse et professionnelle qui ne se d\u00e9modera jamais.<\/p>\n<p>Attributs<\/p>\n<p>Hauteur : 12 pouces<\/p>\n<p>Verre borosilicat\u00e9 de premi\u00e8re qualit\u00e9 pour le b\u00e2timent et la construction<\/p>\n<p>Base du b\u00e9cher pour une meilleure stabilit\u00e9 et une plus grande capacit\u00e9 d'absorption de l'eau<\/p>\n<p>Col droit avec embouchure large pour plus de confort<\/p>\n<p>Tige descendante pour une diffusion en douceur<\/p>\n<p>Facile \u00e0 nettoyer et \u00e0 conserver<\/p>\n<p>Corps cristallin pour un look contemporain et minimaliste<\/p>\n<p>La tige amovible facilite le nettoyage et am\u00e9liore la diffusion de la fum\u00e9e. Associ\u00e9 \u00e0 la conception robuste du bang, cet attribut fait de l'ES23358A un choix exceptionnel pour les d\u00e9butants comme pour les fumeurs exp\u00e9riment\u00e9s. Sa taille est le parfait \u00e9quilibre entre transportabilit\u00e9 et performance, offrant un succ\u00e8s sans \u00eatre encombrant.<\/p>\n<p>Pour tous ceux qui recherchent un objet durable et simple, le Beaker Bongs ES23358A offre fiabilit\u00e9, robustesse et efficacit\u00e9. Que vous souhaitiez enrichir votre collection ou que vous recherchiez un bang pour tous les jours, ce bang transparent de 12 pouces est un choix solide.<\/p>","protected":false},"excerpt":{"rendered":"<p>The ES23358A Beaker Bong stands 12 inches tall, crafted from clear borosilicate glass for durability. Its classic beaker shape ensures stability, while the simple, unbreakable design delivers smooth, powerful hits. Perfect for everyday use, combining function, strength, and timeless glassware appeal.<\/p>","protected":false},"featured_media":3728,"comment_status":"open","ping_status":"closed","template":"","meta":[],"product_brand":[],"product_cat":[39],"product_tag":[341,226,366],"class_list":{"0":"post-3727","1":"product","2":"type-product","3":"status-publish","4":"has-post-thumbnail","6":"product_cat-beaker-bongs","7":"product_tag-12-inch-bong","8":"product_tag-beaker-bong","9":"product_tag-clear-glass-bong","11":"first","12":"instock","13":"shipping-taxable","14":"purchasable","15":"product-type-variable"},"_links":{"self":[{"href":"https:\/\/buyegglass.com\/fr\/wp-json\/wp\/v2\/product\/3727","targetHints":{"allow":["GET"]}}],"collection":[{"href":"https:\/\/buyegglass.com\/fr\/wp-json\/wp\/v2\/product"}],"about":[{"href":"https:\/\/buyegglass.com\/fr\/wp-json\/wp\/v2\/types\/product"}],"replies":[{"embeddable":true,"href":"https:\/\/buyegglass.com\/fr\/wp-json\/wp\/v2\/comments?post=3727"}],"wp:featuredmedia":[{"embeddable":true,"href":"https:\/\/buyegglass.com\/fr\/wp-json\/wp\/v2\/media\/3728"}],"wp:attachment":[{"href":"https:\/\/buyegglass.com\/fr\/wp-json\/wp\/v2\/media?parent=3727"}],"wp:term":[{"taxonomy":"product_brand","embeddable":true,"href":"https:\/\/buyegglass.com\/fr\/wp-json\/wp\/v2\/product_brand?post=3727"},{"taxonomy":"product_cat","embeddable":true,"href":"https:\/\/buyegglass.com\/fr\/wp-json\/wp\/v2\/product_cat?post=3727"},{"taxonomy":"product_tag","embeddable":true,"href":"https:\/\/buyegglass.com\/fr\/wp-json\/wp\/v2\/product_tag?post=3727"}],"curies":[{"name":"wp","href":"https:\/\/api.w.org\/{rel}","templated":true}]}}