{"id":3641,"date":"2025-09-26T07:54:52","date_gmt":"2025-09-26T07:54:52","guid":{"rendered":"https:\/\/buyegglass.com\/?post_type=product&#038;p=3641"},"modified":"2025-10-10T09:15:30","modified_gmt":"2025-10-10T09:15:30","slug":"eg-97-swiss-perc-bent-neck-dab-rig-glass-same-day-delivery","status":"publish","type":"product","link":"https:\/\/buyegglass.com\/fr\/product\/eg-97-swiss-perc-bent-neck-dab-rig-glass-same-day-delivery\/","title":{"rendered":"EG-97 Swiss Perc Bent Neck Dab Rig Glass livraison le jour m\u00eame"},"content":{"rendered":"<h2>EG-97 Swiss Perc Bent Neck Dab Rig<\/h2>\n<p>Le EG-97 Swiss Perc Bent Neck Bit Rig allie la performance moderne \u00e0 la cr\u00e9ativit\u00e9 du verre. Fabriqu\u00e9e en verre borosilicat\u00e9 de haute qualit\u00e9, cette pi\u00e8ce est con\u00e7ue pour fournir des coups doux et savoureux tout en se distinguant comme un point focal dans toute collection.<\/p>\n<p>L'appareil est dot\u00e9 d'une chambre \u00e0 percussion suisse avec de nombreuses d\u00e9coupes rondes qui am\u00e9liorent non seulement l'apparence mais aussi le flux d'air et la diffusion. Ce style complexe permet \u00e0 la vapeur de passer \u00e0 travers avec une tra\u00een\u00e9e marginale, la refroidissant avec succ\u00e8s pour des attraits plus doux. Son embout coud\u00e9 apporte du confort, arr\u00eate les \u00e9claboussures et cr\u00e9e un angle ergonomique facile \u00e0 utiliser pendant de longues sessions.<\/p>\n<p>\u00c0 la base, la plate-forme est rehauss\u00e9e de teintes vives comme le rouge, la sarcelle, l'orange et l'\u00e9cologique, assurant \u00e0 la fois la s\u00e9curit\u00e9 et la personnalit\u00e9. Les couleurs assorties se poursuivent sur le col et le plat, ce qui uniformise le style tout en permettant aux utilisateurs de choisir le look qui leur convient.<\/p>\n<p>Fonctions<\/p>\n<p>Co\u00fbts construction en verre borosilicat\u00e9<\/p>\n<p>Chambre de percolation suisse avec des ouvertures d\u00e9coup\u00e9es avec pr\u00e9cision pour une diffusion avanc\u00e9e<\/p>\n<p>Embout buccal \u00e0 col recourb\u00e9 pour plus de commodit\u00e9 et pour \u00e9viter les \u00e9claboussures<\/p>\n<p>Base large et stable avec des options de couleurs vibrantes<\/p>\n<p>Flux d'air r\u00e9gulier pour des coups de feu nets et impressionnants<\/p>\n<p>\u00c9l\u00e9vation con\u00e7ue pour \u00eatre transportable et fonctionnelle<\/p>\n<p>Distribution le jour m\u00eame pour une plus grande facilit\u00e9 d'utilisation<\/p>\n<p>Cet appareil ne se contente pas d'\u00eatre beau - il a \u00e9t\u00e9 con\u00e7u pour \u00eatre efficace. Le style de percussion suisse assure une filtration optimale, tandis que la construction robuste le rend digne d'une utilisation quotidienne. Sa taille est suffisamment portable pour \u00eatre g\u00e9r\u00e9e sans effort, mais suffisamment efficace pour fournir d'excellents r\u00e9sultats.<\/p>\n<p>Que vous soyez un dabber exp\u00e9riment\u00e9 ou que vous d\u00e9couvriez les glass rigs, le EG-97 Swiss Perc Bent Neck Dab Rig offre un m\u00e9lange de r\u00e9silience, d'art et de performance en douceur. Avec une livraison le jour m\u00eame, vous pouvez appr\u00e9cier ses avantages aujourd'hui sans attendre.<\/p>","protected":false},"excerpt":{"rendered":"<article class=\"text-token-text-primary w-full focus:outline-none scroll-mt-[calc(var(--header-height)+min(200px,max(70px,20svh)))]\" dir=\"auto\" tabindex=\"-1\" data-turn-id=\"request-WEB:c6d24e59-35f7-476c-b82e-cc847a086b54-96\" data-testid=\"conversation-turn-42\" data-scroll-anchor=\"true\" data-turn=\"assistant\">\n<div class=\"text-base my-auto mx-auto pb-10 [--thread-content-margin:--spacing(4)] thread-sm:[--thread-content-margin:--spacing(6)] thread-lg:[--thread-content-margin:--spacing(16)] px-(--thread-content-margin)\">\n<div class=\"[--thread-content-max-width:40rem] thread-lg:[--thread-content-max-width:48rem] mx-auto max-w-(--thread-content-max-width) flex-1 group\/turn-messages focus-visible:outline-hidden relative flex w-full min-w-0 flex-col agent-turn\" tabindex=\"-1\">\n<div class=\"flex max-w-full flex-col grow\">\n<div class=\"min-h-8 text-message relative flex w-full flex-col items-end gap-2 text-start break-words whitespace-normal [.text-message+&amp;]:mt-5\" dir=\"auto\" data-message-author-role=\"assistant\" data-message-id=\"71519595-e008-4592-b3f6-9c6df47996a3\" data-message-model-slug=\"gpt-5-instant\">\n<div class=\"flex w-full flex-col gap-1 empty:hidden first:pt-[3px]\">\n<div class=\"markdown prose dark:prose-invert w-full break-words light markdown-new-styling\">\n<p data-start=\"0\" data-end=\"286\" data-is-last-node=\"\" data-is-only-node=\"\">EG-97 Swiss Perc Bent Neck Dab Rig is crafted from durable borosilicate glass with a unique Swiss perc chamber, bent neck design, and colorful accents. Offering smooth filtration, stability, and style, this 6.7-inch rig is perfect for clean hits and is available with same-day delivery.<\/p>\n<\/div>\n<\/div>\n<\/div>\n<\/div>\n<\/div>\n<\/div>\n<\/article>\n","protected":false},"featured_media":3645,"comment_status":"open","ping_status":"closed","template":"","meta":[],"product_brand":[],"product_cat":[15],"product_tag":[330,313,329],"class_list":{"0":"post-3641","1":"product","2":"type-product","3":"status-publish","4":"has-post-thumbnail","6":"product_cat-uncategorized","7":"product_tag-bent-neck-rig","8":"product_tag-dab-rig","9":"product_tag-glass-dab-rig","11":"first","12":"instock","13":"shipping-taxable","14":"purchasable","15":"product-type-variable"},"_links":{"self":[{"href":"https:\/\/buyegglass.com\/fr\/wp-json\/wp\/v2\/product\/3641","targetHints":{"allow":["GET"]}}],"collection":[{"href":"https:\/\/buyegglass.com\/fr\/wp-json\/wp\/v2\/product"}],"about":[{"href":"https:\/\/buyegglass.com\/fr\/wp-json\/wp\/v2\/types\/product"}],"replies":[{"embeddable":true,"href":"https:\/\/buyegglass.com\/fr\/wp-json\/wp\/v2\/comments?post=3641"}],"wp:featuredmedia":[{"embeddable":true,"href":"https:\/\/buyegglass.com\/fr\/wp-json\/wp\/v2\/media\/3645"}],"wp:attachment":[{"href":"https:\/\/buyegglass.com\/fr\/wp-json\/wp\/v2\/media?parent=3641"}],"wp:term":[{"taxonomy":"product_brand","embeddable":true,"href":"https:\/\/buyegglass.com\/fr\/wp-json\/wp\/v2\/product_brand?post=3641"},{"taxonomy":"product_cat","embeddable":true,"href":"https:\/\/buyegglass.com\/fr\/wp-json\/wp\/v2\/product_cat?post=3641"},{"taxonomy":"product_tag","embeddable":true,"href":"https:\/\/buyegglass.com\/fr\/wp-json\/wp\/v2\/product_tag?post=3641"}],"curies":[{"name":"wp","href":"https:\/\/api.w.org\/{rel}","templated":true}]}}