{"id":3625,"date":"2025-09-26T07:43:40","date_gmt":"2025-09-26T07:43:40","guid":{"rendered":"https:\/\/buyegglass.com\/?post_type=product&#038;p=3625"},"modified":"2025-10-10T08:27:15","modified_gmt":"2025-10-10T08:27:15","slug":"dab-oil-rigs-eg-96-ufo-dab-rig-borosilicate-glass-buy-6-7in","status":"publish","type":"product","link":"https:\/\/buyegglass.com\/fr\/product\/dab-oil-rigs-eg-96-ufo-dab-rig-borosilicate-glass-buy-6-7in\/","title":{"rendered":"Dab Oil Rigs EG-96 UFO Dab Rig Verre Borosilicate Acheter 6.7in"},"content":{"rendered":"<h2>Dab Oil Rigs EG-96 UFO Dab Gear<\/h2>\n<p>Le Dab Oil Rigs EG-96 UFO Dab Gear offre une efficacit\u00e9 parfaite associ\u00e9e \u00e0 un style vivant. D'une hauteur de 6,7 pouces, cet appareil petit mais attrayant est fabriqu\u00e9 en verre borosilicat\u00e9 de premi\u00e8re qualit\u00e9, ce qui lui conf\u00e8re une r\u00e9sistance et un design inalt\u00e9r\u00e9s.<\/p>\n<p>Le point fort du Dab Oil Rigs EG-96 est son capuchon de chambre en forme d'OVNI vibrant, comprenant des nuances fortes comme l'orange, le vert, le jaune et le rouge. D\u00e9cor\u00e9 d'accents populeux et de bras \"antennes\" tendus, l'\u00e9l\u00e9ment central de l'OVNI cr\u00e9e un aspect excentrique tout en garantissant un cadre solide et pratique. Associ\u00e9 \u00e0 une tige de couleur assortie et \u00e0 une vaste base, cet \u00e9quipement allie l'attrait cr\u00e9atif \u00e0 la fonctionnalit\u00e9 quotidienne.<\/p>\n<p>Attributs<\/p>\n<p>Fabriqu\u00e9 en verre borosilicat\u00e9 durable<\/p>\n<p>Hauteur r\u00e9duite de 6,7 pouces, id\u00e9ale pour le transport<\/p>\n<p>Une chambre unique inspir\u00e9e des ovnis avec des d\u00e9tails ludiques<\/p>\n<p>Options de couleurs vives, notamment orange, rouge, vert et jaune<\/p>\n<p>Base large et solide pour la stabilit\u00e9<\/p>\n<p>Embout angulaire confortable pour des tirages en douceur<\/p>\n<p>Percolation de pr\u00e9cision pour des frappes nettes et impressionnantes<\/p>\n<p>L'efficacit\u00e9 n'est jamais compromise avec l'EG-96. A l'int\u00e9rieur, le percolateur de pr\u00e9cision diffuse et refroidit efficacement la vapeur, fournissant continuellement des bouff\u00e9es douces et savoureuses. L'embout buccal inclin\u00e9 assure le confort tout en minimisant les \u00e9claboussures, et le style UFO ajoute une touche de cr\u00e9ativit\u00e9 \u00e0 chaque session.<\/p>\n<p>Cette plate-forme n'est pas seulement fonctionnelle, c'est aussi une \u0153uvre d'art qui attire l'attention dans n'importe quelle collection. Sa petite taille le rend id\u00e9al pour un usage individuel ou en voyage, tandis que son style audacieux fait qu'il est toujours un sujet de conversation.<\/p>\n<p>Que vous soyez un collectionneur appr\u00e9ciant l'art du verre ou un client quotidien \u00e0 la recherche d'un appareil aussi performant qu'esth\u00e9tique, le Dab Oil Rigs EG-96 UFO Dab Rig offre le meilleur \u00e9quilibre entre la haute qualit\u00e9, la pens\u00e9e cr\u00e9ative et une fonctionnalit\u00e9 sans faille.<\/p>","protected":false},"excerpt":{"rendered":"<p>Dab Oil Rigs EG-96 UFO stands 6.7 inches tall and is crafted from durable borosilicate glass. With a colorful UFO design, sturdy base, and smooth percolation, it delivers clean, cool hits while adding a playful, space-inspired touch to your collection. Perfect for style and performance.<\/p>","protected":false},"featured_media":3632,"comment_status":"open","ping_status":"closed","template":"","meta":[],"product_brand":[],"product_cat":[41],"product_tag":[104,326,327],"class_list":{"0":"post-3625","1":"product","2":"type-product","3":"status-publish","4":"has-post-thumbnail","6":"product_cat-dab-oil-rigs","7":"product_tag-borosilicate-glass","8":"product_tag-dab-oil-rigs-eg-96-ufo","9":"product_tag-ufo-dab-rig","11":"first","12":"instock","13":"shipping-taxable","14":"purchasable","15":"product-type-variable"},"_links":{"self":[{"href":"https:\/\/buyegglass.com\/fr\/wp-json\/wp\/v2\/product\/3625","targetHints":{"allow":["GET"]}}],"collection":[{"href":"https:\/\/buyegglass.com\/fr\/wp-json\/wp\/v2\/product"}],"about":[{"href":"https:\/\/buyegglass.com\/fr\/wp-json\/wp\/v2\/types\/product"}],"replies":[{"embeddable":true,"href":"https:\/\/buyegglass.com\/fr\/wp-json\/wp\/v2\/comments?post=3625"}],"wp:featuredmedia":[{"embeddable":true,"href":"https:\/\/buyegglass.com\/fr\/wp-json\/wp\/v2\/media\/3632"}],"wp:attachment":[{"href":"https:\/\/buyegglass.com\/fr\/wp-json\/wp\/v2\/media?parent=3625"}],"wp:term":[{"taxonomy":"product_brand","embeddable":true,"href":"https:\/\/buyegglass.com\/fr\/wp-json\/wp\/v2\/product_brand?post=3625"},{"taxonomy":"product_cat","embeddable":true,"href":"https:\/\/buyegglass.com\/fr\/wp-json\/wp\/v2\/product_cat?post=3625"},{"taxonomy":"product_tag","embeddable":true,"href":"https:\/\/buyegglass.com\/fr\/wp-json\/wp\/v2\/product_tag?post=3625"}],"curies":[{"name":"wp","href":"https:\/\/api.w.org\/{rel}","templated":true}]}}