{"id":3322,"date":"2025-09-26T03:27:20","date_gmt":"2025-09-26T03:27:20","guid":{"rendered":"https:\/\/buyegglass.com\/?post_type=product&#038;p=3322"},"modified":"2025-10-10T08:24:00","modified_gmt":"2025-10-10T08:24:00","slug":"dab-oil-rigs-borosilicate-glass-solid-cactus-curve-body","status":"publish","type":"product","link":"https:\/\/buyegglass.com\/fr\/product\/dab-oil-rigs-borosilicate-glass-solid-cactus-curve-body\/","title":{"rendered":"Dab Oil Rigs Verre Borosilicate Solid Cactus Curve Body"},"content":{"rendered":"<h2>Dab Oil Rigs Verre Borosilicate Solid Cactus Curve Body<\/h2>\n<p>Le Dab Oil Rigs Borosilicate Glass Strong Cactus Curve Body est une combinaison frappante de virtuosit\u00e9 et d'efficacit\u00e9. Fabriqu\u00e9 en verre borosilicat\u00e9 de premi\u00e8re qualit\u00e9, cet appareil est con\u00e7u pour r\u00e9sister \u00e0 des temp\u00e9ratures \u00e9lev\u00e9es tout en offrant des bouff\u00e9es douces et savoureuses. Sa caract\u00e9ristique principale est le cactus fait \u00e0 la main qui se trouve dans la chambre, ce qui en fait autant un objet d'art \u00e0 collectionner qu'un outil fonctionnel.<\/p>\n<p>Le style imaginatif des cactus<\/p>\n<p>Au c\u0153ur de cet \u00e9quipement se trouve une sculpture de cactus en profondeur log\u00e9e dans un pot de style terre cuite. Les bras dynamiques du cactus, respectueux de l'environnement et agr\u00e9ment\u00e9s de petits accents rouges, apportent une touche d'id\u00e9es d\u00e9sertiques au design. Associ\u00e9 \u00e0 des accents vifs sur l'embout et la base, chaque appareil offre un look \u00e0 la fois fougueux et sophistiqu\u00e9.<\/p>\n<p>Une performance en douceur<\/p>\n<p>La chambre de type b\u00e9cher et le corps incurv\u00e9 durable assurent la stabilit\u00e9 et garantissent une bonne circulation de l'air. L'appareil est con\u00e7u pour offrir un filtrage en douceur \u00e0 chaque utilisation, gr\u00e2ce \u00e0 son syst\u00e8me de percolation de pr\u00e9cision qui d\u00e9compose la fum\u00e9e en fines bulles. Cela garantit une exp\u00e9rience de tamponnage plus fra\u00eeche, plus propre et beaucoup plus agr\u00e9able.<\/p>\n<p>Verre borosilicat\u00e9 de longue dur\u00e9e<\/p>\n<p>Fabriqu\u00e9 en verre borosilicat\u00e9 r\u00e9sistant \u00e0 la chaleur, cet appareil est con\u00e7u pour une utilisation \u00e0 long terme. La structure solide am\u00e9liore non seulement la r\u00e9sistance, mais offre \u00e9galement une vue cristalline de la pi\u00e8ce ma\u00eetresse cr\u00e9ative, ce qui permet aux clients d'appr\u00e9cier \u00e0 la fois le type et la fonction.<\/p>\n<p>Exigences<\/p>\n<p>Produit : Verre borosilicat\u00e9<\/p>\n<p>Disposition : Pi\u00e8ce centrale en cactus massif avec corps en courbe<\/p>\n<p>Caract\u00e9ristiques : Base solide, filtre percolateur<\/p>\n<p>Styles de couleurs d'accentuation : Bleu, vert, violet, rose<\/p>\n<p>Taille : De l'outil au grand mod\u00e8le pour une utilisation quotidienne ou enthousiaste<\/p>\n<p>Le Dab Oil Rigs Borosilicate Glass Solid Cactus Contour Body pr\u00e9sente un \u00e9quilibre id\u00e9al entre la cr\u00e9ativit\u00e9 inspir\u00e9e du d\u00e9sert et les capacit\u00e9s de premi\u00e8re qualit\u00e9, ce qui en fait un article essentiel pour les agences de collecte et les amateurs.<\/p>","protected":false},"excerpt":{"rendered":"<p>The Dab Oil Rigs Borosilicate Glass Solid Cactus Curve Body blends durability and artistry, featuring a hand-blown cactus centerpiece, sturdy curved body, and vibrant accents. Made from heat-resistant borosilicate glass, it delivers smooth hits while standing out as a unique collectible piece.<\/p>","protected":false},"featured_media":3339,"comment_status":"open","ping_status":"closed","template":"","meta":[],"product_brand":[],"product_cat":[41],"product_tag":[284,283,128],"class_list":{"0":"post-3322","1":"product","2":"type-product","3":"status-publish","4":"has-post-thumbnail","6":"product_cat-dab-oil-rigs","7":"product_tag-borosilicate-dab-rig","8":"product_tag-cactus-glass-rig","9":"product_tag-dab-oil-rig","11":"first","12":"instock","13":"shipping-taxable","14":"purchasable","15":"product-type-variable"},"_links":{"self":[{"href":"https:\/\/buyegglass.com\/fr\/wp-json\/wp\/v2\/product\/3322","targetHints":{"allow":["GET"]}}],"collection":[{"href":"https:\/\/buyegglass.com\/fr\/wp-json\/wp\/v2\/product"}],"about":[{"href":"https:\/\/buyegglass.com\/fr\/wp-json\/wp\/v2\/types\/product"}],"replies":[{"embeddable":true,"href":"https:\/\/buyegglass.com\/fr\/wp-json\/wp\/v2\/comments?post=3322"}],"wp:featuredmedia":[{"embeddable":true,"href":"https:\/\/buyegglass.com\/fr\/wp-json\/wp\/v2\/media\/3339"}],"wp:attachment":[{"href":"https:\/\/buyegglass.com\/fr\/wp-json\/wp\/v2\/media?parent=3322"}],"wp:term":[{"taxonomy":"product_brand","embeddable":true,"href":"https:\/\/buyegglass.com\/fr\/wp-json\/wp\/v2\/product_brand?post=3322"},{"taxonomy":"product_cat","embeddable":true,"href":"https:\/\/buyegglass.com\/fr\/wp-json\/wp\/v2\/product_cat?post=3322"},{"taxonomy":"product_tag","embeddable":true,"href":"https:\/\/buyegglass.com\/fr\/wp-json\/wp\/v2\/product_tag?post=3322"}],"curies":[{"name":"wp","href":"https:\/\/api.w.org\/{rel}","templated":true}]}}