{"id":3199,"date":"2025-09-26T01:30:14","date_gmt":"2025-09-26T01:30:14","guid":{"rendered":"https:\/\/buyegglass.com\/?post_type=product&#038;p=3199"},"modified":"2025-10-10T08:16:21","modified_gmt":"2025-10-10T08:16:21","slug":"beaker-bongs-diamond-borosilicate-glass-eg-09-14inch-shop","status":"publish","type":"product","link":"https:\/\/buyegglass.com\/fr\/product\/beaker-bongs-diamond-borosilicate-glass-eg-09-14inch-shop\/","title":{"rendered":"Beaker Bongs Diamond Borosilicate Glass EG-09 14Inch Shop"},"content":{"rendered":"<h2>Beaker Bongs Verre Borosilicate Rubis EG-09 14 Inch<\/h2>\n<p>Le Beaker Bongs Diamond Borosilicate Glass EG-09 offre un \u00e9quilibre parfait entre durabilit\u00e9, style et souplesse. D'une hauteur de 14 pouces, cette pi\u00e8ce est fabriqu\u00e9e en verre borosilicat\u00e9 de premi\u00e8re qualit\u00e9, r\u00e9put\u00e9 pour son endurance et sa r\u00e9sistance aux contraintes thermiques. La base du gobelet offre une s\u00e9curit\u00e9 suppl\u00e9mentaire, garantissant qu'il ne basculera pas rapidement lors de l'utilisation ou du nettoyage.<\/p>\n<p>Le tube sup\u00e9rieur pr\u00e9sente un style gel\u00e9 \u00e0 texture de diamant, ce qui lui conf\u00e8re un aspect \u00e9l\u00e9gant et moderne, tout en am\u00e9liorant l'adh\u00e9rence. Disponible dans de nombreuses teintes telles que le bleu fonc\u00e9, le vert, le noir et le rose, ce bang vous permet d'assortir votre design tout en apportant une touche d'individualit\u00e9 \u00e0 chaque session.<\/p>\n<p>Les caract\u00e9ristiques qui ressortent<\/p>\n<p>Hauteur de 14 pouces, id\u00e9ale pour des dessins fluides et tendance<\/p>\n<p>Verre borosilicat\u00e9 \u00e9pais pour la robustesse et la r\u00e9sistance \u00e0 la chaleur<\/p>\n<p>Large base de b\u00e9cher pour une meilleure stabilit\u00e9 et une plus grande capacit\u00e9 d'eau<\/p>\n<p>Style givr\u00e9 \u00e0 motifs de diamants pour un attrait visuel et une bonne prise en main.<\/p>\n<p>Nombreuses options de couleurs dynamiques<\/p>\n<p>Que vous soyez \u00e0 la recherche d'une pi\u00e8ce fiable pour le quotidien ou d'un objet attrayant \u00e0 ajouter \u00e0 votre collection, l'EG-09 offre \u00e0 la fois efficacit\u00e9 et attrait visuel. La combinaison de la qualit\u00e9 de fabrication et de la praticit\u00e9 en fait un excellent choix pour les fanatiques qui appr\u00e9cient les frappes douces et le design contemporain.<\/p>\n<p>Ce bong \u00e0 gobelet est en outre tr\u00e8s facile \u00e0 nettoyer et \u00e0 conserver, gr\u00e2ce \u00e0 sa construction simple et \u00e0 sa tige amovible. Parfait pour les d\u00e9butants comme pour les personnes exp\u00e9riment\u00e9es, le EG-09 am\u00e9liore votre exp\u00e9rience de fumeur gr\u00e2ce \u00e0 des attraits frais et filtr\u00e9s et \u00e0 un style qui est aussi excellent en main qu'il l'est en apparence.<\/p>\n<p>Apportez chez vous le Beaker Bongs Diamond Borosilicate Glass EG-09 14 Inch et boostez vos sessions avec un m\u00e9lange de force, de style et de performance.<\/p>","protected":false},"excerpt":{"rendered":"<p>Beaker Bongs Diamond Borosilicate Glass EG-09 14 Inch features a sturdy beaker base, frosted diamond-patterned tube, and vibrant color options. Made from durable borosilicate glass, it delivers smooth, cool hits while offering stability, style, and easy cleaning for both new and seasoned users.<\/p>","protected":false},"featured_media":3203,"comment_status":"open","ping_status":"closed","template":"","meta":[],"product_brand":[],"product_cat":[39],"product_tag":[231,226,219],"class_list":{"0":"post-3199","1":"product","2":"type-product","3":"status-publish","4":"has-post-thumbnail","6":"product_cat-beaker-bongs","7":"product_tag-14-inch-bong","8":"product_tag-beaker-bong","9":"product_tag-borosilicate-glass-bong","11":"first","12":"instock","13":"shipping-taxable","14":"purchasable","15":"product-type-variable"},"_links":{"self":[{"href":"https:\/\/buyegglass.com\/fr\/wp-json\/wp\/v2\/product\/3199","targetHints":{"allow":["GET"]}}],"collection":[{"href":"https:\/\/buyegglass.com\/fr\/wp-json\/wp\/v2\/product"}],"about":[{"href":"https:\/\/buyegglass.com\/fr\/wp-json\/wp\/v2\/types\/product"}],"replies":[{"embeddable":true,"href":"https:\/\/buyegglass.com\/fr\/wp-json\/wp\/v2\/comments?post=3199"}],"wp:featuredmedia":[{"embeddable":true,"href":"https:\/\/buyegglass.com\/fr\/wp-json\/wp\/v2\/media\/3203"}],"wp:attachment":[{"href":"https:\/\/buyegglass.com\/fr\/wp-json\/wp\/v2\/media?parent=3199"}],"wp:term":[{"taxonomy":"product_brand","embeddable":true,"href":"https:\/\/buyegglass.com\/fr\/wp-json\/wp\/v2\/product_brand?post=3199"},{"taxonomy":"product_cat","embeddable":true,"href":"https:\/\/buyegglass.com\/fr\/wp-json\/wp\/v2\/product_cat?post=3199"},{"taxonomy":"product_tag","embeddable":true,"href":"https:\/\/buyegglass.com\/fr\/wp-json\/wp\/v2\/product_tag?post=3199"}],"curies":[{"name":"wp","href":"https:\/\/api.w.org\/{rel}","templated":true}]}}