{"id":3002,"date":"2025-09-25T10:25:49","date_gmt":"2025-09-25T10:25:49","guid":{"rendered":"https:\/\/buyegglass.com\/?post_type=product&#038;p=3002"},"modified":"2025-10-10T08:10:53","modified_gmt":"2025-10-10T08:10:53","slug":"beaker-bongs-eg-03-cross-borosilicate-glass-7mm-buy-now","status":"publish","type":"product","link":"https:\/\/buyegglass.com\/fr\/product\/beaker-bongs-eg-03-cross-borosilicate-glass-7mm-buy-now\/","title":{"rendered":"Beaker Bongs EG-03 Cross Borosilicate Glass 7mm Acheter maintenant"},"content":{"rendered":"<h2>Bongs \u00e0 bec EG-03 Croix en verre borosilicat\u00e9 7mm<\/h2>\n<p>Le Beaker Bongs EG-03 Cross Borosilicate Glass 7mm offre \u00e0 la fois r\u00e9sistance et style pour les fumeurs de cigarettes qui appr\u00e9cient l'efficacit\u00e9 et le design. Fabriqu\u00e9 \u00e0 partir de verre borosilicat\u00e9 de 7 mm d'\u00e9paisseur, ce bong \u00e0 gobelet garantit une utilisation durable et une r\u00e9sistance \u00e0 la chaleur. Sa base durable offre une superbe stabilit\u00e9, tandis que le design large du b\u00e9cher permet de r\u00e9aliser des pipes larges et douces avec une purification de l'eau am\u00e9lior\u00e9e.<\/p>\n<p>Cette pi\u00e8ce se distingue par les motifs d\u00e9taill\u00e9s de croix gel\u00e9es grav\u00e9s dans le verre, qui lui conf\u00e8rent un aspect visuel fort et contemporain. Disponible en plusieurs couleurs telles que \u00e9cologique, bleu, noir et rose, ce bang vous permet de choisir un design qui correspond \u00e0 votre personnalit\u00e9 tout en conservant son corps transparent et a\u00e9rodynamique. Les d\u00e9tails gel\u00e9s sur le col et la base \u00e9l\u00e8vent son design au-del\u00e0 d'un bang en verre conventionnel, le rendant aussi attrayant visuellement que pratique.<\/p>\n<p>L'EG-03 est \u00e9quip\u00e9 d'un tube de descente amovible et d'un bol en verre assorti, con\u00e7us pour assurer un flux d'air continu et un nettoyage facile. Son haut col droit permet de r\u00e9duire les \u00e9claboussures, tandis que la possibilit\u00e9 d'ajouter de la glace vous permet d'obtenir des bouff\u00e9es plus fra\u00eeches et plus douces. Que ce soit pour des sessions personnelles ou pour un partage en groupe, ce bong \u00e0 gobelet offre int\u00e9grit\u00e9 et haute qualit\u00e9 \u00e0 chaque fois.<\/p>\n<p>Parfait pour les d\u00e9butants comme pour les fumeurs chevronn\u00e9s, le Beaker Bongs EG-03 Cross Borosilicate Glass 7mm Get Now est le meilleur \u00e9quilibre entre durabilit\u00e9, fonctionnalit\u00e9 et pr\u00e9sentation moderne. Il ne s'agit pas seulement d'un outil pour fumer, mais aussi d'un objet \u00e9l\u00e9gant que vous serez fier de pr\u00e9senter.<\/p>","protected":false},"excerpt":{"rendered":"<p>The Beaker Bongs EG-03 Cross Borosilicate Glass 7mm features thick durable glass, frosted cross patterns, stable base, and color accents. With ice pinch and removable downstem, it delivers smooth, cool hits and stylish design for reliable everyday use.<\/p>","protected":false},"featured_media":3006,"comment_status":"open","ping_status":"closed","template":"","meta":[],"product_brand":[],"product_cat":[39],"product_tag":[226,141,168],"class_list":{"0":"post-3002","1":"product","2":"type-product","3":"status-publish","4":"has-post-thumbnail","6":"product_cat-beaker-bongs","7":"product_tag-beaker-bong","8":"product_tag-borosilicate-bong","9":"product_tag-glass-water-pipe","11":"first","12":"instock","13":"shipping-taxable","14":"purchasable","15":"product-type-variable"},"_links":{"self":[{"href":"https:\/\/buyegglass.com\/fr\/wp-json\/wp\/v2\/product\/3002","targetHints":{"allow":["GET"]}}],"collection":[{"href":"https:\/\/buyegglass.com\/fr\/wp-json\/wp\/v2\/product"}],"about":[{"href":"https:\/\/buyegglass.com\/fr\/wp-json\/wp\/v2\/types\/product"}],"replies":[{"embeddable":true,"href":"https:\/\/buyegglass.com\/fr\/wp-json\/wp\/v2\/comments?post=3002"}],"wp:featuredmedia":[{"embeddable":true,"href":"https:\/\/buyegglass.com\/fr\/wp-json\/wp\/v2\/media\/3006"}],"wp:attachment":[{"href":"https:\/\/buyegglass.com\/fr\/wp-json\/wp\/v2\/media?parent=3002"}],"wp:term":[{"taxonomy":"product_brand","embeddable":true,"href":"https:\/\/buyegglass.com\/fr\/wp-json\/wp\/v2\/product_brand?post=3002"},{"taxonomy":"product_cat","embeddable":true,"href":"https:\/\/buyegglass.com\/fr\/wp-json\/wp\/v2\/product_cat?post=3002"},{"taxonomy":"product_tag","embeddable":true,"href":"https:\/\/buyegglass.com\/fr\/wp-json\/wp\/v2\/product_tag?post=3002"}],"curies":[{"name":"wp","href":"https:\/\/api.w.org\/{rel}","templated":true}]}}