{"id":2966,"date":"2025-09-25T10:13:32","date_gmt":"2025-09-25T10:13:32","guid":{"rendered":"https:\/\/buyegglass.com\/?post_type=product&#038;p=2966"},"modified":"2025-10-10T08:09:23","modified_gmt":"2025-10-10T08:09:23","slug":"beaker-bongs-eg-02-symbols-borosilicate-glass-7mm-buy-now","status":"publish","type":"product","link":"https:\/\/buyegglass.com\/fr\/product\/beaker-bongs-eg-02-symbols-borosilicate-glass-7mm-buy-now\/","title":{"rendered":"Beaker Bongs EG-02 Symboles Verre Borosilicat\u00e9 7mm Acheter maintenant"},"content":{"rendered":"<h2>Bongs \u00e0 gobelets au style symbolique et \u00e0 la durabilit\u00e9<\/h2>\n<p>Le Beaker Bongs EG-02 Symbols Borosilicate Glass 7mm offre un m\u00e9lange frappant de style et d'endurance, con\u00e7u pour les fumeurs de cigarettes qui appr\u00e9cient \u00e0 la fois l'esth\u00e9tique et la performance. Fabriqu\u00e9 en verre borosilicat\u00e9 \u00e9pais de 7 mm, ce bang est con\u00e7u pour r\u00e9sister \u00e0 un usage quotidien tout en fournissant des cigarettes toujours douces.<\/p>\n<p>Ce qui rend cet article sp\u00e9cial, c'est le symbole personnalis\u00e9 qui orne le col et la base. Le design grav\u00e9 n'ajoute pas seulement une touche d'originalit\u00e9, mais offre \u00e9galement une prise en main r\u00e9active qui se sent vraiment en s\u00e9curit\u00e9 dans vos mains. Que vous soyez un nouveau fumeur ou un fanatique chevronn\u00e9, le EG-02 ajoute une touche d'\u00e9l\u00e9gance \u00e0 la disposition conventionnelle du bang \u00e0 bec.<\/p>\n<p>Fonctions du bong \u00e0 gobelet EG-02<\/p>\n<p>Fabriqu\u00e9 en verre borosilicat\u00e9 de 7 mm de qualit\u00e9 sup\u00e9rieure<\/p>\n<p>Symbole grav\u00e9 pour un style moderne et une prise en main s\u00fbre<\/p>\n<p>La large base du gobelet assure une excellente s\u00e9curit\u00e9<\/p>\n<p>Configuration classique de la tige descendante et de la coupelle pour une utilisation et un entretien simples<\/p>\n<p>Disponible dans de nombreuses variations de teintes telles que le bleu, le rose, le noir et le vert.<\/p>\n<p>La performance au service du style<\/p>\n<p>La vaste base du gobelet permet une plus grande chambre \u00e0 eau, ce qui am\u00e9liore la filtration et donne une inhalation plus fra\u00eeche et plus douce. La densit\u00e9 du verre borosilicat\u00e9 garantit la solidit\u00e9 de l'objet, qui r\u00e9siste aux fissures et aux \u00e9clats dus aux manipulations quotidiennes. Les signes grav\u00e9s conf\u00e8rent \u00e0 l'article un aspect moderne qui se d\u00e9marque dans n'importe quel type de collection.<\/p>\n<p>Que vous achetiez votre premier bang ou que vous contribuiez \u00e0 un programme de croissance, le Beaker Bongs EG-02 Symbols Borosilicate Glass 7mm est une excellente s\u00e9lection. Il offre la robustesse dont vous avez besoin avec un style qui rend chaque session plus agr\u00e9able.<\/p>","protected":false},"excerpt":{"rendered":"<p>Beaker Bongs EG-02 Symbols Borosilicate Glass 7mm offers durability with a sturdy base and thick walls. The engraved symbol design adds style, while its clear glass ensures smooth, enjoyable sessions every time. Perfect for users seeking strength, function, and modern aesthetic in one piece.<\/p>","protected":false},"featured_media":2974,"comment_status":"open","ping_status":"closed","template":"","meta":[],"product_brand":[],"product_cat":[39],"product_tag":[222,221,219],"class_list":{"0":"post-2966","1":"product","2":"type-product","3":"status-publish","4":"has-post-thumbnail","6":"product_cat-beaker-bongs","7":"product_tag-7mm-glass-bong","8":"product_tag-beaker-bongs","9":"product_tag-borosilicate-glass-bong","11":"first","12":"instock","13":"shipping-taxable","14":"purchasable","15":"product-type-variable"},"_links":{"self":[{"href":"https:\/\/buyegglass.com\/fr\/wp-json\/wp\/v2\/product\/2966","targetHints":{"allow":["GET"]}}],"collection":[{"href":"https:\/\/buyegglass.com\/fr\/wp-json\/wp\/v2\/product"}],"about":[{"href":"https:\/\/buyegglass.com\/fr\/wp-json\/wp\/v2\/types\/product"}],"replies":[{"embeddable":true,"href":"https:\/\/buyegglass.com\/fr\/wp-json\/wp\/v2\/comments?post=2966"}],"wp:featuredmedia":[{"embeddable":true,"href":"https:\/\/buyegglass.com\/fr\/wp-json\/wp\/v2\/media\/2974"}],"wp:attachment":[{"href":"https:\/\/buyegglass.com\/fr\/wp-json\/wp\/v2\/media?parent=2966"}],"wp:term":[{"taxonomy":"product_brand","embeddable":true,"href":"https:\/\/buyegglass.com\/fr\/wp-json\/wp\/v2\/product_brand?post=2966"},{"taxonomy":"product_cat","embeddable":true,"href":"https:\/\/buyegglass.com\/fr\/wp-json\/wp\/v2\/product_cat?post=2966"},{"taxonomy":"product_tag","embeddable":true,"href":"https:\/\/buyegglass.com\/fr\/wp-json\/wp\/v2\/product_tag?post=2966"}],"curies":[{"name":"wp","href":"https:\/\/api.w.org\/{rel}","templated":true}]}}