{"id":2886,"date":"2025-09-25T09:17:48","date_gmt":"2025-09-25T09:17:48","guid":{"rendered":"https:\/\/buyegglass.com\/?post_type=product&#038;p=2886"},"modified":"2025-10-10T08:27:52","modified_gmt":"2025-10-10T08:27:52","slug":"es2257-dab-oil-rigs-glass-12-inch-bent-neck-klein-oil-rig","status":"publish","type":"product","link":"https:\/\/buyegglass.com\/fr\/product\/es2257-dab-oil-rigs-glass-12-inch-bent-neck-klein-oil-rig\/","title":{"rendered":"ES2257 Dab Oil Rigs Glass 12 Inch Bent Neck Klein Oil Rig"},"content":{"rendered":"<h2>ES2257 Bit Oil Rigs Glass 12 Inch Bent Neck Klein Oil Well<\/h2>\n<p>L'ES2257 Dab Oil Rigs Glass 12 Inch Bent Neck Klein Oil well combine \u00e9l\u00e9gance, capacit\u00e9 et long\u00e9vit\u00e9 pour une exp\u00e9rience extraordinaire de la cigarette. Fabriqu\u00e9 \u00e0 partir de verre borosilicat\u00e9, ce huilier offre une excellente r\u00e9sistance \u00e0 la chaleur tout en conservant un aspect \u00e9pur\u00e9 et clair qui met en valeur sa qualit\u00e9 de fabrication.<\/p>\n<p>Le cou coud\u00e9 n'est pas seulement \u00e0 la mode, il est aussi fonctionnel, aidant \u00e0 pr\u00e9venir les \u00e9claboussures et offrant un angle confortable pour chaque inhalation. Avec une hauteur de 12 pouces, il offre un \u00e9quilibre id\u00e9al entre transportabilit\u00e9 et performance, ce qui en fait un excellent choix pour les sessions \u00e0 domicile et les voyages.<\/p>\n<p>Conception avanc\u00e9e du recycleur Klein<\/p>\n<p>Cette plate-forme p\u00e9troli\u00e8re attire l'attention par son syst\u00e8me de recyclage Klein, con\u00e7u pour des coups de filet en douceur. Le syst\u00e8me recycle continuellement l'eau \u00e0 l'int\u00e9rieur de la chambre, ce qui permet de la maintenir fra\u00eeche et d'arr\u00eater la fum\u00e9e vici\u00e9e. Cela permet de s'assurer que chaque cigarette est refroidie et pleine de saveur, am\u00e9liorant ainsi l'exp\u00e9rience g\u00e9n\u00e9rale du fumeur.<\/p>\n<p>Le percolateur \u00e0 diffusion inclus d\u00e9compose en outre la fum\u00e9e en bulles plus fines, optimisant ainsi le conditionnement et le filtrage de l'air. Il en r\u00e9sulte une inhalation plus douce et plus propre, qui m\u00e9nage la gorge et les poumons.<\/p>\n<p>D\u00e9velopp\u00e9 pour une utilisation quotidienne<\/p>\n<p>Avec l'ES2257, la long\u00e9vit\u00e9 est \u00e0 la hauteur du design. Sa base \u00e9paisse assure la s\u00e9curit\u00e9, r\u00e9duisant le risque de basculement pendant l'utilisation. Les joints de qualit\u00e9 sup\u00e9rieure garantissent un lien prot\u00e9g\u00e9 avec votre banger ou votre bol, tandis que le corps en verre transparent permet de surveiller tr\u00e8s facilement les degr\u00e9s d'eau et de maintenir votre mat\u00e9riel en ordre.<\/p>\n<p>Si vous \u00eates \u00e0 la recherche d'une pi\u00e8ce qui offre une superbe efficacit\u00e9 et un design classique, le Dab Oil Rigs Glass 12 Inch Bent Neck Klein Oil Well est un choix fiable. Son design recycl\u00e9, son flux d'air fluide et sa forme ergonomique en font un must pour les fanatiques qui recherchent \u00e0 la fois le type et la fonction.<\/p>","protected":false},"excerpt":{"rendered":"<p>Crafted from durable borosilicate glass, the ES2257 Dab Oil Rigs 12 Inch Bent Neck Klein Oil Rig features a sleek design with precision Klein incycler for smooth hits. The bent neck ensures comfort while the sturdy base provides stability. Perfect for both beginners and experienced users.<\/p>","protected":false},"featured_media":2891,"comment_status":"open","ping_status":"closed","template":"","meta":[],"product_brand":[],"product_cat":[41],"product_tag":[155,204,205],"class_list":{"0":"post-2886","1":"product","2":"type-product","3":"status-publish","4":"has-post-thumbnail","6":"product_cat-dab-oil-rigs","7":"product_tag-dab-oil-rigs","8":"product_tag-glass-oil-rig","9":"product_tag-klein-recycler-rig","11":"first","12":"instock","13":"shipping-taxable","14":"purchasable","15":"product-type-variable"},"_links":{"self":[{"href":"https:\/\/buyegglass.com\/fr\/wp-json\/wp\/v2\/product\/2886","targetHints":{"allow":["GET"]}}],"collection":[{"href":"https:\/\/buyegglass.com\/fr\/wp-json\/wp\/v2\/product"}],"about":[{"href":"https:\/\/buyegglass.com\/fr\/wp-json\/wp\/v2\/types\/product"}],"replies":[{"embeddable":true,"href":"https:\/\/buyegglass.com\/fr\/wp-json\/wp\/v2\/comments?post=2886"}],"wp:featuredmedia":[{"embeddable":true,"href":"https:\/\/buyegglass.com\/fr\/wp-json\/wp\/v2\/media\/2891"}],"wp:attachment":[{"href":"https:\/\/buyegglass.com\/fr\/wp-json\/wp\/v2\/media?parent=2886"}],"wp:term":[{"taxonomy":"product_brand","embeddable":true,"href":"https:\/\/buyegglass.com\/fr\/wp-json\/wp\/v2\/product_brand?post=2886"},{"taxonomy":"product_cat","embeddable":true,"href":"https:\/\/buyegglass.com\/fr\/wp-json\/wp\/v2\/product_cat?post=2886"},{"taxonomy":"product_tag","embeddable":true,"href":"https:\/\/buyegglass.com\/fr\/wp-json\/wp\/v2\/product_tag?post=2886"}],"curies":[{"name":"wp","href":"https:\/\/api.w.org\/{rel}","templated":true}]}}